{"id":390561,"date":"2025-05-18T21:59:57","date_gmt":"2025-05-18T21:59:57","guid":{"rendered":"https:\/\/staging2.stylingagenten.com\/no\/produkt\/babyliss-hairdryer-travel-dry-2000-5344e\/"},"modified":"2026-02-25T17:05:31","modified_gmt":"2026-02-25T17:05:31","slug":"babyliss-hairdryer-travel-dry-2000-5344e","status":"publish","type":"product","link":"https:\/\/stylingagenten.com\/no\/produkt\/babyliss-hairdryer-travel-dry-2000-5344e\/","title":{"rendered":"Babyliss Hairdryer &#8211; Travel Dry 2000 5344E"},"content":{"rendered":"<p><strong>T\u00f8rk h\u00e5ret raskt uansett hvor du er<br \/>&nbsp;<\/strong><br \/>&nbsp;En kompakt h\u00e5rf\u00f8ner med 2000 W effekt og omskiftbar spenning som t\u00f8rker h\u00e5ret raskt b\u00e5de hjemme og borte .<\/p>\n<p>&nbsp;Lett \u00e5 holde og sammenleggbart h\u00e5ndtak som gj\u00f8r den liten nok til \u00e5 passe i v\u00e6sken og t\u00f8rr. med en perfekt reisef\u00f8lge.<\/p>\n<p>&nbsp;&#8211; 2000 W<br \/>&nbsp; &#8211; 2 varme-\/hastighetsgener<br \/>&nbsp;&#8211; Smal dyse<br \/>&nbsp;&#8211; Sammenleggbart h\u00e5ndtak<br \/>&nbsp;&#8211; Lav vekt<br \/>&nbsp;&#8211; Kompakt<br \/>&nbsp;&#8211; Byttbar spenning<br \/>&nbsp; &#8211; 3 &aring; \u00e5rs garanti<\/p>\n","protected":false},"excerpt":{"rendered":"<p>T\u00f8rk h\u00e5ret raskt uansett hvor du er&nbsp;&nbsp;En kompakt h\u00e5rf\u00f8ner med 2000 W effekt og omskiftbar spenning som t\u00f8rker h\u00e5ret raskt b\u00e5de hjemme og borte . &nbsp;Lett \u00e5 holde og sammenleggbart h\u00e5ndtak som gj\u00f8r den liten nok til \u00e5 passe i v\u00e6sken og t\u00f8rr. med en perfekt reisef\u00f8lge. &nbsp;&#8211; 2000 W&nbsp; &#8211; 2 varme-\/hastighetsgener&nbsp;&#8211; Smal dyse&nbsp;&#8211; [&hellip;]<\/p>\n","protected":false},"featured_media":390556,"comment_status":"open","ping_status":"closed","template":"","meta":{"_trash_the_other_posts":false},"product_brand":[],"product_cat":[612],"product_tag":[],"berocket_brand":[1166],"class_list":{"0":"post-390561","1":"product","2":"type-product","3":"status-publish","4":"has-post-thumbnail","6":"product_cat-harfon","7":"pa_brand-babyliss","8":"berocket_brand-babyliss","10":"first","11":"instock","12":"sale","13":"taxable","14":"shipping-taxable","15":"purchasable","16":"product-type-simple"},"_links":{"self":[{"href":"https:\/\/stylingagenten.com\/no\/wp-json\/wp\/v2\/product\/390561","targetHints":{"allow":["GET"]}}],"collection":[{"href":"https:\/\/stylingagenten.com\/no\/wp-json\/wp\/v2\/product"}],"about":[{"href":"https:\/\/stylingagenten.com\/no\/wp-json\/wp\/v2\/types\/product"}],"replies":[{"embeddable":true,"href":"https:\/\/stylingagenten.com\/no\/wp-json\/wp\/v2\/comments?post=390561"}],"version-history":[{"count":0,"href":"https:\/\/stylingagenten.com\/no\/wp-json\/wp\/v2\/product\/390561\/revisions"}],"wp:featuredmedia":[{"embeddable":true,"href":"https:\/\/stylingagenten.com\/no\/wp-json\/wp\/v2\/media\/390556"}],"wp:attachment":[{"href":"https:\/\/stylingagenten.com\/no\/wp-json\/wp\/v2\/media?parent=390561"}],"wp:term":[{"taxonomy":"product_brand","embeddable":true,"href":"https:\/\/stylingagenten.com\/no\/wp-json\/wp\/v2\/product_brand?post=390561"},{"taxonomy":"product_cat","embeddable":true,"href":"https:\/\/stylingagenten.com\/no\/wp-json\/wp\/v2\/product_cat?post=390561"},{"taxonomy":"product_tag","embeddable":true,"href":"https:\/\/stylingagenten.com\/no\/wp-json\/wp\/v2\/product_tag?post=390561"},{"taxonomy":"berocket_brand","embeddable":true,"href":"https:\/\/stylingagenten.com\/no\/wp-json\/wp\/v2\/berocket_brand?post=390561"}],"curies":[{"name":"wp","href":"https:\/\/api.w.org\/{rel}","templated":true}]}}