{"id":390554,"date":"2025-05-18T21:59:55","date_gmt":"2025-05-18T21:59:55","guid":{"rendered":"https:\/\/staging2.stylingagenten.com\/no\/produkt\/ga-ma-keration-line-hairdryer-gh3537\/"},"modified":"2026-03-16T09:13:42","modified_gmt":"2026-03-16T09:13:42","slug":"ga-ma-keration-line-hairdryer-gh3537","status":"publish","type":"product","link":"https:\/\/stylingagenten.com\/no\/produkt\/ga-ma-keration-line-hairdryer-gh3537\/","title":{"rendered":"GA.MA Keration Line Hairdryer GH3537"},"content":{"rendered":"<p>Denne innovative h\u00e5nden bruker ION PLUS-teknologi der ioneinnholdet er opptil 80 % h\u00f8yere enn andre ionesystemer, noe som hjelper til med \u00e5 gjenoppbygge h\u00e5ret; den molekyl\u00e6re strukturen til h\u00e5ret Dette eliminerer krus og bidrar til \u00e5 holde h\u00e5ret skinnende og sunt samtidig som det beskytter h\u00e5rets naturlige keratin.&nbsp;<\/p>\n<p>2300 W<br \/>3D Therapy Ultra Ion: &Aring;gjenoppbygger h\u00e5rets molekyl\u00e6re struktur uten krus.<br \/>Dyse og diffusor inkludert.<br \/>6 kombinasjoner med 2 hastigheter og 3 temperaturer.<\/p>\n","protected":false},"excerpt":{"rendered":"<p>Denne innovative h\u00e5nden bruker ION PLUS-teknologi der ioneinnholdet er opptil 80 % h\u00f8yere enn andre ionesystemer, noe som hjelper til med \u00e5 gjenoppbygge h\u00e5ret; den molekyl\u00e6re strukturen til h\u00e5ret Dette eliminerer krus og bidrar til \u00e5 holde h\u00e5ret skinnende og sunt samtidig som det beskytter h\u00e5rets naturlige keratin.&nbsp; 2300 W3D Therapy Ultra Ion: &Aring;gjenoppbygger h\u00e5rets [&hellip;]<\/p>\n","protected":false},"featured_media":390553,"comment_status":"open","ping_status":"closed","template":"","meta":{"_trash_the_other_posts":false},"product_brand":[],"product_cat":[612],"product_tag":[],"berocket_brand":[1320],"class_list":{"0":"post-390554","1":"product","2":"type-product","3":"status-publish","4":"has-post-thumbnail","6":"product_cat-harfon","7":"pa_brand-gama","8":"berocket_brand-gama","10":"first","11":"instock","12":"sale","13":"taxable","14":"shipping-taxable","15":"purchasable","16":"product-type-simple"},"_links":{"self":[{"href":"https:\/\/stylingagenten.com\/no\/wp-json\/wp\/v2\/product\/390554","targetHints":{"allow":["GET"]}}],"collection":[{"href":"https:\/\/stylingagenten.com\/no\/wp-json\/wp\/v2\/product"}],"about":[{"href":"https:\/\/stylingagenten.com\/no\/wp-json\/wp\/v2\/types\/product"}],"replies":[{"embeddable":true,"href":"https:\/\/stylingagenten.com\/no\/wp-json\/wp\/v2\/comments?post=390554"}],"version-history":[{"count":0,"href":"https:\/\/stylingagenten.com\/no\/wp-json\/wp\/v2\/product\/390554\/revisions"}],"wp:featuredmedia":[{"embeddable":true,"href":"https:\/\/stylingagenten.com\/no\/wp-json\/wp\/v2\/media\/390553"}],"wp:attachment":[{"href":"https:\/\/stylingagenten.com\/no\/wp-json\/wp\/v2\/media?parent=390554"}],"wp:term":[{"taxonomy":"product_brand","embeddable":true,"href":"https:\/\/stylingagenten.com\/no\/wp-json\/wp\/v2\/product_brand?post=390554"},{"taxonomy":"product_cat","embeddable":true,"href":"https:\/\/stylingagenten.com\/no\/wp-json\/wp\/v2\/product_cat?post=390554"},{"taxonomy":"product_tag","embeddable":true,"href":"https:\/\/stylingagenten.com\/no\/wp-json\/wp\/v2\/product_tag?post=390554"},{"taxonomy":"berocket_brand","embeddable":true,"href":"https:\/\/stylingagenten.com\/no\/wp-json\/wp\/v2\/berocket_brand?post=390554"}],"curies":[{"name":"wp","href":"https:\/\/api.w.org\/{rel}","templated":true}]}}