{"id":390550,"date":"2025-05-18T21:59:54","date_gmt":"2025-05-18T21:59:54","guid":{"rendered":"https:\/\/staging2.stylingagenten.com\/no\/produkt\/wahl-hair-dryer-super-dry\/"},"modified":"2026-03-30T07:30:34","modified_gmt":"2026-03-30T07:30:34","slug":"wahl-hair-dryer-super-dry","status":"publish","type":"product","link":"https:\/\/stylingagenten.com\/no\/produkt\/wahl-hair-dryer-super-dry\/","title":{"rendered":"Wahl Hair dryer SUPER DRY"},"content":{"rendered":"<p>Wahl SuperDry 2000W er en sterk vifte for rask t\u00f8rking og styling. H\u00e5rf\u00f8neren har 2 hastigheter, 3 varme med separat kaldknapp. Kraftig AC-motor med lang levetid. Med moderne turmalinteknologi som genererer negative ioner og med mild infrar\u00f8d varme.<\/p>\n<ul>\n<li>Kraftig 2000W AC-motor med turmalinteknologi for en jevn, sunnere finish.<\/li>\n<li>2 dyser, en smal en for direkte varme og en bredere for st\u00f8rre luftstr\u00f8m.<\/li>\n<li>3 varmeinnstillinger og 2 hastighetsinnstillinger og en coldshot-knapp for \u00e5 l\u00e5se stilen<\/li>\n<li>Sang med lavt volum; og et ergonomisk h\u00e5ndtak som gir deg balanse og kontroll<\/li>\n<\/ul>\n","protected":false},"excerpt":{"rendered":"<p>Wahl SuperDry 2000W er en sterk vifte for rask t\u00f8rking og styling. H\u00e5rf\u00f8neren har 2 hastigheter, 3 varme med separat kaldknapp. Kraftig AC-motor med lang levetid. Med moderne turmalinteknologi som genererer negative ioner og med mild infrar\u00f8d varme. Kraftig 2000W AC-motor med turmalinteknologi for en jevn, sunnere finish. 2 dyser, en smal en for direkte [&hellip;]<\/p>\n","protected":false},"featured_media":390549,"comment_status":"open","ping_status":"closed","template":"","meta":{"_trash_the_other_posts":false},"product_brand":[],"product_cat":[1003,612],"product_tag":[],"berocket_brand":[1145],"class_list":{"0":"post-390550","1":"product","2":"type-product","3":"status-publish","4":"has-post-thumbnail","6":"product_cat-bestselgere","7":"product_cat-harfon","8":"pa_brand-wahl","9":"berocket_brand-wahl","11":"first","12":"instock","13":"sale","14":"taxable","15":"shipping-taxable","16":"purchasable","17":"product-type-simple"},"_links":{"self":[{"href":"https:\/\/stylingagenten.com\/no\/wp-json\/wp\/v2\/product\/390550","targetHints":{"allow":["GET"]}}],"collection":[{"href":"https:\/\/stylingagenten.com\/no\/wp-json\/wp\/v2\/product"}],"about":[{"href":"https:\/\/stylingagenten.com\/no\/wp-json\/wp\/v2\/types\/product"}],"replies":[{"embeddable":true,"href":"https:\/\/stylingagenten.com\/no\/wp-json\/wp\/v2\/comments?post=390550"}],"version-history":[{"count":0,"href":"https:\/\/stylingagenten.com\/no\/wp-json\/wp\/v2\/product\/390550\/revisions"}],"wp:featuredmedia":[{"embeddable":true,"href":"https:\/\/stylingagenten.com\/no\/wp-json\/wp\/v2\/media\/390549"}],"wp:attachment":[{"href":"https:\/\/stylingagenten.com\/no\/wp-json\/wp\/v2\/media?parent=390550"}],"wp:term":[{"taxonomy":"product_brand","embeddable":true,"href":"https:\/\/stylingagenten.com\/no\/wp-json\/wp\/v2\/product_brand?post=390550"},{"taxonomy":"product_cat","embeddable":true,"href":"https:\/\/stylingagenten.com\/no\/wp-json\/wp\/v2\/product_cat?post=390550"},{"taxonomy":"product_tag","embeddable":true,"href":"https:\/\/stylingagenten.com\/no\/wp-json\/wp\/v2\/product_tag?post=390550"},{"taxonomy":"berocket_brand","embeddable":true,"href":"https:\/\/stylingagenten.com\/no\/wp-json\/wp\/v2\/berocket_brand?post=390550"}],"curies":[{"name":"wp","href":"https:\/\/api.w.org\/{rel}","templated":true}]}}