{"id":390540,"date":"2025-05-18T21:59:52","date_gmt":"2025-05-18T21:59:52","guid":{"rendered":"https:\/\/staging2.stylingagenten.com\/no\/produkt\/remington-supercare-pro-2200-ac-hairdryer\/"},"modified":"2026-03-20T14:03:34","modified_gmt":"2026-03-20T14:03:34","slug":"remington-supercare-pro-2200-ac-hairdryer","status":"publish","type":"product","link":"https:\/\/stylingagenten.com\/no\/produkt\/remington-supercare-pro-2200-ac-hairdryer\/","title":{"rendered":"Remington Supercare PRO 2200 AC Hairdryer"},"content":{"rendered":"<p>SUPERCARE PRO 2200 AC H\u00c5RT\u00d8RKER: AC7200<\/p>\n<p>F\u00f8nt h\u00e5ret mens du pleier det. SuperCare Pro 2200 har en 2200 Watt AC-motor som gir rask og kraftig t\u00f8rking og en Supercare-innstilling som lar deg f\u00f8ne h\u00e5ret ved en lavere temperatur som er sk\u00e5nsommere mot h\u00e5ret. <br \/>Det keramiske gitteret med ionisering fordeler varmen jevnt over h\u00e5ret og har en antistatisk effekt, og gir deg frizzfritt h\u00e5r. Skreddersy stylingen til h\u00e5ret ditt, velg mellom 3 varme- og to hastighetsinnstillinger og ekte kald luft n\u00e5r du vil fikse frisyren. Med de tre medf\u00f8lgende h\u00e5rf\u00f8nerdysene kan du enkelt lage den frisyren du \u00f8nsker. Med det tynne 7 mm munnstykket kan du fokusere luften dit du vil og med det hurtigt\u00f8rkende 11 mm tynne munnstykket f\u00e5r du t\u00f8rt h\u00e5r p\u00e5 kort tid. Hvis du har kr\u00f8llete h\u00e5r, er diffusormunnstykket verkt\u00f8yet for deg, forbedrer dine naturlige kr\u00f8ller og f\u00e5r ekstra volum uten problemer. <\/p>\n<p>Supercare-innstilling<br \/>Ta vare p\u00e5 h\u00e5ret mens du t\u00f8rker det, takket v\u00e6re Supercare-innstillingen kan du effektivt t\u00f8rke h\u00e5ret ved en temperatur som er mer sk\u00e5nsom mot h\u00e5ret. <\/p>\n<p>Rask og effektiv<br \/>Opplev rask og kraftig t\u00f8rking, denne h\u00e5rf\u00f8neren er utstyrt med en AC-motor av salongkvalitet. Motoren p\u00e5 2200 watt har b\u00e5de lang levetid og en kraftig luftstr\u00f8m p\u00e5 130 km\/t skinnende, krusfritt h\u00e5r hver gang. <\/p>\n<p>Funksjoner<br \/>\u2022Supercare-innstilling &#8211; Hurtigt\u00f8rkende ved en sunnere temperatur<br \/>\u2022AC-motor p\u00e5 2200 watt &#8211; Luftstr\u00f8m: 130 km\/t <br \/>\u2022Keramisk belagt gitter for jevn varmefordeling<br \/>\u2022 2x flere ioner* for et blankt og krusfritt resultat<br \/>\u2022Lett og kompakt design for komfortabel styling<br \/>\u20223 varme- og 2 hastighetsinnstillinger<br \/>\u2022Ekte kald luft<br \/>\u20223 dyser:<br \/>o7 mm stylingmunnstykke for ekstra fokus<br \/>o11 mm hurtigt\u00f8rkende munnstykke<br \/>oDiffuser<br \/>\u2022Avtakbar bakgrill for enkel rengj\u00f8ring<br \/>\u2022Hengl\u00f8kke for praktisk oppbevaring<br \/>\u20223 meter lang ledning<br \/> \u20225 \u00e5rs garanti + 1 \u00e5r ved registrering online p\u00e5 https:\/\/se.remington-europe.com\/produktregistrering<br \/>*Superior Ionic Conditioning &#8211; 2x flere ioner sammenlignet med en standard Remington h\u00e5rf\u00f8ner<\/p>\n","protected":false},"excerpt":{"rendered":"<p>SUPERCARE PRO 2200 AC H\u00c5RT\u00d8RKER: AC7200 F\u00f8nt h\u00e5ret mens du pleier det. SuperCare Pro 2200 har en 2200 Watt AC-motor som gir rask og kraftig t\u00f8rking og en Supercare-innstilling som lar deg f\u00f8ne h\u00e5ret ved en lavere temperatur som er sk\u00e5nsommere mot h\u00e5ret. Det keramiske gitteret med ionisering fordeler varmen jevnt over h\u00e5ret og har [&hellip;]<\/p>\n","protected":false},"featured_media":390523,"comment_status":"open","ping_status":"closed","template":"","meta":{"_trash_the_other_posts":false},"product_brand":[],"product_cat":[612],"product_tag":[],"berocket_brand":[1272],"class_list":{"0":"post-390540","1":"product","2":"type-product","3":"status-publish","4":"has-post-thumbnail","6":"product_cat-harfon","7":"pa_brand-remington","8":"berocket_brand-remington","10":"first","11":"instock","12":"taxable","13":"shipping-taxable","14":"purchasable","15":"product-type-simple"},"_links":{"self":[{"href":"https:\/\/stylingagenten.com\/no\/wp-json\/wp\/v2\/product\/390540","targetHints":{"allow":["GET"]}}],"collection":[{"href":"https:\/\/stylingagenten.com\/no\/wp-json\/wp\/v2\/product"}],"about":[{"href":"https:\/\/stylingagenten.com\/no\/wp-json\/wp\/v2\/types\/product"}],"replies":[{"embeddable":true,"href":"https:\/\/stylingagenten.com\/no\/wp-json\/wp\/v2\/comments?post=390540"}],"version-history":[{"count":0,"href":"https:\/\/stylingagenten.com\/no\/wp-json\/wp\/v2\/product\/390540\/revisions"}],"wp:featuredmedia":[{"embeddable":true,"href":"https:\/\/stylingagenten.com\/no\/wp-json\/wp\/v2\/media\/390523"}],"wp:attachment":[{"href":"https:\/\/stylingagenten.com\/no\/wp-json\/wp\/v2\/media?parent=390540"}],"wp:term":[{"taxonomy":"product_brand","embeddable":true,"href":"https:\/\/stylingagenten.com\/no\/wp-json\/wp\/v2\/product_brand?post=390540"},{"taxonomy":"product_cat","embeddable":true,"href":"https:\/\/stylingagenten.com\/no\/wp-json\/wp\/v2\/product_cat?post=390540"},{"taxonomy":"product_tag","embeddable":true,"href":"https:\/\/stylingagenten.com\/no\/wp-json\/wp\/v2\/product_tag?post=390540"},{"taxonomy":"berocket_brand","embeddable":true,"href":"https:\/\/stylingagenten.com\/no\/wp-json\/wp\/v2\/berocket_brand?post=390540"}],"curies":[{"name":"wp","href":"https:\/\/api.w.org\/{rel}","templated":true}]}}