{"id":390518,"date":"2025-05-18T21:59:47","date_gmt":"2025-05-18T21:59:47","guid":{"rendered":"https:\/\/staging2.stylingagenten.com\/no\/produkt\/remington-compact-dryer-2000w\/"},"modified":"2026-04-09T05:38:33","modified_gmt":"2026-04-09T05:38:33","slug":"remington-compact-dryer-2000w","status":"publish","type":"product","link":"https:\/\/stylingagenten.com\/no\/produkt\/remington-compact-dryer-2000w\/","title":{"rendered":"Remington Compact Dryer 2000W"},"content":{"rendered":"<p>N\u00e5 kan du lage din favorittstil uansett hvor du er takket v\u00e6re v\u00e5r On The Go Compact Dryer 2000, din perfekte reisef\u00f8lge.<br \/>V\u00e5r spesialutviklede kompakte h\u00e5rf\u00f8ner er utstyrt med et sammenleggbart h\u00e5ndtak og avtagbar diffuser som gj\u00f8r den ideell for \u00e5 passe inn i alle bag.<\/p>\n<p>Med to varmeinnstillinger og hele 2000 watt kan du stole p\u00e5 at denne lille helten hjelper deg med \u00e5 lage vakre frisyrer hvor som helst, n\u00e5r som helst. <\/p>\n<p>\u2022 2000 watt kompakt h\u00e5rf\u00f8ner<br \/>\u2022 2 varme- og hastighetsinnstillinger<br \/>\u2022 Sammenleggbart h\u00e5ndtak for enkel oppbevaring<br \/>\u2022 Konsentrator<br \/>\u2022 Kompakt diffusor<br \/>\u2022 Hengel\u00f8kke<br \/> \u2022 1,8 meter lang ledning<br \/>\u2022 Avtakbar bakgrill for enkel rengj\u00f8ring<br \/>\u2022 Spenningskonvertering for hele verden<\/p>\n","protected":false},"excerpt":{"rendered":"<p>N\u00e5 kan du lage din favorittstil uansett hvor du er takket v\u00e6re v\u00e5r On The Go Compact Dryer 2000, din perfekte reisef\u00f8lge.V\u00e5r spesialutviklede kompakte h\u00e5rf\u00f8ner er utstyrt med et sammenleggbart h\u00e5ndtak og avtagbar diffuser som gj\u00f8r den ideell for \u00e5 passe inn i alle bag. Med to varmeinnstillinger og hele 2000 watt kan du stole [&hellip;]<\/p>\n","protected":false},"featured_media":390503,"comment_status":"open","ping_status":"closed","template":"","meta":{"_trash_the_other_posts":false},"product_brand":[],"product_cat":[612],"product_tag":[],"berocket_brand":[1272],"class_list":{"0":"post-390518","1":"product","2":"type-product","3":"status-publish","4":"has-post-thumbnail","6":"product_cat-harfon","7":"pa_brand-remington","8":"berocket_brand-remington","10":"first","11":"instock","12":"taxable","13":"shipping-taxable","14":"purchasable","15":"product-type-simple"},"_links":{"self":[{"href":"https:\/\/stylingagenten.com\/no\/wp-json\/wp\/v2\/product\/390518","targetHints":{"allow":["GET"]}}],"collection":[{"href":"https:\/\/stylingagenten.com\/no\/wp-json\/wp\/v2\/product"}],"about":[{"href":"https:\/\/stylingagenten.com\/no\/wp-json\/wp\/v2\/types\/product"}],"replies":[{"embeddable":true,"href":"https:\/\/stylingagenten.com\/no\/wp-json\/wp\/v2\/comments?post=390518"}],"version-history":[{"count":0,"href":"https:\/\/stylingagenten.com\/no\/wp-json\/wp\/v2\/product\/390518\/revisions"}],"wp:featuredmedia":[{"embeddable":true,"href":"https:\/\/stylingagenten.com\/no\/wp-json\/wp\/v2\/media\/390503"}],"wp:attachment":[{"href":"https:\/\/stylingagenten.com\/no\/wp-json\/wp\/v2\/media?parent=390518"}],"wp:term":[{"taxonomy":"product_brand","embeddable":true,"href":"https:\/\/stylingagenten.com\/no\/wp-json\/wp\/v2\/product_brand?post=390518"},{"taxonomy":"product_cat","embeddable":true,"href":"https:\/\/stylingagenten.com\/no\/wp-json\/wp\/v2\/product_cat?post=390518"},{"taxonomy":"product_tag","embeddable":true,"href":"https:\/\/stylingagenten.com\/no\/wp-json\/wp\/v2\/product_tag?post=390518"},{"taxonomy":"berocket_brand","embeddable":true,"href":"https:\/\/stylingagenten.com\/no\/wp-json\/wp\/v2\/berocket_brand?post=390518"}],"curies":[{"name":"wp","href":"https:\/\/api.w.org\/{rel}","templated":true}]}}