{"id":390513,"date":"2025-05-18T21:59:46","date_gmt":"2025-05-18T21:59:46","guid":{"rendered":"https:\/\/staging2.stylingagenten.com\/no\/produkt\/remington-thermacare-pro-2200\/"},"modified":"2026-04-14T10:18:39","modified_gmt":"2026-04-14T10:18:39","slug":"remington-thermacare-pro-2200","status":"publish","type":"product","link":"https:\/\/stylingagenten.com\/no\/produkt\/remington-thermacare-pro-2200\/","title":{"rendered":"Remington Thermacare PRO 2200"},"content":{"rendered":"<p>THERMACARE PRO 2200 T\u00d8RKER<br \/>For en kj\u00f8lig, samlet deg<\/p>\n<p>Med Thermacare Pro 2200 kan du t\u00f8rke h\u00e5ret raskt, men med mindre varme* for \u00e5 gi beskyttelsen du trenger for \u00e5 unng\u00e5 un\u00f8dvendig slitasje, uten \u00e5 g\u00e5 p\u00e5 akkord med ytelsen .<br \/>Den elegante mattsvarte h\u00e5rf\u00f8neren har en ytelse p\u00e5 2200W, men med mindre varme for \u00e5 gi ekstra beskyttelse til h\u00e5ret. Det keramiske gitteret gir en jevn og stabil varmefordeling og med den ioniske kondisjoneringen motvirker du statisk elektrisitet og f\u00e5r et jevnt og jevnt resultat. Den bakre grillen er avtagbar og enkel \u00e5 rengj\u00f8re, noe som gj\u00f8r den enklere enn noen gang \u00e5 vedlikeholde.<br \/>Med 3 varmeinnstillinger og 2 hastigheter kan du tilpasse den til dine behov. Fullf\u00f8r stylingen med kj\u00f8lig luft for \u00e5 sikre at frisyren din varer uansett hva dagen har \u00e5 by p\u00e5.<\/p>\n<p>Funksjoner<br \/>\u20222200W ytelse \/ 80km\/t luftstr\u00f8m<br \/>\u2022Kraftig, men sk\u00e5nsom 2000W h\u00e5rf\u00f8ner med samme t\u00f8rking hastighet som en h\u00e5rf\u00f8ner p\u00e5 2200 watt, men med mer beskyttelse*.<br \/>\u2022Keramisk grill med antistatisk grill<br \/>\u2022Smal h\u00e5rf\u00f8nerdyse<br \/>\u2022Justerbar innstilling: 3 varmemoduser \/ 2 hastigheter<br \/>\u2022Kaldluftfunksjon <br \/>\u2022Hengl\u00f8kke<br \/> \u2022Avtakbart gitter for enkel rengj\u00f8ring<br \/>\u20222 \u00e5rs garanti +1 \u00e5r ved registrering p\u00e5 nettet<\/p>\n<p>*Sammenlignet med en standard Remington 2200W h\u00e5rf\u00f8ner<\/p>\n","protected":false},"excerpt":{"rendered":"<p>THERMACARE PRO 2200 T\u00d8RKERFor en kj\u00f8lig, samlet deg Med Thermacare Pro 2200 kan du t\u00f8rke h\u00e5ret raskt, men med mindre varme* for \u00e5 gi beskyttelsen du trenger for \u00e5 unng\u00e5 un\u00f8dvendig slitasje, uten \u00e5 g\u00e5 p\u00e5 akkord med ytelsen .Den elegante mattsvarte h\u00e5rf\u00f8neren har en ytelse p\u00e5 2200W, men med mindre varme for \u00e5 gi [&hellip;]<\/p>\n","protected":false},"featured_media":390501,"comment_status":"open","ping_status":"closed","template":"","meta":{"_trash_the_other_posts":false},"product_brand":[],"product_cat":[612],"product_tag":[],"berocket_brand":[1272],"class_list":{"0":"post-390513","1":"product","2":"type-product","3":"status-publish","4":"has-post-thumbnail","6":"product_cat-harfon","7":"pa_brand-remington","8":"berocket_brand-remington","10":"first","11":"instock","12":"taxable","13":"shipping-taxable","14":"purchasable","15":"product-type-simple"},"_links":{"self":[{"href":"https:\/\/stylingagenten.com\/no\/wp-json\/wp\/v2\/product\/390513","targetHints":{"allow":["GET"]}}],"collection":[{"href":"https:\/\/stylingagenten.com\/no\/wp-json\/wp\/v2\/product"}],"about":[{"href":"https:\/\/stylingagenten.com\/no\/wp-json\/wp\/v2\/types\/product"}],"replies":[{"embeddable":true,"href":"https:\/\/stylingagenten.com\/no\/wp-json\/wp\/v2\/comments?post=390513"}],"version-history":[{"count":0,"href":"https:\/\/stylingagenten.com\/no\/wp-json\/wp\/v2\/product\/390513\/revisions"}],"wp:featuredmedia":[{"embeddable":true,"href":"https:\/\/stylingagenten.com\/no\/wp-json\/wp\/v2\/media\/390501"}],"wp:attachment":[{"href":"https:\/\/stylingagenten.com\/no\/wp-json\/wp\/v2\/media?parent=390513"}],"wp:term":[{"taxonomy":"product_brand","embeddable":true,"href":"https:\/\/stylingagenten.com\/no\/wp-json\/wp\/v2\/product_brand?post=390513"},{"taxonomy":"product_cat","embeddable":true,"href":"https:\/\/stylingagenten.com\/no\/wp-json\/wp\/v2\/product_cat?post=390513"},{"taxonomy":"product_tag","embeddable":true,"href":"https:\/\/stylingagenten.com\/no\/wp-json\/wp\/v2\/product_tag?post=390513"},{"taxonomy":"berocket_brand","embeddable":true,"href":"https:\/\/stylingagenten.com\/no\/wp-json\/wp\/v2\/berocket_brand?post=390513"}],"curies":[{"name":"wp","href":"https:\/\/api.w.org\/{rel}","templated":true}]}}