{"id":390508,"date":"2025-05-18T21:59:46","date_gmt":"2025-05-18T21:59:46","guid":{"rendered":"https:\/\/staging2.stylingagenten.com\/no\/produkt\/remington-silk-dryer\/"},"modified":"2026-04-09T07:28:35","modified_gmt":"2026-04-09T07:28:35","slug":"remington-silk-dryer","status":"publish","type":"product","link":"https:\/\/stylingagenten.com\/no\/produkt\/remington-silk-dryer\/","title":{"rendered":"Remington Silk Dryer"},"content":{"rendered":"<p>Remington Silk AC9096 er en kraftig h\u00e5rf\u00f8ner med en ekstra slitesterk motor med tre forskjellige hastigheter og 2 temperaturinnstillinger. Den profesjonelle AC-motoren t\u00f8rker h\u00e5ret raskt og sk\u00e5nsomt. Tre meter lang ledning gir ekstra frihet.<br \/>Den avanserte AC-motoren har en effekt p\u00e5 2400 watt og med en luftstr\u00f8m p\u00e5 140 km i timen, som kan sammenlignes med en profesjonell h\u00e5rf\u00f8ner som brukes av fris\u00f8rer. Turbo Boost-funksjonen \u00f8ker lufthastigheten med 10 % for et raskere resultat.<br \/>H\u00e5rf\u00f8neren har ogs\u00e5 en ionfunksjon, som reduserer statisk elektrisitet og gj\u00f8r h\u00e5ret glatt og skinnende.<\/p>\n<p>\u2022Kraftig 2400W profesjonelt h\u00e5r t\u00f8rketrommel<br \/> \u2022Salongkvalitet med lang levetid AC-motor<br \/>\u2022140 km\/t for rask lufthastighet og rask t\u00f8rking<br \/>\u2022Ionisk balsameffekt &#8211; 90 % flere ioner for mindre krus og mer glans*<br \/>\u2022Silke keramisk grill <br \/>\u20226 varme-\/hastighetsinnstillinger<br \/>\u2022Turbo boost-funksjon \u00f8ker lufthastigheten med 10 % for rask t\u00f8rking<br \/>\u2022Kald knapp for \u00e5 stille inn frisyren<br \/>\u2022Konsentrator<br \/>\u2022Diffuser<br \/> \u2022Avtakbar bakgrill som er lett \u00e5 rengj\u00f8re<br \/>\u2022Hengl\u00f8kke<br \/>\u20223m lang ledning<\/p>\n","protected":false},"excerpt":{"rendered":"<p>Remington Silk AC9096 er en kraftig h\u00e5rf\u00f8ner med en ekstra slitesterk motor med tre forskjellige hastigheter og 2 temperaturinnstillinger. Den profesjonelle AC-motoren t\u00f8rker h\u00e5ret raskt og sk\u00e5nsomt. Tre meter lang ledning gir ekstra frihet.Den avanserte AC-motoren har en effekt p\u00e5 2400 watt og med en luftstr\u00f8m p\u00e5 140 km i timen, som kan sammenlignes med [&hellip;]<\/p>\n","protected":false},"featured_media":390496,"comment_status":"open","ping_status":"closed","template":"","meta":{"_trash_the_other_posts":false},"product_brand":[],"product_cat":[612],"product_tag":[],"berocket_brand":[1272],"class_list":{"0":"post-390508","1":"product","2":"type-product","3":"status-publish","4":"has-post-thumbnail","6":"product_cat-harfon","7":"pa_brand-remington","8":"berocket_brand-remington","10":"first","11":"instock","12":"taxable","13":"shipping-taxable","14":"purchasable","15":"product-type-simple"},"_links":{"self":[{"href":"https:\/\/stylingagenten.com\/no\/wp-json\/wp\/v2\/product\/390508","targetHints":{"allow":["GET"]}}],"collection":[{"href":"https:\/\/stylingagenten.com\/no\/wp-json\/wp\/v2\/product"}],"about":[{"href":"https:\/\/stylingagenten.com\/no\/wp-json\/wp\/v2\/types\/product"}],"replies":[{"embeddable":true,"href":"https:\/\/stylingagenten.com\/no\/wp-json\/wp\/v2\/comments?post=390508"}],"version-history":[{"count":0,"href":"https:\/\/stylingagenten.com\/no\/wp-json\/wp\/v2\/product\/390508\/revisions"}],"wp:featuredmedia":[{"embeddable":true,"href":"https:\/\/stylingagenten.com\/no\/wp-json\/wp\/v2\/media\/390496"}],"wp:attachment":[{"href":"https:\/\/stylingagenten.com\/no\/wp-json\/wp\/v2\/media?parent=390508"}],"wp:term":[{"taxonomy":"product_brand","embeddable":true,"href":"https:\/\/stylingagenten.com\/no\/wp-json\/wp\/v2\/product_brand?post=390508"},{"taxonomy":"product_cat","embeddable":true,"href":"https:\/\/stylingagenten.com\/no\/wp-json\/wp\/v2\/product_cat?post=390508"},{"taxonomy":"product_tag","embeddable":true,"href":"https:\/\/stylingagenten.com\/no\/wp-json\/wp\/v2\/product_tag?post=390508"},{"taxonomy":"berocket_brand","embeddable":true,"href":"https:\/\/stylingagenten.com\/no\/wp-json\/wp\/v2\/berocket_brand?post=390508"}],"curies":[{"name":"wp","href":"https:\/\/api.w.org\/{rel}","templated":true}]}}