{"id":390083,"date":"2025-05-18T21:58:04","date_gmt":"2025-05-18T21:58:04","guid":{"rendered":"https:\/\/staging2.stylingagenten.com\/no\/produkt\/wella-color-touch-deep-browns-4-77-espresso\/"},"modified":"2026-04-09T06:39:53","modified_gmt":"2026-04-09T06:39:53","slug":"wella-color-touch-deep-browns-4-77-espresso","status":"publish","type":"product","link":"https:\/\/stylingagenten.com\/no\/produkt\/wella-color-touch-deep-browns-4-77-espresso\/","title":{"rendered":"Wella Color Touch Deep Browns 4\/77 Espresso"},"content":{"rendered":"<p>Color Touch er et fargesystem som best\u00e5r av intense nyanser hvor skimrende farger og fantastisk glans skaper et uimotst\u00e5elig og supernaturlig fargeresultat. Oppn\u00e5 forbedrede fargeresultater med Color Touch som gir opptil 63 % mer glans og opptil 57 % mer mangefasettert farge sammenlignet med ubehandlet h\u00e5r. Det eksklusive Light2Color-komplekset gir h\u00e5ret liv og skaper en harmoni av skj\u00f8re fargepigmenter og lys som fremhever skj\u00f8nnheten i h\u00e5ret ditt med h\u00e5rstr\u00e5 av farge og lys. Color Touch inneholder fiberprotein og naturlig voks som jevner ut h\u00e5ret og gj\u00f8r det eksepsjonelt skinnende. Den pleiende formelen er sk\u00e5nsom og ammoniakkfri, og den beskytter h\u00e5rets naturlige, indre struktur.<\/p>\n","protected":false},"excerpt":{"rendered":"<p>Color Touch er et fargesystem som best\u00e5r av intense nyanser hvor skimrende farger og fantastisk glans skaper et uimotst\u00e5elig og supernaturlig fargeresultat. Oppn\u00e5 forbedrede fargeresultater med Color Touch som gir opptil 63 % mer glans og opptil 57 % mer mangefasettert farge sammenlignet med ubehandlet h\u00e5r. Det eksklusive Light2Color-komplekset gir h\u00e5ret liv og skaper en [&hellip;]<\/p>\n","protected":false},"featured_media":390065,"comment_status":"open","ping_status":"closed","template":"","meta":{"_trash_the_other_posts":false},"product_brand":[],"product_cat":[1002],"product_tag":[4055],"berocket_brand":[1030],"class_list":{"0":"post-390083","1":"product","2":"type-product","3":"status-publish","4":"has-post-thumbnail","6":"product_cat-hartoning","7":"product_tag-wella-color-touch-deep-browns","8":"pa_brand-wella","9":"pa_variant-4-77-espresso","10":"berocket_brand-wella","12":"first","13":"instock","14":"sale","15":"taxable","16":"shipping-taxable","17":"purchasable","18":"product-type-simple"},"_links":{"self":[{"href":"https:\/\/stylingagenten.com\/no\/wp-json\/wp\/v2\/product\/390083","targetHints":{"allow":["GET"]}}],"collection":[{"href":"https:\/\/stylingagenten.com\/no\/wp-json\/wp\/v2\/product"}],"about":[{"href":"https:\/\/stylingagenten.com\/no\/wp-json\/wp\/v2\/types\/product"}],"replies":[{"embeddable":true,"href":"https:\/\/stylingagenten.com\/no\/wp-json\/wp\/v2\/comments?post=390083"}],"version-history":[{"count":0,"href":"https:\/\/stylingagenten.com\/no\/wp-json\/wp\/v2\/product\/390083\/revisions"}],"wp:featuredmedia":[{"embeddable":true,"href":"https:\/\/stylingagenten.com\/no\/wp-json\/wp\/v2\/media\/390065"}],"wp:attachment":[{"href":"https:\/\/stylingagenten.com\/no\/wp-json\/wp\/v2\/media?parent=390083"}],"wp:term":[{"taxonomy":"product_brand","embeddable":true,"href":"https:\/\/stylingagenten.com\/no\/wp-json\/wp\/v2\/product_brand?post=390083"},{"taxonomy":"product_cat","embeddable":true,"href":"https:\/\/stylingagenten.com\/no\/wp-json\/wp\/v2\/product_cat?post=390083"},{"taxonomy":"product_tag","embeddable":true,"href":"https:\/\/stylingagenten.com\/no\/wp-json\/wp\/v2\/product_tag?post=390083"},{"taxonomy":"berocket_brand","embeddable":true,"href":"https:\/\/stylingagenten.com\/no\/wp-json\/wp\/v2\/berocket_brand?post=390083"}],"curies":[{"name":"wp","href":"https:\/\/api.w.org\/{rel}","templated":true}]}}