{"id":389925,"date":"2025-05-18T21:57:22","date_gmt":"2025-05-18T21:57:22","guid":{"rendered":"https:\/\/staging2.stylingagenten.com\/no\/produkt\/schwarzkopf-professional-igora-vibrance-kit-5-5-light-brown-gold\/"},"modified":"2026-01-31T21:06:56","modified_gmt":"2026-01-31T21:06:56","slug":"schwarzkopf-professional-igora-vibrance-kit-5-5-light-brown-gold","status":"publish","type":"product","link":"https:\/\/stylingagenten.com\/no\/produkt\/schwarzkopf-professional-igora-vibrance-kit-5-5-light-brown-gold\/","title":{"rendered":"Schwarzkopf Professional Igora Vibrance Kit 5-5 Light Brown Gold"},"content":{"rendered":"<p>Schwarzkopf Professional Igora Vibrance Kit 5-5 Light Brown Gold er en demi-permanent ton-i-ton h\u00e5rfarge med integrert FibreBond-teknologi som skaper en naturlig tone og gir opptil 50 % hvit h\u00e5rutjevning. Activator-systemet lar deg velge mellom en rask p\u00e5f\u00f8ring med gel eller en mer presis p\u00e5f\u00f8ring med krem \u200b\u200bog takket v\u00e6re Moisture Protecting Complex gir det opptil 100 % mer glans* og beskytter h\u00e5ret. I tillegg matcher IGORA VIBRANCE-serien de tilsvarende IGORA ROYAL-nyansene, som muliggj\u00f8r dobbel p\u00e5f\u00f8ring.<\/p>\n<p>Hemmeligheten bak IGORA VIBRANCE profesjonelle h\u00e5rfargeprodukter er Moisture Protecting Complex med AQUAXYL\u00ae-teknologi, som bevarer h\u00e5rets indre fuktighet niv\u00e5 takket v\u00e6re en kombinasjon av sukkermolekyler og vitaminer. Den innovative teknologien hjelper til med \u00e5 kontrollere sirkulasjonen av vannet inne i h\u00e5rstr\u00e5et under fargeprosessen og stabiliserer den indre strukturen til hver h\u00e5rfiber &#8211; dette &laquo;Anti-Dehydration Shield&raquo; beskytter mot \u00f8delagte h\u00e5rstr\u00e5 og skaper en ren overflate for et jevnt fargeresultat. Den alkoholfrie formelen beriket med vitamin B3 og B5 bidrar til \u00e5 beskytte h\u00e5rets overflate for en vakker, levende glans.<\/p>\n<p>Sett for hjemmebruk som inneholder h\u00e5rfarge, applikatorflaske med 60 ml Activator, beskyttelseshansker og instruksjoner for bruk.<\/p>\n","protected":false},"excerpt":{"rendered":"<p>Schwarzkopf Professional Igora Vibrance Kit 5-5 Light Brown Gold er en demi-permanent ton-i-ton h\u00e5rfarge med integrert FibreBond-teknologi som skaper en naturlig tone og gir opptil 50 % hvit h\u00e5rutjevning. Activator-systemet lar deg velge mellom en rask p\u00e5f\u00f8ring med gel eller en mer presis p\u00e5f\u00f8ring med krem \u200b\u200bog takket v\u00e6re Moisture Protecting Complex gir det opptil [&hellip;]<\/p>\n","protected":false},"featured_media":389918,"comment_status":"open","ping_status":"closed","template":"","meta":{"_trash_the_other_posts":false},"product_brand":[],"product_cat":[1002],"product_tag":[3977],"berocket_brand":[1060],"class_list":{"0":"post-389925","1":"product","2":"type-product","3":"status-publish","4":"has-post-thumbnail","6":"product_cat-hartoning","7":"product_tag-schwarzkopf-professional-igora-vibrance-kit","8":"pa_brand-schwarzkopf","9":"pa_variant-5-5-light-brown-gold","10":"berocket_brand-schwarzkopf","12":"first","13":"instock","14":"sale","15":"taxable","16":"shipping-taxable","17":"purchasable","18":"product-type-simple"},"_links":{"self":[{"href":"https:\/\/stylingagenten.com\/no\/wp-json\/wp\/v2\/product\/389925","targetHints":{"allow":["GET"]}}],"collection":[{"href":"https:\/\/stylingagenten.com\/no\/wp-json\/wp\/v2\/product"}],"about":[{"href":"https:\/\/stylingagenten.com\/no\/wp-json\/wp\/v2\/types\/product"}],"replies":[{"embeddable":true,"href":"https:\/\/stylingagenten.com\/no\/wp-json\/wp\/v2\/comments?post=389925"}],"version-history":[{"count":0,"href":"https:\/\/stylingagenten.com\/no\/wp-json\/wp\/v2\/product\/389925\/revisions"}],"wp:featuredmedia":[{"embeddable":true,"href":"https:\/\/stylingagenten.com\/no\/wp-json\/wp\/v2\/media\/389918"}],"wp:attachment":[{"href":"https:\/\/stylingagenten.com\/no\/wp-json\/wp\/v2\/media?parent=389925"}],"wp:term":[{"taxonomy":"product_brand","embeddable":true,"href":"https:\/\/stylingagenten.com\/no\/wp-json\/wp\/v2\/product_brand?post=389925"},{"taxonomy":"product_cat","embeddable":true,"href":"https:\/\/stylingagenten.com\/no\/wp-json\/wp\/v2\/product_cat?post=389925"},{"taxonomy":"product_tag","embeddable":true,"href":"https:\/\/stylingagenten.com\/no\/wp-json\/wp\/v2\/product_tag?post=389925"},{"taxonomy":"berocket_brand","embeddable":true,"href":"https:\/\/stylingagenten.com\/no\/wp-json\/wp\/v2\/berocket_brand?post=389925"}],"curies":[{"name":"wp","href":"https:\/\/api.w.org\/{rel}","templated":true}]}}