{"id":389463,"date":"2025-05-18T21:54:32","date_gmt":"2025-05-18T21:54:32","guid":{"rendered":"https:\/\/staging2.stylingagenten.com\/no\/produkt\/paul-mitchell-john-paul-pet-super-bright-shampoo-473ml\/"},"modified":"2026-04-03T09:28:44","modified_gmt":"2026-04-03T09:28:44","slug":"paul-mitchell-john-paul-pet-super-bright-shampoo-473ml","status":"publish","type":"product","link":"https:\/\/stylingagenten.com\/no\/produkt\/paul-mitchell-john-paul-pet-super-bright-shampoo-473ml\/","title":{"rendered":"Paul Mitchell John Paul Pet Super Bright Shampoo 500ml"},"content":{"rendered":"<p>Fylt med havre, kamille og s\u00f8t mandelolje. Med havre-, kamille- og s\u00f8tmandelolje renser den grundig og skyller lett av for \u00e5 etterlate en glitrende ren og skinnende pels.<\/p>\n","protected":false},"excerpt":{"rendered":"<p>Fylt med havre, kamille og s\u00f8t mandelolje. Med havre-, kamille- og s\u00f8tmandelolje renser den grundig og skyller lett av for \u00e5 etterlate en glitrende ren og skinnende pels.<\/p>\n","protected":false},"featured_media":465851,"comment_status":"open","ping_status":"closed","template":"","meta":{"_trash_the_other_posts":false},"product_brand":[],"product_cat":[641],"product_tag":[],"berocket_brand":[1053],"class_list":{"0":"post-389463","1":"product","2":"type-product","3":"status-publish","4":"has-post-thumbnail","6":"product_cat-kjaeledyr-omsorg","7":"pa_brand-paul-mitchell","8":"berocket_brand-paul-mitchell","10":"first","11":"outofstock","12":"sale","13":"taxable","14":"shipping-taxable","15":"purchasable","16":"product-type-simple"},"_links":{"self":[{"href":"https:\/\/stylingagenten.com\/no\/wp-json\/wp\/v2\/product\/389463","targetHints":{"allow":["GET"]}}],"collection":[{"href":"https:\/\/stylingagenten.com\/no\/wp-json\/wp\/v2\/product"}],"about":[{"href":"https:\/\/stylingagenten.com\/no\/wp-json\/wp\/v2\/types\/product"}],"replies":[{"embeddable":true,"href":"https:\/\/stylingagenten.com\/no\/wp-json\/wp\/v2\/comments?post=389463"}],"version-history":[{"count":0,"href":"https:\/\/stylingagenten.com\/no\/wp-json\/wp\/v2\/product\/389463\/revisions"}],"wp:featuredmedia":[{"embeddable":true,"href":"https:\/\/stylingagenten.com\/no\/wp-json\/wp\/v2\/media\/465851"}],"wp:attachment":[{"href":"https:\/\/stylingagenten.com\/no\/wp-json\/wp\/v2\/media?parent=389463"}],"wp:term":[{"taxonomy":"product_brand","embeddable":true,"href":"https:\/\/stylingagenten.com\/no\/wp-json\/wp\/v2\/product_brand?post=389463"},{"taxonomy":"product_cat","embeddable":true,"href":"https:\/\/stylingagenten.com\/no\/wp-json\/wp\/v2\/product_cat?post=389463"},{"taxonomy":"product_tag","embeddable":true,"href":"https:\/\/stylingagenten.com\/no\/wp-json\/wp\/v2\/product_tag?post=389463"},{"taxonomy":"berocket_brand","embeddable":true,"href":"https:\/\/stylingagenten.com\/no\/wp-json\/wp\/v2\/berocket_brand?post=389463"}],"curies":[{"name":"wp","href":"https:\/\/api.w.org\/{rel}","templated":true}]}}