{"id":389457,"date":"2025-05-18T21:54:31","date_gmt":"2025-05-18T21:54:31","guid":{"rendered":"https:\/\/staging2.stylingagenten.com\/no\/produkt\/paul-mitchell-john-paul-pet-tea-tree-conditioning-spray-236ml\/"},"modified":"2026-03-11T21:49:47","modified_gmt":"2026-03-11T21:49:47","slug":"paul-mitchell-john-paul-pet-tea-tree-conditioning-spray-236ml","status":"publish","type":"product","link":"https:\/\/stylingagenten.com\/no\/produkt\/paul-mitchell-john-paul-pet-tea-tree-conditioning-spray-236ml\/","title":{"rendered":"Paul Mitchell John Paul Pet Tea Tree Conditioning Spray 236ml"},"content":{"rendered":"<p>Mykner, fukter og beroliger. Spesialdesignet formel trenger inn og hjelper til med \u00e5 revitalisere hud og pels. Utmerket til bruk mellom fris\u00f8rbes\u00f8k.<\/p>\n","protected":false},"excerpt":{"rendered":"<p>Mykner, fukter og beroliger. Spesialdesignet formel trenger inn og hjelper til med \u00e5 revitalisere hud og pels. Utmerket til bruk mellom fris\u00f8rbes\u00f8k.<\/p>\n","protected":false},"featured_media":389455,"comment_status":"open","ping_status":"closed","template":"","meta":{"_trash_the_other_posts":false},"product_brand":[],"product_cat":[641],"product_tag":[],"berocket_brand":[1053],"class_list":{"0":"post-389457","1":"product","2":"type-product","3":"status-publish","4":"has-post-thumbnail","6":"product_cat-kjaeledyr-omsorg","7":"pa_brand-paul-mitchell","8":"berocket_brand-paul-mitchell","10":"first","11":"instock","12":"sale","13":"taxable","14":"shipping-taxable","15":"purchasable","16":"product-type-simple"},"_links":{"self":[{"href":"https:\/\/stylingagenten.com\/no\/wp-json\/wp\/v2\/product\/389457","targetHints":{"allow":["GET"]}}],"collection":[{"href":"https:\/\/stylingagenten.com\/no\/wp-json\/wp\/v2\/product"}],"about":[{"href":"https:\/\/stylingagenten.com\/no\/wp-json\/wp\/v2\/types\/product"}],"replies":[{"embeddable":true,"href":"https:\/\/stylingagenten.com\/no\/wp-json\/wp\/v2\/comments?post=389457"}],"version-history":[{"count":0,"href":"https:\/\/stylingagenten.com\/no\/wp-json\/wp\/v2\/product\/389457\/revisions"}],"wp:featuredmedia":[{"embeddable":true,"href":"https:\/\/stylingagenten.com\/no\/wp-json\/wp\/v2\/media\/389455"}],"wp:attachment":[{"href":"https:\/\/stylingagenten.com\/no\/wp-json\/wp\/v2\/media?parent=389457"}],"wp:term":[{"taxonomy":"product_brand","embeddable":true,"href":"https:\/\/stylingagenten.com\/no\/wp-json\/wp\/v2\/product_brand?post=389457"},{"taxonomy":"product_cat","embeddable":true,"href":"https:\/\/stylingagenten.com\/no\/wp-json\/wp\/v2\/product_cat?post=389457"},{"taxonomy":"product_tag","embeddable":true,"href":"https:\/\/stylingagenten.com\/no\/wp-json\/wp\/v2\/product_tag?post=389457"},{"taxonomy":"berocket_brand","embeddable":true,"href":"https:\/\/stylingagenten.com\/no\/wp-json\/wp\/v2\/berocket_brand?post=389457"}],"curies":[{"name":"wp","href":"https:\/\/api.w.org\/{rel}","templated":true}]}}