{"id":389397,"date":"2025-05-18T21:54:19","date_gmt":"2025-05-18T21:54:19","guid":{"rendered":"https:\/\/staging2.stylingagenten.com\/no\/produkt\/shiseido-men-total-revitalizer-light-fluid-70ml\/"},"modified":"2026-03-22T08:47:50","modified_gmt":"2026-03-22T08:47:50","slug":"shiseido-men-total-revitalizer-light-fluid-70ml","status":"publish","type":"product","link":"https:\/\/stylingagenten.com\/no\/produkt\/shiseido-men-total-revitalizer-light-fluid-70ml\/","title":{"rendered":"Shiseido Men Total Revitalizer Light Fluid 80ml"},"content":{"rendered":"<p>En h\u00f8yytelses fuktighetskrem, formulert med Marine Protein Complex, hjelper til med \u00e5 revitalisere huden for \u00e5 motst\u00e5; potensiell slapphet for tonet og forfrisket hud. Hudens kraft akselereres av SHISEIDO MENs originale p\u00e5f\u00f8ringsmetode, og gir et energisk, sunt utseende som gjenspeiler styrke og selvdisiplin.<\/p>\n<p>Total Revitalizer Light Fluid kan brukes morgen og kveld og passer for alle hudtyper. Den er ikke-komedogen, noe som betyr at den ikke tetter porene og er spesielt bra for deg som har akne-utsatt hud. Har en frisk duft av typiske japanske ingredienser, sitron, bambus, hinokisypress og litsea cubeba.<\/p>\n","protected":false},"excerpt":{"rendered":"<p>En h\u00f8yytelses fuktighetskrem, formulert med Marine Protein Complex, hjelper til med \u00e5 revitalisere huden for \u00e5 motst\u00e5; potensiell slapphet for tonet og forfrisket hud. Hudens kraft akselereres av SHISEIDO MENs originale p\u00e5f\u00f8ringsmetode, og gir et energisk, sunt utseende som gjenspeiler styrke og selvdisiplin. Total Revitalizer Light Fluid kan brukes morgen og kveld og passer for [&hellip;]<\/p>\n","protected":false},"featured_media":389389,"comment_status":"open","ping_status":"closed","template":"","meta":{"_trash_the_other_posts":false},"product_brand":[],"product_cat":[683,1003],"product_tag":[],"berocket_brand":[1193],"class_list":{"0":"post-389397","1":"product","2":"type-product","3":"status-publish","4":"has-post-thumbnail","6":"product_cat-ansiktskrem-mann","7":"product_cat-bestselgere","8":"pa_brand-shiseido","9":"berocket_brand-shiseido","11":"first","12":"instock","13":"sale","14":"taxable","15":"shipping-taxable","16":"purchasable","17":"product-type-simple"},"_links":{"self":[{"href":"https:\/\/stylingagenten.com\/no\/wp-json\/wp\/v2\/product\/389397","targetHints":{"allow":["GET"]}}],"collection":[{"href":"https:\/\/stylingagenten.com\/no\/wp-json\/wp\/v2\/product"}],"about":[{"href":"https:\/\/stylingagenten.com\/no\/wp-json\/wp\/v2\/types\/product"}],"replies":[{"embeddable":true,"href":"https:\/\/stylingagenten.com\/no\/wp-json\/wp\/v2\/comments?post=389397"}],"version-history":[{"count":0,"href":"https:\/\/stylingagenten.com\/no\/wp-json\/wp\/v2\/product\/389397\/revisions"}],"wp:featuredmedia":[{"embeddable":true,"href":"https:\/\/stylingagenten.com\/no\/wp-json\/wp\/v2\/media\/389389"}],"wp:attachment":[{"href":"https:\/\/stylingagenten.com\/no\/wp-json\/wp\/v2\/media?parent=389397"}],"wp:term":[{"taxonomy":"product_brand","embeddable":true,"href":"https:\/\/stylingagenten.com\/no\/wp-json\/wp\/v2\/product_brand?post=389397"},{"taxonomy":"product_cat","embeddable":true,"href":"https:\/\/stylingagenten.com\/no\/wp-json\/wp\/v2\/product_cat?post=389397"},{"taxonomy":"product_tag","embeddable":true,"href":"https:\/\/stylingagenten.com\/no\/wp-json\/wp\/v2\/product_tag?post=389397"},{"taxonomy":"berocket_brand","embeddable":true,"href":"https:\/\/stylingagenten.com\/no\/wp-json\/wp\/v2\/berocket_brand?post=389397"}],"curies":[{"name":"wp","href":"https:\/\/api.w.org\/{rel}","templated":true}]}}