{"id":389183,"date":"2025-05-18T21:53:38","date_gmt":"2025-05-18T21:53:38","guid":{"rendered":"https:\/\/staging2.stylingagenten.com\/no\/produkt\/nyx-prof-makeup-a-bit-jelly-gel-illuminator-bronze\/"},"modified":"2025-12-18T21:55:20","modified_gmt":"2025-12-18T21:55:20","slug":"nyx-prof-makeup-a-bit-jelly-gel-illuminator-bronze","status":"publish","type":"product","link":"https:\/\/stylingagenten.com\/no\/produkt\/nyx-prof-makeup-a-bit-jelly-gel-illuminator-bronze\/","title":{"rendered":"NYX PROF. MAKEUP A Bit Jelly Gel Illuminator &#8211; Bronze"},"content":{"rendered":"<p>NYX PROFESSIONAL MAKEUP A Bit Jelly Gel Illuminator har en lett gelformel som f\u00f8les flott og ser fantastisk ut p\u00e5; huden.<br \/>Denne vannbaserte highlighter-gelen&eacute; tilgjengelig i tre glitrende nyanser som glir p\u00e5&aring; huden som en dr\u00f8m og etterlater en lett str\u00e5lende glans.<br \/>Kan brukes b\u00e5de i ansiktet og p\u00e5 kroppen, og skimmeren sitter igjen ogs\u00e5 etter at produktet har t\u00f8rket.<\/ p><\/p>\n","protected":false},"excerpt":{"rendered":"<p>NYX PROFESSIONAL MAKEUP A Bit Jelly Gel Illuminator har en lett gelformel som f\u00f8les flott og ser fantastisk ut p\u00e5; huden.Denne vannbaserte highlighter-gelen&eacute; tilgjengelig i tre glitrende nyanser som glir p\u00e5&aring; huden som en dr\u00f8m og etterlater en lett str\u00e5lende glans.Kan brukes b\u00e5de i ansiktet og p\u00e5 kroppen, og skimmeren sitter igjen ogs\u00e5 etter at [&hellip;]<\/p>\n","protected":false},"featured_media":389164,"comment_status":"open","ping_status":"closed","template":"","meta":{"_trash_the_other_posts":false},"product_brand":[],"product_cat":[621,1005],"product_tag":[3643],"berocket_brand":[1025],"class_list":{"0":"post-389183","1":"product","2":"type-product","3":"status-publish","4":"has-post-thumbnail","6":"product_cat-highlighter","7":"product_cat-outlet","8":"product_tag-nyx-prof-makeup-a-bit-jelly-gel-illuminator","9":"pa_brand-nyx","10":"pa_variant-bronze","11":"berocket_brand-nyx","13":"first","14":"instock","15":"sale","16":"taxable","17":"shipping-taxable","18":"purchasable","19":"product-type-simple"},"_links":{"self":[{"href":"https:\/\/stylingagenten.com\/no\/wp-json\/wp\/v2\/product\/389183","targetHints":{"allow":["GET"]}}],"collection":[{"href":"https:\/\/stylingagenten.com\/no\/wp-json\/wp\/v2\/product"}],"about":[{"href":"https:\/\/stylingagenten.com\/no\/wp-json\/wp\/v2\/types\/product"}],"replies":[{"embeddable":true,"href":"https:\/\/stylingagenten.com\/no\/wp-json\/wp\/v2\/comments?post=389183"}],"version-history":[{"count":0,"href":"https:\/\/stylingagenten.com\/no\/wp-json\/wp\/v2\/product\/389183\/revisions"}],"wp:featuredmedia":[{"embeddable":true,"href":"https:\/\/stylingagenten.com\/no\/wp-json\/wp\/v2\/media\/389164"}],"wp:attachment":[{"href":"https:\/\/stylingagenten.com\/no\/wp-json\/wp\/v2\/media?parent=389183"}],"wp:term":[{"taxonomy":"product_brand","embeddable":true,"href":"https:\/\/stylingagenten.com\/no\/wp-json\/wp\/v2\/product_brand?post=389183"},{"taxonomy":"product_cat","embeddable":true,"href":"https:\/\/stylingagenten.com\/no\/wp-json\/wp\/v2\/product_cat?post=389183"},{"taxonomy":"product_tag","embeddable":true,"href":"https:\/\/stylingagenten.com\/no\/wp-json\/wp\/v2\/product_tag?post=389183"},{"taxonomy":"berocket_brand","embeddable":true,"href":"https:\/\/stylingagenten.com\/no\/wp-json\/wp\/v2\/berocket_brand?post=389183"}],"curies":[{"name":"wp","href":"https:\/\/api.w.org\/{rel}","templated":true}]}}