{"id":389158,"date":"2025-05-18T21:53:34","date_gmt":"2025-05-18T21:53:34","guid":{"rendered":"https:\/\/staging2.stylingagenten.com\/no\/produkt\/kokie-strobe-lights-face-highlighter-splendor\/"},"modified":"2026-01-07T20:16:46","modified_gmt":"2026-01-07T20:16:46","slug":"kokie-strobe-lights-face-highlighter-splendor","status":"publish","type":"product","link":"https:\/\/stylingagenten.com\/no\/produkt\/kokie-strobe-lights-face-highlighter-splendor\/","title":{"rendered":"Kokie Strobe Lights Face Highlighter &#8211; Splendor"},"content":{"rendered":"<p>Kokie Cosmetics Strobe Lights er tilgjengelig i tre vakre nyanser og kan brukes til \u00e5 fremheve eller til og med som en bronzer!<br \/>Med den fleksible vri-opp-beholderen er den enkel og rask \u00e5 p\u00e5f\u00f8re: trekk p\u00e5&aring; den rike formelen og blandes med den innebygde svampen.<\/p>\n<p>Tilgjengelig i tre vakre farger:<br \/>Radiance &#8211; Pearl\/Pink\/White<br \/><strong>Splendor &#8211; Champagne<\/strong> &gt;<br \/>Bronset &#8211; Bronse<\/p>\n","protected":false},"excerpt":{"rendered":"<p>Kokie Cosmetics Strobe Lights er tilgjengelig i tre vakre nyanser og kan brukes til \u00e5 fremheve eller til og med som en bronzer!Med den fleksible vri-opp-beholderen er den enkel og rask \u00e5 p\u00e5f\u00f8re: trekk p\u00e5&aring; den rike formelen og blandes med den innebygde svampen. Tilgjengelig i tre vakre farger:Radiance &#8211; Pearl\/Pink\/WhiteSplendor &#8211; Champagne &gt;Bronset &#8211; [&hellip;]<\/p>\n","protected":false},"featured_media":389154,"comment_status":"open","ping_status":"closed","template":"","meta":{"_trash_the_other_posts":false},"product_brand":[],"product_cat":[621],"product_tag":[3164],"berocket_brand":[1198],"class_list":{"0":"post-389158","1":"product","2":"type-product","3":"status-publish","4":"has-post-thumbnail","6":"product_cat-highlighter","7":"product_tag-kokie-strobe-lights-face-highlighter","8":"pa_brand-kokie-cosmetics","9":"pa_variant-splendor","10":"berocket_brand-kokie-cosmetics","12":"first","13":"instock","14":"taxable","15":"shipping-taxable","16":"purchasable","17":"product-type-simple"},"_links":{"self":[{"href":"https:\/\/stylingagenten.com\/no\/wp-json\/wp\/v2\/product\/389158","targetHints":{"allow":["GET"]}}],"collection":[{"href":"https:\/\/stylingagenten.com\/no\/wp-json\/wp\/v2\/product"}],"about":[{"href":"https:\/\/stylingagenten.com\/no\/wp-json\/wp\/v2\/types\/product"}],"replies":[{"embeddable":true,"href":"https:\/\/stylingagenten.com\/no\/wp-json\/wp\/v2\/comments?post=389158"}],"version-history":[{"count":0,"href":"https:\/\/stylingagenten.com\/no\/wp-json\/wp\/v2\/product\/389158\/revisions"}],"wp:featuredmedia":[{"embeddable":true,"href":"https:\/\/stylingagenten.com\/no\/wp-json\/wp\/v2\/media\/389154"}],"wp:attachment":[{"href":"https:\/\/stylingagenten.com\/no\/wp-json\/wp\/v2\/media?parent=389158"}],"wp:term":[{"taxonomy":"product_brand","embeddable":true,"href":"https:\/\/stylingagenten.com\/no\/wp-json\/wp\/v2\/product_brand?post=389158"},{"taxonomy":"product_cat","embeddable":true,"href":"https:\/\/stylingagenten.com\/no\/wp-json\/wp\/v2\/product_cat?post=389158"},{"taxonomy":"product_tag","embeddable":true,"href":"https:\/\/stylingagenten.com\/no\/wp-json\/wp\/v2\/product_tag?post=389158"},{"taxonomy":"berocket_brand","embeddable":true,"href":"https:\/\/stylingagenten.com\/no\/wp-json\/wp\/v2\/berocket_brand?post=389158"}],"curies":[{"name":"wp","href":"https:\/\/api.w.org\/{rel}","templated":true}]}}