{"id":389152,"date":"2025-05-18T21:53:33","date_gmt":"2025-05-18T21:53:33","guid":{"rendered":"https:\/\/staging2.stylingagenten.com\/no\/produkt\/kokie-liquid-highlites-superstar\/"},"modified":"2025-12-18T21:51:20","modified_gmt":"2025-12-18T21:51:20","slug":"kokie-liquid-highlites-superstar","status":"publish","type":"product","link":"https:\/\/stylingagenten.com\/no\/produkt\/kokie-liquid-highlites-superstar\/","title":{"rendered":"Kokie Liquid HighLites &#8211; Superstar"},"content":{"rendered":"<p>Kokie Liquid HighLites er perfekt for \u00e5 friske opp utseendet ditt, bruk mindre for en subtil gl\u00f8d eller mer for en stor gl\u00f8d! <br \/>Med denne flytende highlighteren har du mange valg, bruk p\u00e5, alene eller bland inn i dine favoritt skj\u00f8nnhetsprodukter. <br \/>Komplet med en pipetteapplikator for enkel dispensering.<\/p>\n","protected":false},"excerpt":{"rendered":"<p>Kokie Liquid HighLites er perfekt for \u00e5 friske opp utseendet ditt, bruk mindre for en subtil gl\u00f8d eller mer for en stor gl\u00f8d! Med denne flytende highlighteren har du mange valg, bruk p\u00e5, alene eller bland inn i dine favoritt skj\u00f8nnhetsprodukter. Komplet med en pipetteapplikator for enkel dispensering.<\/p>\n","protected":false},"featured_media":389151,"comment_status":"open","ping_status":"closed","template":"","meta":{"_trash_the_other_posts":false},"product_brand":[],"product_cat":[621],"product_tag":[3149],"berocket_brand":[1198],"class_list":{"0":"post-389152","1":"product","2":"type-product","3":"status-publish","4":"has-post-thumbnail","6":"product_cat-highlighter","7":"product_tag-kokie-liquid-highlites","8":"pa_brand-kokie-cosmetics","9":"pa_variant-superstar","10":"berocket_brand-kokie-cosmetics","12":"first","13":"instock","14":"taxable","15":"shipping-taxable","16":"purchasable","17":"product-type-simple"},"_links":{"self":[{"href":"https:\/\/stylingagenten.com\/no\/wp-json\/wp\/v2\/product\/389152","targetHints":{"allow":["GET"]}}],"collection":[{"href":"https:\/\/stylingagenten.com\/no\/wp-json\/wp\/v2\/product"}],"about":[{"href":"https:\/\/stylingagenten.com\/no\/wp-json\/wp\/v2\/types\/product"}],"replies":[{"embeddable":true,"href":"https:\/\/stylingagenten.com\/no\/wp-json\/wp\/v2\/comments?post=389152"}],"version-history":[{"count":0,"href":"https:\/\/stylingagenten.com\/no\/wp-json\/wp\/v2\/product\/389152\/revisions"}],"wp:featuredmedia":[{"embeddable":true,"href":"https:\/\/stylingagenten.com\/no\/wp-json\/wp\/v2\/media\/389151"}],"wp:attachment":[{"href":"https:\/\/stylingagenten.com\/no\/wp-json\/wp\/v2\/media?parent=389152"}],"wp:term":[{"taxonomy":"product_brand","embeddable":true,"href":"https:\/\/stylingagenten.com\/no\/wp-json\/wp\/v2\/product_brand?post=389152"},{"taxonomy":"product_cat","embeddable":true,"href":"https:\/\/stylingagenten.com\/no\/wp-json\/wp\/v2\/product_cat?post=389152"},{"taxonomy":"product_tag","embeddable":true,"href":"https:\/\/stylingagenten.com\/no\/wp-json\/wp\/v2\/product_tag?post=389152"},{"taxonomy":"berocket_brand","embeddable":true,"href":"https:\/\/stylingagenten.com\/no\/wp-json\/wp\/v2\/berocket_brand?post=389152"}],"curies":[{"name":"wp","href":"https:\/\/api.w.org\/{rel}","templated":true}]}}