{"id":389097,"date":"2025-05-18T21:53:22","date_gmt":"2025-05-18T21:53:22","guid":{"rendered":"https:\/\/staging2.stylingagenten.com\/no\/produkt\/bellapierre-liquid-gold-24k\/"},"modified":"2025-12-18T21:38:46","modified_gmt":"2025-12-18T21:38:46","slug":"bellapierre-liquid-gold-24k","status":"publish","type":"product","link":"https:\/\/stylingagenten.com\/no\/produkt\/bellapierre-liquid-gold-24k\/","title":{"rendered":"Bellapierre Liquid Gold &#8211; 24K"},"content":{"rendered":"<p>Bellapierre Liquid Gold er en skimrende, flytende highlighter som gir huden din en fantastisk gl\u00f8d. <br \/>Brukt p\u00e5 din foundation for en intensivert gl\u00f8d eller under sminke for en all-over gl\u00f8d.<\/p>\n","protected":false},"excerpt":{"rendered":"<p>Bellapierre Liquid Gold er en skimrende, flytende highlighter som gir huden din en fantastisk gl\u00f8d. Brukt p\u00e5 din foundation for en intensivert gl\u00f8d eller under sminke for en all-over gl\u00f8d.<\/p>\n","protected":false},"featured_media":389095,"comment_status":"open","ping_status":"closed","template":"","meta":{"_trash_the_other_posts":false},"product_brand":[],"product_cat":[621],"product_tag":[2529],"berocket_brand":[1113],"class_list":{"0":"post-389097","1":"product","2":"type-product","3":"status-publish","4":"has-post-thumbnail","6":"product_cat-highlighter","7":"product_tag-bellapierre-liquid-gold","8":"pa_brand-bellapierre","9":"pa_variant-24k","10":"berocket_brand-bellapierre","12":"first","13":"instock","14":"sale","15":"taxable","16":"shipping-taxable","17":"purchasable","18":"product-type-simple"},"_links":{"self":[{"href":"https:\/\/stylingagenten.com\/no\/wp-json\/wp\/v2\/product\/389097","targetHints":{"allow":["GET"]}}],"collection":[{"href":"https:\/\/stylingagenten.com\/no\/wp-json\/wp\/v2\/product"}],"about":[{"href":"https:\/\/stylingagenten.com\/no\/wp-json\/wp\/v2\/types\/product"}],"replies":[{"embeddable":true,"href":"https:\/\/stylingagenten.com\/no\/wp-json\/wp\/v2\/comments?post=389097"}],"version-history":[{"count":0,"href":"https:\/\/stylingagenten.com\/no\/wp-json\/wp\/v2\/product\/389097\/revisions"}],"wp:featuredmedia":[{"embeddable":true,"href":"https:\/\/stylingagenten.com\/no\/wp-json\/wp\/v2\/media\/389095"}],"wp:attachment":[{"href":"https:\/\/stylingagenten.com\/no\/wp-json\/wp\/v2\/media?parent=389097"}],"wp:term":[{"taxonomy":"product_brand","embeddable":true,"href":"https:\/\/stylingagenten.com\/no\/wp-json\/wp\/v2\/product_brand?post=389097"},{"taxonomy":"product_cat","embeddable":true,"href":"https:\/\/stylingagenten.com\/no\/wp-json\/wp\/v2\/product_cat?post=389097"},{"taxonomy":"product_tag","embeddable":true,"href":"https:\/\/stylingagenten.com\/no\/wp-json\/wp\/v2\/product_tag?post=389097"},{"taxonomy":"berocket_brand","embeddable":true,"href":"https:\/\/stylingagenten.com\/no\/wp-json\/wp\/v2\/berocket_brand?post=389097"}],"curies":[{"name":"wp","href":"https:\/\/api.w.org\/{rel}","templated":true}]}}