{"id":389063,"date":"2025-05-18T21:53:15","date_gmt":"2025-05-18T21:53:15","guid":{"rendered":"https:\/\/staging2.stylingagenten.com\/no\/produkt\/milani-baked-highlighter-bronze-splendore-140\/"},"modified":"2025-12-18T21:54:35","modified_gmt":"2025-12-18T21:54:35","slug":"milani-baked-highlighter-bronze-splendore-140","status":"publish","type":"product","link":"https:\/\/stylingagenten.com\/no\/produkt\/milani-baked-highlighter-bronze-splendore-140\/","title":{"rendered":"Milani Baked Highlighter &#8211; Bronze Splendore 140"},"content":{"rendered":"<p>Baked Highlighter &#8211; Bronze Splendore 140<\/p>\n<p>Den gl\u00f8den skj\u00f8nt! Bakt p&aring; Italienske terrakottafliser, Milanis NYE \u200b\u200bBaked highlighter tar pigmentintensitet og gl\u00f8d til neste niv\u00e5. Laget med flerfargede, mikrofine lysende puddere, smelter denne fl\u00f8yelsmyke formelen inn uten problemer for \u00e5 gi deg en fantastisk gl\u00f8d med bare ett penselstr\u00f8k.<\/p>\n<p>Innhold: 8 g<\/p>\n<p>&nbsp; <\/p>\n","protected":false},"excerpt":{"rendered":"<p>Baked Highlighter &#8211; Bronze Splendore 140 Den gl\u00f8den skj\u00f8nt! Bakt p&aring; Italienske terrakottafliser, Milanis NYE \u200b\u200bBaked highlighter tar pigmentintensitet og gl\u00f8d til neste niv\u00e5. Laget med flerfargede, mikrofine lysende puddere, smelter denne fl\u00f8yelsmyke formelen inn uten problemer for \u00e5 gi deg en fantastisk gl\u00f8d med bare ett penselstr\u00f8k. Innhold: 8 g &nbsp;<\/p>\n","protected":false},"featured_media":389062,"comment_status":"open","ping_status":"closed","template":"","meta":{"_trash_the_other_posts":false},"product_brand":[],"product_cat":[621],"product_tag":[3524],"berocket_brand":[1027],"class_list":{"0":"post-389063","1":"product","2":"type-product","3":"status-publish","4":"has-post-thumbnail","6":"product_cat-highlighter","7":"product_tag-milani-baked-highlighter","8":"pa_brand-milani","9":"pa_variant-bronze-splendore-140","10":"berocket_brand-milani","12":"first","13":"instock","14":"sale","15":"taxable","16":"shipping-taxable","17":"purchasable","18":"product-type-simple"},"_links":{"self":[{"href":"https:\/\/stylingagenten.com\/no\/wp-json\/wp\/v2\/product\/389063","targetHints":{"allow":["GET"]}}],"collection":[{"href":"https:\/\/stylingagenten.com\/no\/wp-json\/wp\/v2\/product"}],"about":[{"href":"https:\/\/stylingagenten.com\/no\/wp-json\/wp\/v2\/types\/product"}],"replies":[{"embeddable":true,"href":"https:\/\/stylingagenten.com\/no\/wp-json\/wp\/v2\/comments?post=389063"}],"version-history":[{"count":0,"href":"https:\/\/stylingagenten.com\/no\/wp-json\/wp\/v2\/product\/389063\/revisions"}],"wp:featuredmedia":[{"embeddable":true,"href":"https:\/\/stylingagenten.com\/no\/wp-json\/wp\/v2\/media\/389062"}],"wp:attachment":[{"href":"https:\/\/stylingagenten.com\/no\/wp-json\/wp\/v2\/media?parent=389063"}],"wp:term":[{"taxonomy":"product_brand","embeddable":true,"href":"https:\/\/stylingagenten.com\/no\/wp-json\/wp\/v2\/product_brand?post=389063"},{"taxonomy":"product_cat","embeddable":true,"href":"https:\/\/stylingagenten.com\/no\/wp-json\/wp\/v2\/product_cat?post=389063"},{"taxonomy":"product_tag","embeddable":true,"href":"https:\/\/stylingagenten.com\/no\/wp-json\/wp\/v2\/product_tag?post=389063"},{"taxonomy":"berocket_brand","embeddable":true,"href":"https:\/\/stylingagenten.com\/no\/wp-json\/wp\/v2\/berocket_brand?post=389063"}],"curies":[{"name":"wp","href":"https:\/\/api.w.org\/{rel}","templated":true}]}}