{"id":389037,"date":"2025-05-18T21:53:08","date_gmt":"2025-05-18T21:53:08","guid":{"rendered":"https:\/\/staging2.stylingagenten.com\/no\/produkt\/max-factor-ff-powder-highlighter-02-golden-hour\/"},"modified":"2025-12-18T21:53:57","modified_gmt":"2025-12-18T21:53:57","slug":"max-factor-ff-powder-highlighter-02-golden-hour","status":"publish","type":"product","link":"https:\/\/stylingagenten.com\/no\/produkt\/max-factor-ff-powder-highlighter-02-golden-hour\/","title":{"rendered":"Max Factor Ff Powder Highlighter 02 Golden Hour"},"content":{"rendered":"<p>F&aring; en gl\u00f8d som varer hele dagen med Max Factors Facefinity Highlighter. Langvarig med en ultra vektl\u00f8s, s\u00e5 pudderfinish for en flatterende gl\u00f8d. Den silkeaktige teksturen gir en super blandbar finish og en idiotsikker applikasjon som passer alle hudtoner, tilgjengelig i 3 forskjellige farger.<\/p>\n","protected":false},"excerpt":{"rendered":"<p>F&aring; en gl\u00f8d som varer hele dagen med Max Factors Facefinity Highlighter. Langvarig med en ultra vektl\u00f8s, s\u00e5 pudderfinish for en flatterende gl\u00f8d. Den silkeaktige teksturen gir en super blandbar finish og en idiotsikker applikasjon som passer alle hudtoner, tilgjengelig i 3 forskjellige farger.<\/p>\n","protected":false},"featured_media":389035,"comment_status":"open","ping_status":"closed","template":"","meta":{"_trash_the_other_posts":false},"product_brand":[],"product_cat":[621],"product_tag":[3475],"berocket_brand":[1013],"class_list":{"0":"post-389037","1":"product","2":"type-product","3":"status-publish","4":"has-post-thumbnail","6":"product_cat-highlighter","7":"product_tag-max-factor-ff-powder-highlighter","8":"pa_brand-max-factor","9":"pa_variant-02-golden-hour","10":"berocket_brand-max-factor","12":"first","13":"instock","14":"sale","15":"taxable","16":"shipping-taxable","17":"purchasable","18":"product-type-simple"},"_links":{"self":[{"href":"https:\/\/stylingagenten.com\/no\/wp-json\/wp\/v2\/product\/389037","targetHints":{"allow":["GET"]}}],"collection":[{"href":"https:\/\/stylingagenten.com\/no\/wp-json\/wp\/v2\/product"}],"about":[{"href":"https:\/\/stylingagenten.com\/no\/wp-json\/wp\/v2\/types\/product"}],"replies":[{"embeddable":true,"href":"https:\/\/stylingagenten.com\/no\/wp-json\/wp\/v2\/comments?post=389037"}],"version-history":[{"count":0,"href":"https:\/\/stylingagenten.com\/no\/wp-json\/wp\/v2\/product\/389037\/revisions"}],"wp:featuredmedia":[{"embeddable":true,"href":"https:\/\/stylingagenten.com\/no\/wp-json\/wp\/v2\/media\/389035"}],"wp:attachment":[{"href":"https:\/\/stylingagenten.com\/no\/wp-json\/wp\/v2\/media?parent=389037"}],"wp:term":[{"taxonomy":"product_brand","embeddable":true,"href":"https:\/\/stylingagenten.com\/no\/wp-json\/wp\/v2\/product_brand?post=389037"},{"taxonomy":"product_cat","embeddable":true,"href":"https:\/\/stylingagenten.com\/no\/wp-json\/wp\/v2\/product_cat?post=389037"},{"taxonomy":"product_tag","embeddable":true,"href":"https:\/\/stylingagenten.com\/no\/wp-json\/wp\/v2\/product_tag?post=389037"},{"taxonomy":"berocket_brand","embeddable":true,"href":"https:\/\/stylingagenten.com\/no\/wp-json\/wp\/v2\/berocket_brand?post=389037"}],"curies":[{"name":"wp","href":"https:\/\/api.w.org\/{rel}","templated":true}]}}