{"id":388979,"date":"2025-05-18T21:52:56","date_gmt":"2025-05-18T21:52:56","guid":{"rendered":"https:\/\/staging2.stylingagenten.com\/no\/produkt\/makeup-revolution-pro-lustre-highlighter-rose-gold\/"},"modified":"2025-12-18T21:52:59","modified_gmt":"2025-12-18T21:52:59","slug":"makeup-revolution-pro-lustre-highlighter-rose-gold","status":"publish","type":"product","link":"https:\/\/stylingagenten.com\/no\/produkt\/makeup-revolution-pro-lustre-highlighter-rose-gold\/","title":{"rendered":"Makeup Revolution PRO Lustre Highlighter &#8211; Rose Gold"},"content":{"rendered":"<p>Luster Highlighter er en pudderhighlighter som du f\u00e5r en spektakul\u00e6r gl\u00f8d i ansiktet med. Denne highlighteren har et vakkert rosedesign og et speil p\u00e5 innsiden slik at den kan brukes p\u00e5 farten. Dens kremaktige formel glir veldig lett p\u00e5 ansiktet og etterlater en vakkert str\u00e5lende finish.<\/p>\n","protected":false},"excerpt":{"rendered":"<p>Luster Highlighter er en pudderhighlighter som du f\u00e5r en spektakul\u00e6r gl\u00f8d i ansiktet med. Denne highlighteren har et vakkert rosedesign og et speil p\u00e5 innsiden slik at den kan brukes p\u00e5 farten. Dens kremaktige formel glir veldig lett p\u00e5 ansiktet og etterlater en vakkert str\u00e5lende finish.<\/p>\n","protected":false},"featured_media":388972,"comment_status":"open","ping_status":"closed","template":"","meta":{"_trash_the_other_posts":false},"product_brand":[],"product_cat":[621],"product_tag":[3339],"berocket_brand":[1050],"class_list":{"0":"post-388979","1":"product","2":"type-product","3":"status-publish","4":"has-post-thumbnail","6":"product_cat-highlighter","7":"product_tag-makeup-revolution-pro-lustre-highlighter","8":"pa_brand-makeup-revolution","9":"pa_variant-rose-gold","10":"berocket_brand-makeup-revolution","12":"first","13":"instock","14":"sale","15":"taxable","16":"shipping-taxable","17":"purchasable","18":"product-type-simple"},"_links":{"self":[{"href":"https:\/\/stylingagenten.com\/no\/wp-json\/wp\/v2\/product\/388979","targetHints":{"allow":["GET"]}}],"collection":[{"href":"https:\/\/stylingagenten.com\/no\/wp-json\/wp\/v2\/product"}],"about":[{"href":"https:\/\/stylingagenten.com\/no\/wp-json\/wp\/v2\/types\/product"}],"replies":[{"embeddable":true,"href":"https:\/\/stylingagenten.com\/no\/wp-json\/wp\/v2\/comments?post=388979"}],"version-history":[{"count":0,"href":"https:\/\/stylingagenten.com\/no\/wp-json\/wp\/v2\/product\/388979\/revisions"}],"wp:featuredmedia":[{"embeddable":true,"href":"https:\/\/stylingagenten.com\/no\/wp-json\/wp\/v2\/media\/388972"}],"wp:attachment":[{"href":"https:\/\/stylingagenten.com\/no\/wp-json\/wp\/v2\/media?parent=388979"}],"wp:term":[{"taxonomy":"product_brand","embeddable":true,"href":"https:\/\/stylingagenten.com\/no\/wp-json\/wp\/v2\/product_brand?post=388979"},{"taxonomy":"product_cat","embeddable":true,"href":"https:\/\/stylingagenten.com\/no\/wp-json\/wp\/v2\/product_cat?post=388979"},{"taxonomy":"product_tag","embeddable":true,"href":"https:\/\/stylingagenten.com\/no\/wp-json\/wp\/v2\/product_tag?post=388979"},{"taxonomy":"berocket_brand","embeddable":true,"href":"https:\/\/stylingagenten.com\/no\/wp-json\/wp\/v2\/berocket_brand?post=388979"}],"curies":[{"name":"wp","href":"https:\/\/api.w.org\/{rel}","templated":true}]}}