{"id":388948,"date":"2025-05-18T21:52:49","date_gmt":"2025-05-18T21:52:49","guid":{"rendered":"https:\/\/staging2.stylingagenten.com\/no\/produkt\/helosan-original-salva-300gr\/"},"modified":"2026-04-07T08:40:14","modified_gmt":"2026-04-07T08:40:14","slug":"helosan-original-salva-300gr","status":"publish","type":"product","link":"https:\/\/stylingagenten.com\/no\/produkt\/helosan-original-salva-300gr\/","title":{"rendered":"Helosan Original Salva 300gr"},"content":{"rendered":"<p>Helosan er en klassisk hudsalve for allsidig bruk som kan brukes til b\u00e5de mennesker og dyr.<\/p>\n<p>Helosan inneholder fuktighetsgivende og mykgj\u00f8rende stoffer som ligner hudens naturlige barrierefett. ;mnen. P\u00e5 grunn av sammensetningen er salven spesielt egnet for t\u00f8rr, sensitiv og irritert hud. Helosan legges som et midlertidig lag p\u00e5 toppen av; huden og gir huden tid til \u00e5 rehydrere, gj\u00f8r den motstandsdyktig mot ytre p\u00e5virkninger og gjenoppretter hudens naturlige balanse.<\/p>\n<p>Fri for farger og parfymer. <\/p>\n","protected":false},"excerpt":{"rendered":"<p>Helosan er en klassisk hudsalve for allsidig bruk som kan brukes til b\u00e5de mennesker og dyr. Helosan inneholder fuktighetsgivende og mykgj\u00f8rende stoffer som ligner hudens naturlige barrierefett. ;mnen. P\u00e5 grunn av sammensetningen er salven spesielt egnet for t\u00f8rr, sensitiv og irritert hud. Helosan legges som et midlertidig lag p\u00e5 toppen av; huden og gir huden [&hellip;]<\/p>\n","protected":false},"featured_media":388945,"comment_status":"open","ping_status":"closed","template":"","meta":{"_trash_the_other_posts":false},"product_brand":[],"product_cat":[574],"product_tag":[],"berocket_brand":[1336],"class_list":{"0":"post-388948","1":"product","2":"type-product","3":"status-publish","4":"has-post-thumbnail","6":"product_cat-handkrem","7":"pa_brand-helosan","8":"berocket_brand-helosan","10":"first","11":"instock","12":"sale","13":"taxable","14":"shipping-taxable","15":"purchasable","16":"product-type-simple"},"_links":{"self":[{"href":"https:\/\/stylingagenten.com\/no\/wp-json\/wp\/v2\/product\/388948","targetHints":{"allow":["GET"]}}],"collection":[{"href":"https:\/\/stylingagenten.com\/no\/wp-json\/wp\/v2\/product"}],"about":[{"href":"https:\/\/stylingagenten.com\/no\/wp-json\/wp\/v2\/types\/product"}],"replies":[{"embeddable":true,"href":"https:\/\/stylingagenten.com\/no\/wp-json\/wp\/v2\/comments?post=388948"}],"version-history":[{"count":0,"href":"https:\/\/stylingagenten.com\/no\/wp-json\/wp\/v2\/product\/388948\/revisions"}],"wp:featuredmedia":[{"embeddable":true,"href":"https:\/\/stylingagenten.com\/no\/wp-json\/wp\/v2\/media\/388945"}],"wp:attachment":[{"href":"https:\/\/stylingagenten.com\/no\/wp-json\/wp\/v2\/media?parent=388948"}],"wp:term":[{"taxonomy":"product_brand","embeddable":true,"href":"https:\/\/stylingagenten.com\/no\/wp-json\/wp\/v2\/product_brand?post=388948"},{"taxonomy":"product_cat","embeddable":true,"href":"https:\/\/stylingagenten.com\/no\/wp-json\/wp\/v2\/product_cat?post=388948"},{"taxonomy":"product_tag","embeddable":true,"href":"https:\/\/stylingagenten.com\/no\/wp-json\/wp\/v2\/product_tag?post=388948"},{"taxonomy":"berocket_brand","embeddable":true,"href":"https:\/\/stylingagenten.com\/no\/wp-json\/wp\/v2\/berocket_brand?post=388948"}],"curies":[{"name":"wp","href":"https:\/\/api.w.org\/{rel}","templated":true}]}}