{"id":388947,"date":"2025-05-18T21:52:48","date_gmt":"2025-05-18T21:52:48","guid":{"rendered":"https:\/\/staging2.stylingagenten.com\/no\/produkt\/ida-warg-intense-nutrition-hand-cream-50ml\/"},"modified":"2026-01-28T12:27:01","modified_gmt":"2026-01-28T12:27:01","slug":"ida-warg-intense-nutrition-hand-cream-50ml","status":"publish","type":"product","link":"https:\/\/stylingagenten.com\/no\/produkt\/ida-warg-intense-nutrition-hand-cream-50ml\/","title":{"rendered":"Ida Warg Intense Nutrition Hand Cream 50ml"},"content":{"rendered":"<p>N\u00e6rende og intensiv fuktighetsgivende h\u00e5ndkrem for sv\u00e6rt t\u00f8rre og grove hender. Inneholder ekstra fuktighetsgivende sheasm\u00f8r, barrierereparerende havreolje og Linnea-ekstrakt som kan berolige irritert hud.<\/p>\n<p>Intense Nutrition er en serie for deg med veldig t\u00f8rr hud som \u00f8nsker en rik &aring;refukting. Serien inneholder mykgj\u00f8rende og n\u00e6ringsrike oljer fra havre, raps og sheasm\u00f8r. I tillegg er produktene beriket med ekstrakter fra Linnea-blomsten som kan virke beroligende p\u00e5; huden.<\/p>\n<p>&#8211; En varm, trygg og omsluttende duft med toner av vanilje, kokos og sjasmin.<br \/>&#8211; 100 % vegansk<br \/>&#8211; Cruelty-free<\/p>\n<p>50 ml <\/p>\n<p data-empty=\"true\"><\/p>\n","protected":false},"excerpt":{"rendered":"<p>N\u00e6rende og intensiv fuktighetsgivende h\u00e5ndkrem for sv\u00e6rt t\u00f8rre og grove hender. Inneholder ekstra fuktighetsgivende sheasm\u00f8r, barrierereparerende havreolje og Linnea-ekstrakt som kan berolige irritert hud. Intense Nutrition er en serie for deg med veldig t\u00f8rr hud som \u00f8nsker en rik &aring;refukting. Serien inneholder mykgj\u00f8rende og n\u00e6ringsrike oljer fra havre, raps og sheasm\u00f8r. I tillegg er produktene [&hellip;]<\/p>\n","protected":false},"featured_media":388942,"comment_status":"open","ping_status":"closed","template":"","meta":{"_trash_the_other_posts":false},"product_brand":[],"product_cat":[574],"product_tag":[],"berocket_brand":[1346],"class_list":{"0":"post-388947","1":"product","2":"type-product","3":"status-publish","4":"has-post-thumbnail","6":"product_cat-handkrem","7":"pa_brand-ida-warg","8":"berocket_brand-ida-warg","10":"first","11":"instock","12":"sale","13":"taxable","14":"shipping-taxable","15":"purchasable","16":"product-type-simple"},"_links":{"self":[{"href":"https:\/\/stylingagenten.com\/no\/wp-json\/wp\/v2\/product\/388947","targetHints":{"allow":["GET"]}}],"collection":[{"href":"https:\/\/stylingagenten.com\/no\/wp-json\/wp\/v2\/product"}],"about":[{"href":"https:\/\/stylingagenten.com\/no\/wp-json\/wp\/v2\/types\/product"}],"replies":[{"embeddable":true,"href":"https:\/\/stylingagenten.com\/no\/wp-json\/wp\/v2\/comments?post=388947"}],"version-history":[{"count":0,"href":"https:\/\/stylingagenten.com\/no\/wp-json\/wp\/v2\/product\/388947\/revisions"}],"wp:featuredmedia":[{"embeddable":true,"href":"https:\/\/stylingagenten.com\/no\/wp-json\/wp\/v2\/media\/388942"}],"wp:attachment":[{"href":"https:\/\/stylingagenten.com\/no\/wp-json\/wp\/v2\/media?parent=388947"}],"wp:term":[{"taxonomy":"product_brand","embeddable":true,"href":"https:\/\/stylingagenten.com\/no\/wp-json\/wp\/v2\/product_brand?post=388947"},{"taxonomy":"product_cat","embeddable":true,"href":"https:\/\/stylingagenten.com\/no\/wp-json\/wp\/v2\/product_cat?post=388947"},{"taxonomy":"product_tag","embeddable":true,"href":"https:\/\/stylingagenten.com\/no\/wp-json\/wp\/v2\/product_tag?post=388947"},{"taxonomy":"berocket_brand","embeddable":true,"href":"https:\/\/stylingagenten.com\/no\/wp-json\/wp\/v2\/berocket_brand?post=388947"}],"curies":[{"name":"wp","href":"https:\/\/api.w.org\/{rel}","templated":true}]}}