{"id":388797,"date":"2025-05-18T21:52:14","date_gmt":"2025-05-18T21:52:14","guid":{"rendered":"https:\/\/staging2.stylingagenten.com\/no\/produkt\/balmain-silk-perfume-200ml\/"},"modified":"2026-03-23T19:47:32","modified_gmt":"2026-03-23T19:47:32","slug":"balmain-silk-perfume-200ml","status":"publish","type":"product","link":"https:\/\/stylingagenten.com\/no\/produkt\/balmain-silk-perfume-200ml\/","title":{"rendered":"Balmain Silk Perfume 200ml"},"content":{"rendered":"<p>Spesielt formulert for \u00e5 gi et lett silkematt resultat, fylt med ren arganolje. Bygget p\u00e5 pleiende silkeproteiner som beskytter, motvirker slitasje og gir et glansfullt resultat. Balmain&#8217;s Silk Perfume er en veldig overd\u00e5dig og luksuri\u00f8s h\u00e5rparfyme med klare basedufter fra Balmains parfymeprodukter.<\/p>\n","protected":false},"excerpt":{"rendered":"<p>Spesielt formulert for \u00e5 gi et lett silkematt resultat, fylt med ren arganolje. Bygget p\u00e5 pleiende silkeproteiner som beskytter, motvirker slitasje og gir et glansfullt resultat. Balmain&#8217;s Silk Perfume er en veldig overd\u00e5dig og luksuri\u00f8s h\u00e5rparfyme med klare basedufter fra Balmains parfymeprodukter.<\/p>\n","protected":false},"featured_media":388795,"comment_status":"open","ping_status":"closed","template":"","meta":{"_trash_the_other_posts":false},"product_brand":[],"product_cat":[626],"product_tag":[],"berocket_brand":[1144],"class_list":{"0":"post-388797","1":"product","2":"type-product","3":"status-publish","4":"has-post-thumbnail","6":"product_cat-glansspray","7":"pa_brand-balmain","8":"berocket_brand-balmain","10":"first","11":"instock","12":"sale","13":"taxable","14":"shipping-taxable","15":"purchasable","16":"product-type-simple"},"_links":{"self":[{"href":"https:\/\/stylingagenten.com\/no\/wp-json\/wp\/v2\/product\/388797","targetHints":{"allow":["GET"]}}],"collection":[{"href":"https:\/\/stylingagenten.com\/no\/wp-json\/wp\/v2\/product"}],"about":[{"href":"https:\/\/stylingagenten.com\/no\/wp-json\/wp\/v2\/types\/product"}],"replies":[{"embeddable":true,"href":"https:\/\/stylingagenten.com\/no\/wp-json\/wp\/v2\/comments?post=388797"}],"version-history":[{"count":0,"href":"https:\/\/stylingagenten.com\/no\/wp-json\/wp\/v2\/product\/388797\/revisions"}],"wp:featuredmedia":[{"embeddable":true,"href":"https:\/\/stylingagenten.com\/no\/wp-json\/wp\/v2\/media\/388795"}],"wp:attachment":[{"href":"https:\/\/stylingagenten.com\/no\/wp-json\/wp\/v2\/media?parent=388797"}],"wp:term":[{"taxonomy":"product_brand","embeddable":true,"href":"https:\/\/stylingagenten.com\/no\/wp-json\/wp\/v2\/product_brand?post=388797"},{"taxonomy":"product_cat","embeddable":true,"href":"https:\/\/stylingagenten.com\/no\/wp-json\/wp\/v2\/product_cat?post=388797"},{"taxonomy":"product_tag","embeddable":true,"href":"https:\/\/stylingagenten.com\/no\/wp-json\/wp\/v2\/product_tag?post=388797"},{"taxonomy":"berocket_brand","embeddable":true,"href":"https:\/\/stylingagenten.com\/no\/wp-json\/wp\/v2\/berocket_brand?post=388797"}],"curies":[{"name":"wp","href":"https:\/\/api.w.org\/{rel}","templated":true}]}}