{"id":388728,"date":"2025-05-18T21:51:58","date_gmt":"2025-05-18T21:51:58","guid":{"rendered":"https:\/\/staging2.stylingagenten.com\/no\/produkt\/zmile-cosmetics-beauty-bag-snake-look\/"},"modified":"2025-12-18T21:28:39","modified_gmt":"2025-12-18T21:28:39","slug":"zmile-cosmetics-beauty-bag-snake-look","status":"publish","type":"product","link":"https:\/\/stylingagenten.com\/no\/produkt\/zmile-cosmetics-beauty-bag-snake-look\/","title":{"rendered":"Zmile Cosmetics Beauty Bag Snake Look"},"content":{"rendered":"<p><strong>Zmile Cosmetics Beauty Bag Snake Look<\/strong><br \/>Et stilig etui inneholder sminkeprodukter. Perfekt \u00e5 ha p\u00e5&aring; Spl&aring;ng!<\/p>\n<p>Inneholder:<br \/>4 x \u00f8yenskygger<br \/>1 x rouge<br \/>1 x leppestift<br \/>1 x mascara<br \/>1 x vaskesideapplikator<\/p>\n<p>St\u00f8rrelse: ca. 18 x 9 x 9 cm<\/p>\n<p><\/p><\/p>\n","protected":false},"excerpt":{"rendered":"<p>Zmile Cosmetics Beauty Bag Snake LookEt stilig etui inneholder sminkeprodukter. Perfekt \u00e5 ha p\u00e5&aring; Spl&aring;ng! Inneholder:4 x \u00f8yenskygger1 x rouge1 x leppestift1 x mascara1 x vaskesideapplikator St\u00f8rrelse: ca. 18 x 9 x 9 cm<\/p>\n","protected":false},"featured_media":388713,"comment_status":"open","ping_status":"closed","template":"","meta":{"_trash_the_other_posts":false},"product_brand":[],"product_cat":[664,637],"product_tag":[],"berocket_brand":[1179],"class_list":{"0":"post-388728","1":"product","2":"type-product","3":"status-publish","4":"has-post-thumbnail","6":"product_cat-gave-sminke","7":"product_cat-sminke","8":"pa_brand-zmile-cosmetics","9":"berocket_brand-zmile-cosmetics","11":"first","12":"instock","13":"taxable","14":"shipping-taxable","15":"purchasable","16":"product-type-simple"},"_links":{"self":[{"href":"https:\/\/stylingagenten.com\/no\/wp-json\/wp\/v2\/product\/388728","targetHints":{"allow":["GET"]}}],"collection":[{"href":"https:\/\/stylingagenten.com\/no\/wp-json\/wp\/v2\/product"}],"about":[{"href":"https:\/\/stylingagenten.com\/no\/wp-json\/wp\/v2\/types\/product"}],"replies":[{"embeddable":true,"href":"https:\/\/stylingagenten.com\/no\/wp-json\/wp\/v2\/comments?post=388728"}],"version-history":[{"count":0,"href":"https:\/\/stylingagenten.com\/no\/wp-json\/wp\/v2\/product\/388728\/revisions"}],"wp:featuredmedia":[{"embeddable":true,"href":"https:\/\/stylingagenten.com\/no\/wp-json\/wp\/v2\/media\/388713"}],"wp:attachment":[{"href":"https:\/\/stylingagenten.com\/no\/wp-json\/wp\/v2\/media?parent=388728"}],"wp:term":[{"taxonomy":"product_brand","embeddable":true,"href":"https:\/\/stylingagenten.com\/no\/wp-json\/wp\/v2\/product_brand?post=388728"},{"taxonomy":"product_cat","embeddable":true,"href":"https:\/\/stylingagenten.com\/no\/wp-json\/wp\/v2\/product_cat?post=388728"},{"taxonomy":"product_tag","embeddable":true,"href":"https:\/\/stylingagenten.com\/no\/wp-json\/wp\/v2\/product_tag?post=388728"},{"taxonomy":"berocket_brand","embeddable":true,"href":"https:\/\/stylingagenten.com\/no\/wp-json\/wp\/v2\/berocket_brand?post=388728"}],"curies":[{"name":"wp","href":"https:\/\/api.w.org\/{rel}","templated":true}]}}