{"id":388701,"date":"2025-05-18T21:51:51","date_gmt":"2025-05-18T21:51:51","guid":{"rendered":"https:\/\/staging2.stylingagenten.com\/no\/produkt\/zmile-cosmetics-beauty-case-velvety-grey\/"},"modified":"2026-04-10T14:18:38","modified_gmt":"2026-04-10T14:18:38","slug":"zmile-cosmetics-beauty-case-velvety-grey","status":"publish","type":"product","link":"https:\/\/stylingagenten.com\/no\/produkt\/zmile-cosmetics-beauty-case-velvety-grey\/","title":{"rendered":"Zmile Cosmetics Beauty Case Velvety Grey"},"content":{"rendered":"<p><strong>Zmile Cosmetics Beauty Case Velvety Grey<\/strong><\/p>\n<p>Begrenset opplag. Men det betyr ikke at dette fluffy, stilige etuiet vil begrense deg i alt. Tvert imot: den er fylt til randen med kule farger for endel\u00f8se stilige utseende &ndash; men bare s&aring; S\u00e5 lenge lageret rekker!<\/p>\n<p>Inneholder:<br \/>32 x \u00f8yenskygge<br \/>2 x rouge (i 5 stk kompakt)<br \/>3 x \u00f8yenbrynspudder<br \/>1 x \u00f8yenbrynsvoks<br \/>8x krem\u00f8yeskygge<br \/>4 x kroppsglitterkrem<br \/>3x highlighter<br \/>4x korreksjonskrem<br \/>2 x lipgloss<br \/>1 x leppestift<br \/>1 x mascara<br \/>1 x kajal<br \/>1 x leppeblyant<br \/>1 x r\u00f8dmeb\u00f8rste<br \/>1 x tosidig \u00f8yenskyggeb\u00f8rste<br \/>4 x tosidig applikator<br \/>1 x r\u00f8dmeb\u00f8rste<br \/>1 x integrert speil &nbsp; &nbsp; &nbsp; &nbsp; &nbsp; &nbsp; &nbsp; &nbsp;<\/p>\n<p>st\u00f8rrelse: ca. 23,0 x 14,5 x 15,7 cm<\/p>\n","protected":false},"excerpt":{"rendered":"<p>Zmile Cosmetics Beauty Case Velvety Grey Begrenset opplag. Men det betyr ikke at dette fluffy, stilige etuiet vil begrense deg i alt. Tvert imot: den er fylt til randen med kule farger for endel\u00f8se stilige utseende &ndash; men bare s&aring; S\u00e5 lenge lageret rekker! Inneholder:32 x \u00f8yenskygge2 x rouge (i 5 stk kompakt)3 x \u00f8yenbrynspudder1 [&hellip;]<\/p>\n","protected":false},"featured_media":388694,"comment_status":"open","ping_status":"closed","template":"","meta":{"_trash_the_other_posts":false},"product_brand":[],"product_cat":[664,637],"product_tag":[],"berocket_brand":[1179],"class_list":{"0":"post-388701","1":"product","2":"type-product","3":"status-publish","4":"has-post-thumbnail","6":"product_cat-gave-sminke","7":"product_cat-sminke","8":"pa_brand-zmile-cosmetics","9":"berocket_brand-zmile-cosmetics","11":"first","12":"instock","13":"sale","14":"taxable","15":"shipping-taxable","16":"purchasable","17":"product-type-simple"},"_links":{"self":[{"href":"https:\/\/stylingagenten.com\/no\/wp-json\/wp\/v2\/product\/388701","targetHints":{"allow":["GET"]}}],"collection":[{"href":"https:\/\/stylingagenten.com\/no\/wp-json\/wp\/v2\/product"}],"about":[{"href":"https:\/\/stylingagenten.com\/no\/wp-json\/wp\/v2\/types\/product"}],"replies":[{"embeddable":true,"href":"https:\/\/stylingagenten.com\/no\/wp-json\/wp\/v2\/comments?post=388701"}],"version-history":[{"count":0,"href":"https:\/\/stylingagenten.com\/no\/wp-json\/wp\/v2\/product\/388701\/revisions"}],"wp:featuredmedia":[{"embeddable":true,"href":"https:\/\/stylingagenten.com\/no\/wp-json\/wp\/v2\/media\/388694"}],"wp:attachment":[{"href":"https:\/\/stylingagenten.com\/no\/wp-json\/wp\/v2\/media?parent=388701"}],"wp:term":[{"taxonomy":"product_brand","embeddable":true,"href":"https:\/\/stylingagenten.com\/no\/wp-json\/wp\/v2\/product_brand?post=388701"},{"taxonomy":"product_cat","embeddable":true,"href":"https:\/\/stylingagenten.com\/no\/wp-json\/wp\/v2\/product_cat?post=388701"},{"taxonomy":"product_tag","embeddable":true,"href":"https:\/\/stylingagenten.com\/no\/wp-json\/wp\/v2\/product_tag?post=388701"},{"taxonomy":"berocket_brand","embeddable":true,"href":"https:\/\/stylingagenten.com\/no\/wp-json\/wp\/v2\/berocket_brand?post=388701"}],"curies":[{"name":"wp","href":"https:\/\/api.w.org\/{rel}","templated":true}]}}