{"id":388674,"date":"2025-05-18T21:51:43","date_gmt":"2025-05-18T21:51:43","guid":{"rendered":"https:\/\/staging2.stylingagenten.com\/no\/produkt\/zmile-cosmetics-makeup-set-all-you-need-to-go-vegan\/"},"modified":"2026-04-08T12:59:01","modified_gmt":"2026-04-08T12:59:01","slug":"zmile-cosmetics-makeup-set-all-you-need-to-go-vegan","status":"publish","type":"product","link":"https:\/\/stylingagenten.com\/no\/produkt\/zmile-cosmetics-makeup-set-all-you-need-to-go-vegan\/","title":{"rendered":"Zmile Cosmetics Makeup Set All You Need To Go Vegan"},"content":{"rendered":"<p>Zmile Cosmetics All You Need To Go er et kompakt sminkesett med alt du m\u00e5tte trenge for en vellykket og variert sminke. Den tar ogs\u00e5 minimalt med plass og er derfor perfekt \u00e5 ha med seg p\u00e5 turen.<\/p>\n<p>Inneholder f\u00f8lgende produkter:<\/p>\n<p>24 x \u00f8yenskygger<br \/>8 x rouge<br \/>6 x leppe glans<br \/> 1 x pudder<br \/>1 x mascara<br \/>2 x sm\u00e5 b\u00f8rster<br \/>1 x liten leppeb\u00f8rste<br \/>1 x applikator + speil<\/p>\n","protected":false},"excerpt":{"rendered":"<p>Zmile Cosmetics All You Need To Go er et kompakt sminkesett med alt du m\u00e5tte trenge for en vellykket og variert sminke. Den tar ogs\u00e5 minimalt med plass og er derfor perfekt \u00e5 ha med seg p\u00e5 turen. Inneholder f\u00f8lgende produkter: 24 x \u00f8yenskygger8 x rouge6 x leppe glans 1 x pudder1 x mascara2 x [&hellip;]<\/p>\n","protected":false},"featured_media":388669,"comment_status":"open","ping_status":"closed","template":"","meta":{"_trash_the_other_posts":false},"product_brand":[],"product_cat":[664,637],"product_tag":[],"berocket_brand":[1179],"class_list":{"0":"post-388674","1":"product","2":"type-product","3":"status-publish","4":"has-post-thumbnail","6":"product_cat-gave-sminke","7":"product_cat-sminke","8":"pa_brand-zmile-cosmetics","9":"berocket_brand-zmile-cosmetics","11":"first","12":"instock","13":"sale","14":"taxable","15":"shipping-taxable","16":"purchasable","17":"product-type-simple"},"_links":{"self":[{"href":"https:\/\/stylingagenten.com\/no\/wp-json\/wp\/v2\/product\/388674","targetHints":{"allow":["GET"]}}],"collection":[{"href":"https:\/\/stylingagenten.com\/no\/wp-json\/wp\/v2\/product"}],"about":[{"href":"https:\/\/stylingagenten.com\/no\/wp-json\/wp\/v2\/types\/product"}],"replies":[{"embeddable":true,"href":"https:\/\/stylingagenten.com\/no\/wp-json\/wp\/v2\/comments?post=388674"}],"version-history":[{"count":0,"href":"https:\/\/stylingagenten.com\/no\/wp-json\/wp\/v2\/product\/388674\/revisions"}],"wp:featuredmedia":[{"embeddable":true,"href":"https:\/\/stylingagenten.com\/no\/wp-json\/wp\/v2\/media\/388669"}],"wp:attachment":[{"href":"https:\/\/stylingagenten.com\/no\/wp-json\/wp\/v2\/media?parent=388674"}],"wp:term":[{"taxonomy":"product_brand","embeddable":true,"href":"https:\/\/stylingagenten.com\/no\/wp-json\/wp\/v2\/product_brand?post=388674"},{"taxonomy":"product_cat","embeddable":true,"href":"https:\/\/stylingagenten.com\/no\/wp-json\/wp\/v2\/product_cat?post=388674"},{"taxonomy":"product_tag","embeddable":true,"href":"https:\/\/stylingagenten.com\/no\/wp-json\/wp\/v2\/product_tag?post=388674"},{"taxonomy":"berocket_brand","embeddable":true,"href":"https:\/\/stylingagenten.com\/no\/wp-json\/wp\/v2\/berocket_brand?post=388674"}],"curies":[{"name":"wp","href":"https:\/\/api.w.org\/{rel}","templated":true}]}}