{"id":388650,"date":"2025-05-18T21:51:37","date_gmt":"2025-05-18T21:51:37","guid":{"rendered":"https:\/\/staging2.stylingagenten.com\/no\/produkt\/makeup-revolution-i-heart-revolution-nutcracker-makeup-set\/"},"modified":"2026-01-30T07:46:57","modified_gmt":"2026-01-30T07:46:57","slug":"makeup-revolution-i-heart-revolution-nutcracker-makeup-set","status":"publish","type":"product","link":"https:\/\/stylingagenten.com\/no\/produkt\/makeup-revolution-i-heart-revolution-nutcracker-makeup-set\/","title":{"rendered":"Makeup Revolution I Heart Revolution Christmas Nutcracker Makeup Set"},"content":{"rendered":"<p>Ha en magisk N\u00f8tteknekker-jul med I Heart Revolution N\u00f8tteknekker-julekolleksjonen!<br \/>Lag din s\u00f8teste juleutseende til n\u00e5 med denne magiske paletten fylt med 30 perfekt pastellfargede og n\u00f8ytrale festlige nyanser og to deilige lipglosser for endel\u00f8se festlige looks!<\/p>\n<p>Dette settet inkluderer:<br \/>&#8211; To N\u00f8tteknekker-lipglosser<br \/>&#8211; 30 Pan Nutcracker Shadow Palette<\/p>\n","protected":false},"excerpt":{"rendered":"<p>Ha en magisk N\u00f8tteknekker-jul med I Heart Revolution N\u00f8tteknekker-julekolleksjonen!Lag din s\u00f8teste juleutseende til n\u00e5 med denne magiske paletten fylt med 30 perfekt pastellfargede og n\u00f8ytrale festlige nyanser og to deilige lipglosser for endel\u00f8se festlige looks! Dette settet inkluderer:&#8211; To N\u00f8tteknekker-lipglosser&#8211; 30 Pan Nutcracker Shadow Palette<\/p>\n","protected":false},"featured_media":388638,"comment_status":"open","ping_status":"closed","template":"","meta":{"_trash_the_other_posts":false},"product_brand":[],"product_cat":[664,1005,581],"product_tag":[],"berocket_brand":[1050],"class_list":{"0":"post-388650","1":"product","2":"type-product","3":"status-publish","4":"has-post-thumbnail","6":"product_cat-gave-sminke","7":"product_cat-outlet","8":"product_cat-oyenskygge","9":"pa_brand-makeup-revolution","10":"berocket_brand-makeup-revolution","12":"first","13":"instock","14":"sale","15":"taxable","16":"shipping-taxable","17":"purchasable","18":"product-type-simple"},"_links":{"self":[{"href":"https:\/\/stylingagenten.com\/no\/wp-json\/wp\/v2\/product\/388650","targetHints":{"allow":["GET"]}}],"collection":[{"href":"https:\/\/stylingagenten.com\/no\/wp-json\/wp\/v2\/product"}],"about":[{"href":"https:\/\/stylingagenten.com\/no\/wp-json\/wp\/v2\/types\/product"}],"replies":[{"embeddable":true,"href":"https:\/\/stylingagenten.com\/no\/wp-json\/wp\/v2\/comments?post=388650"}],"version-history":[{"count":0,"href":"https:\/\/stylingagenten.com\/no\/wp-json\/wp\/v2\/product\/388650\/revisions"}],"wp:featuredmedia":[{"embeddable":true,"href":"https:\/\/stylingagenten.com\/no\/wp-json\/wp\/v2\/media\/388638"}],"wp:attachment":[{"href":"https:\/\/stylingagenten.com\/no\/wp-json\/wp\/v2\/media?parent=388650"}],"wp:term":[{"taxonomy":"product_brand","embeddable":true,"href":"https:\/\/stylingagenten.com\/no\/wp-json\/wp\/v2\/product_brand?post=388650"},{"taxonomy":"product_cat","embeddable":true,"href":"https:\/\/stylingagenten.com\/no\/wp-json\/wp\/v2\/product_cat?post=388650"},{"taxonomy":"product_tag","embeddable":true,"href":"https:\/\/stylingagenten.com\/no\/wp-json\/wp\/v2\/product_tag?post=388650"},{"taxonomy":"berocket_brand","embeddable":true,"href":"https:\/\/stylingagenten.com\/no\/wp-json\/wp\/v2\/berocket_brand?post=388650"}],"curies":[{"name":"wp","href":"https:\/\/api.w.org\/{rel}","templated":true}]}}