{"id":388610,"date":"2025-05-18T21:51:28","date_gmt":"2025-05-18T21:51:28","guid":{"rendered":"https:\/\/staging2.stylingagenten.com\/no\/produkt\/zmile-cosmetics-makeup-box-merry-berry-vegan\/"},"modified":"2026-03-21T10:47:33","modified_gmt":"2026-03-21T10:47:33","slug":"zmile-cosmetics-makeup-box-merry-berry-vegan","status":"publish","type":"product","link":"https:\/\/stylingagenten.com\/no\/produkt\/zmile-cosmetics-makeup-box-merry-berry-vegan\/","title":{"rendered":"Zmile Cosmetics Makeup Box Merry Berry Vegan"},"content":{"rendered":"<p>Merry Berry &#8211; vegansk kosmetikk<br \/>Med denne b\u00e6rfargede sminkeboksen kan du pr\u00f8ve ut forskjellige farger og nyanser for \u00e5 se hva som passer deg, eller utforske nye stiler.<\/p>\n<p>18 X Eyeshadow<br \/>2 X Blush <br \/>1 X Highlighter<br \/>2 X \u00d8yenbrynspulver<br \/>1 X \u00d8yenbrynsvoks<br \/>3 X Neglelakk<br \/>2 x Lipgloss<br \/>1 X Mascara<br \/>1 X Kajal<br \/>1 X Lip Liner<br \/>2 x dobbel applikator<br \/>1 x mini makeup blender<br \/>1 x dobbeltsidig \u00f8yenbrynsb\u00f8rste<br \/>1 x r\u00f8dmeb\u00f8rste<br \/>1 x rundt speil<\/p>\n","protected":false},"excerpt":{"rendered":"<p>Merry Berry &#8211; vegansk kosmetikkMed denne b\u00e6rfargede sminkeboksen kan du pr\u00f8ve ut forskjellige farger og nyanser for \u00e5 se hva som passer deg, eller utforske nye stiler. 18 X Eyeshadow2 X Blush 1 X Highlighter2 X \u00d8yenbrynspulver1 X \u00d8yenbrynsvoks3 X Neglelakk2 x Lipgloss1 X Mascara1 X Kajal1 X Lip Liner2 x dobbel applikator1 x mini [&hellip;]<\/p>\n","protected":false},"featured_media":388584,"comment_status":"open","ping_status":"closed","template":"","meta":{"_trash_the_other_posts":false},"product_brand":[],"product_cat":[664,581],"product_tag":[],"berocket_brand":[1179],"class_list":{"0":"post-388610","1":"product","2":"type-product","3":"status-publish","4":"has-post-thumbnail","6":"product_cat-gave-sminke","7":"product_cat-oyenskygge","8":"pa_brand-zmile-cosmetics","9":"berocket_brand-zmile-cosmetics","11":"first","12":"instock","13":"sale","14":"taxable","15":"shipping-taxable","16":"purchasable","17":"product-type-simple"},"_links":{"self":[{"href":"https:\/\/stylingagenten.com\/no\/wp-json\/wp\/v2\/product\/388610","targetHints":{"allow":["GET"]}}],"collection":[{"href":"https:\/\/stylingagenten.com\/no\/wp-json\/wp\/v2\/product"}],"about":[{"href":"https:\/\/stylingagenten.com\/no\/wp-json\/wp\/v2\/types\/product"}],"replies":[{"embeddable":true,"href":"https:\/\/stylingagenten.com\/no\/wp-json\/wp\/v2\/comments?post=388610"}],"version-history":[{"count":0,"href":"https:\/\/stylingagenten.com\/no\/wp-json\/wp\/v2\/product\/388610\/revisions"}],"wp:featuredmedia":[{"embeddable":true,"href":"https:\/\/stylingagenten.com\/no\/wp-json\/wp\/v2\/media\/388584"}],"wp:attachment":[{"href":"https:\/\/stylingagenten.com\/no\/wp-json\/wp\/v2\/media?parent=388610"}],"wp:term":[{"taxonomy":"product_brand","embeddable":true,"href":"https:\/\/stylingagenten.com\/no\/wp-json\/wp\/v2\/product_brand?post=388610"},{"taxonomy":"product_cat","embeddable":true,"href":"https:\/\/stylingagenten.com\/no\/wp-json\/wp\/v2\/product_cat?post=388610"},{"taxonomy":"product_tag","embeddable":true,"href":"https:\/\/stylingagenten.com\/no\/wp-json\/wp\/v2\/product_tag?post=388610"},{"taxonomy":"berocket_brand","embeddable":true,"href":"https:\/\/stylingagenten.com\/no\/wp-json\/wp\/v2\/berocket_brand?post=388610"}],"curies":[{"name":"wp","href":"https:\/\/api.w.org\/{rel}","templated":true}]}}