{"id":388609,"date":"2025-05-18T21:51:28","date_gmt":"2025-05-18T21:51:28","guid":{"rendered":"https:\/\/staging2.stylingagenten.com\/no\/produkt\/zmile-cosmetics-makeup-box-everybodys-darling-vegan\/"},"modified":"2026-04-05T09:18:36","modified_gmt":"2026-04-05T09:18:36","slug":"zmile-cosmetics-makeup-box-everybodys-darling-vegan","status":"publish","type":"product","link":"https:\/\/stylingagenten.com\/no\/produkt\/zmile-cosmetics-makeup-box-everybodys-darling-vegan\/","title":{"rendered":"Zmile Cosmetics Makeup Box Everybody&#8217;s Darling Vegan"},"content":{"rendered":"<p>Zmile Cosmetics Makeup Box Everybody&#8217;s Darling Vegan<br \/>Et sminkesett som inneholder det meste du trenger for en vellykket og variert sminke som er pent pakket inn i en aluminiumskoffert.<\/p>\n<p>Kittet inneholder:<br \/>32 fine \u00f8yenskygge nyanser i jordfarger, 2 blush, 4 leppestifter, inkludert en vakker shimmer, 4 fine neglelakker, 3 kajal penner og en leppeblyant. I tillegg f\u00e5r du ogs\u00e5 4 forskjellige applikatorer, en liten neglefil og en fin boks til \u00e5 b\u00e6re favorittskyggene dine med deg.<\/p>\n<p>25,3\u00d79,3\u00d718,5 cm<\/p>\n","protected":false},"excerpt":{"rendered":"<p>Zmile Cosmetics Makeup Box Everybody&#8217;s Darling VeganEt sminkesett som inneholder det meste du trenger for en vellykket og variert sminke som er pent pakket inn i en aluminiumskoffert. Kittet inneholder:32 fine \u00f8yenskygge nyanser i jordfarger, 2 blush, 4 leppestifter, inkludert en vakker shimmer, 4 fine neglelakker, 3 kajal penner og en leppeblyant. I tillegg f\u00e5r [&hellip;]<\/p>\n","protected":false},"featured_media":388589,"comment_status":"open","ping_status":"closed","template":"","meta":{"_trash_the_other_posts":false},"product_brand":[],"product_cat":[664,637],"product_tag":[],"berocket_brand":[1179],"class_list":{"0":"post-388609","1":"product","2":"type-product","3":"status-publish","4":"has-post-thumbnail","6":"product_cat-gave-sminke","7":"product_cat-sminke","8":"pa_brand-zmile-cosmetics","9":"berocket_brand-zmile-cosmetics","11":"first","12":"instock","13":"sale","14":"taxable","15":"shipping-taxable","16":"purchasable","17":"product-type-simple"},"_links":{"self":[{"href":"https:\/\/stylingagenten.com\/no\/wp-json\/wp\/v2\/product\/388609","targetHints":{"allow":["GET"]}}],"collection":[{"href":"https:\/\/stylingagenten.com\/no\/wp-json\/wp\/v2\/product"}],"about":[{"href":"https:\/\/stylingagenten.com\/no\/wp-json\/wp\/v2\/types\/product"}],"replies":[{"embeddable":true,"href":"https:\/\/stylingagenten.com\/no\/wp-json\/wp\/v2\/comments?post=388609"}],"version-history":[{"count":0,"href":"https:\/\/stylingagenten.com\/no\/wp-json\/wp\/v2\/product\/388609\/revisions"}],"wp:featuredmedia":[{"embeddable":true,"href":"https:\/\/stylingagenten.com\/no\/wp-json\/wp\/v2\/media\/388589"}],"wp:attachment":[{"href":"https:\/\/stylingagenten.com\/no\/wp-json\/wp\/v2\/media?parent=388609"}],"wp:term":[{"taxonomy":"product_brand","embeddable":true,"href":"https:\/\/stylingagenten.com\/no\/wp-json\/wp\/v2\/product_brand?post=388609"},{"taxonomy":"product_cat","embeddable":true,"href":"https:\/\/stylingagenten.com\/no\/wp-json\/wp\/v2\/product_cat?post=388609"},{"taxonomy":"product_tag","embeddable":true,"href":"https:\/\/stylingagenten.com\/no\/wp-json\/wp\/v2\/product_tag?post=388609"},{"taxonomy":"berocket_brand","embeddable":true,"href":"https:\/\/stylingagenten.com\/no\/wp-json\/wp\/v2\/berocket_brand?post=388609"}],"curies":[{"name":"wp","href":"https:\/\/api.w.org\/{rel}","templated":true}]}}