{"id":388592,"date":"2025-05-18T21:51:26","date_gmt":"2025-05-18T21:51:26","guid":{"rendered":"https:\/\/staging2.stylingagenten.com\/no\/produkt\/zmile-cosmetics-beauty-set-what-a-look\/"},"modified":"2025-12-18T21:28:39","modified_gmt":"2025-12-18T21:28:39","slug":"zmile-cosmetics-beauty-set-what-a-look","status":"publish","type":"product","link":"https:\/\/stylingagenten.com\/no\/produkt\/zmile-cosmetics-beauty-set-what-a-look\/","title":{"rendered":"Zmile Cosmetics Beauty Set WHAT A LOOK!"},"content":{"rendered":"<p>HVA ET UTSEENDE!<br \/>Hva passer i hver veske og lar deg lage en look p\u00e5 5 minutter? Det nye ZMILE-dekselet!<br \/>Innsiden finner du alt du trenger for en spontan look: en vakker \u00f8yenskyggeblyant, mascara og en \u00f8yenbrynsblyant &#8211; helt vegansk! Og selvf\u00f8lgelig kan du bruke det stilige etuiet til favorittsolbrillene dine!<\/p>\n<p>1 x Brilleetui<br \/>1 x Mascara<br \/>1 x Creamy Eyeshadow Pencil<br \/>1 x Eyebrows<\/p>\n","protected":false},"excerpt":{"rendered":"<p>HVA ET UTSEENDE!Hva passer i hver veske og lar deg lage en look p\u00e5 5 minutter? Det nye ZMILE-dekselet!Innsiden finner du alt du trenger for en spontan look: en vakker \u00f8yenskyggeblyant, mascara og en \u00f8yenbrynsblyant &#8211; helt vegansk! Og selvf\u00f8lgelig kan du bruke det stilige etuiet til favorittsolbrillene dine! 1 x Brilleetui1 x Mascara1 x [&hellip;]<\/p>\n","protected":false},"featured_media":388580,"comment_status":"open","ping_status":"closed","template":"","meta":{"_trash_the_other_posts":false},"product_brand":[],"product_cat":[664,637],"product_tag":[],"berocket_brand":[1179],"class_list":{"0":"post-388592","1":"product","2":"type-product","3":"status-publish","4":"has-post-thumbnail","6":"product_cat-gave-sminke","7":"product_cat-sminke","8":"pa_brand-zmile-cosmetics","9":"berocket_brand-zmile-cosmetics","11":"first","12":"instock","13":"sale","14":"taxable","15":"shipping-taxable","16":"purchasable","17":"product-type-simple"},"_links":{"self":[{"href":"https:\/\/stylingagenten.com\/no\/wp-json\/wp\/v2\/product\/388592","targetHints":{"allow":["GET"]}}],"collection":[{"href":"https:\/\/stylingagenten.com\/no\/wp-json\/wp\/v2\/product"}],"about":[{"href":"https:\/\/stylingagenten.com\/no\/wp-json\/wp\/v2\/types\/product"}],"replies":[{"embeddable":true,"href":"https:\/\/stylingagenten.com\/no\/wp-json\/wp\/v2\/comments?post=388592"}],"version-history":[{"count":0,"href":"https:\/\/stylingagenten.com\/no\/wp-json\/wp\/v2\/product\/388592\/revisions"}],"wp:featuredmedia":[{"embeddable":true,"href":"https:\/\/stylingagenten.com\/no\/wp-json\/wp\/v2\/media\/388580"}],"wp:attachment":[{"href":"https:\/\/stylingagenten.com\/no\/wp-json\/wp\/v2\/media?parent=388592"}],"wp:term":[{"taxonomy":"product_brand","embeddable":true,"href":"https:\/\/stylingagenten.com\/no\/wp-json\/wp\/v2\/product_brand?post=388592"},{"taxonomy":"product_cat","embeddable":true,"href":"https:\/\/stylingagenten.com\/no\/wp-json\/wp\/v2\/product_cat?post=388592"},{"taxonomy":"product_tag","embeddable":true,"href":"https:\/\/stylingagenten.com\/no\/wp-json\/wp\/v2\/product_tag?post=388592"},{"taxonomy":"berocket_brand","embeddable":true,"href":"https:\/\/stylingagenten.com\/no\/wp-json\/wp\/v2\/berocket_brand?post=388592"}],"curies":[{"name":"wp","href":"https:\/\/api.w.org\/{rel}","templated":true}]}}