{"id":388573,"date":"2025-05-18T21:51:22","date_gmt":"2025-05-18T21:51:22","guid":{"rendered":"https:\/\/staging2.stylingagenten.com\/no\/produkt\/zmile-cosmetics-make-up-set-glam-to-go-vegan\/"},"modified":"2026-01-05T12:36:31","modified_gmt":"2026-01-05T12:36:31","slug":"zmile-cosmetics-make-up-set-glam-to-go-vegan","status":"publish","type":"product","link":"https:\/\/stylingagenten.com\/no\/produkt\/zmile-cosmetics-make-up-set-glam-to-go-vegan\/","title":{"rendered":"Zmile Cosmetics Make-Up Set Glam To Go Vegan"},"content":{"rendered":"<p>Glam To Go &#8211; vegansk kosmetikk<br \/>Glamour\u00f8s sminke i et praktisk sett med magnetisk lukking og inneholder alt skj\u00f8nnheten ditt \u00f8nsker! Glam To Go! S\u00e5 stilig, s\u00e5 VAKKER!<\/p>\n<p>Innhold:<br \/>18 x \u00f8yenskygge<br \/>12 x Lip Gloss Cream<br \/>1 x Blush<br \/>1 x Bronzing Powder<br \/>1 x Kajal<br \/> 1 x leppeblyant<br \/>1 x 7 stk b\u00f8rste\/applikatorsett<br \/>1 x integrert speil<\/p>\n<p>2,7\u00d719,4\u00d710 cm<\/p>\n","protected":false},"excerpt":{"rendered":"<p>Glam To Go &#8211; vegansk kosmetikkGlamour\u00f8s sminke i et praktisk sett med magnetisk lukking og inneholder alt skj\u00f8nnheten ditt \u00f8nsker! Glam To Go! S\u00e5 stilig, s\u00e5 VAKKER! Innhold:18 x \u00f8yenskygge12 x Lip Gloss Cream1 x Blush1 x Bronzing Powder1 x Kajal 1 x leppeblyant1 x 7 stk b\u00f8rste\/applikatorsett1 x integrert speil 2,7\u00d719,4\u00d710 cm<\/p>\n","protected":false},"featured_media":388563,"comment_status":"open","ping_status":"closed","template":"","meta":{"_trash_the_other_posts":false},"product_brand":[],"product_cat":[664,581],"product_tag":[],"berocket_brand":[1179],"class_list":{"0":"post-388573","1":"product","2":"type-product","3":"status-publish","4":"has-post-thumbnail","6":"product_cat-gave-sminke","7":"product_cat-oyenskygge","8":"pa_brand-zmile-cosmetics","9":"berocket_brand-zmile-cosmetics","11":"first","12":"instock","13":"sale","14":"taxable","15":"shipping-taxable","16":"purchasable","17":"product-type-simple"},"_links":{"self":[{"href":"https:\/\/stylingagenten.com\/no\/wp-json\/wp\/v2\/product\/388573","targetHints":{"allow":["GET"]}}],"collection":[{"href":"https:\/\/stylingagenten.com\/no\/wp-json\/wp\/v2\/product"}],"about":[{"href":"https:\/\/stylingagenten.com\/no\/wp-json\/wp\/v2\/types\/product"}],"replies":[{"embeddable":true,"href":"https:\/\/stylingagenten.com\/no\/wp-json\/wp\/v2\/comments?post=388573"}],"version-history":[{"count":0,"href":"https:\/\/stylingagenten.com\/no\/wp-json\/wp\/v2\/product\/388573\/revisions"}],"wp:featuredmedia":[{"embeddable":true,"href":"https:\/\/stylingagenten.com\/no\/wp-json\/wp\/v2\/media\/388563"}],"wp:attachment":[{"href":"https:\/\/stylingagenten.com\/no\/wp-json\/wp\/v2\/media?parent=388573"}],"wp:term":[{"taxonomy":"product_brand","embeddable":true,"href":"https:\/\/stylingagenten.com\/no\/wp-json\/wp\/v2\/product_brand?post=388573"},{"taxonomy":"product_cat","embeddable":true,"href":"https:\/\/stylingagenten.com\/no\/wp-json\/wp\/v2\/product_cat?post=388573"},{"taxonomy":"product_tag","embeddable":true,"href":"https:\/\/stylingagenten.com\/no\/wp-json\/wp\/v2\/product_tag?post=388573"},{"taxonomy":"berocket_brand","embeddable":true,"href":"https:\/\/stylingagenten.com\/no\/wp-json\/wp\/v2\/berocket_brand?post=388573"}],"curies":[{"name":"wp","href":"https:\/\/api.w.org\/{rel}","templated":true}]}}