{"id":388557,"date":"2025-05-18T21:51:17","date_gmt":"2025-05-18T21:51:17","guid":{"rendered":"https:\/\/staging2.stylingagenten.com\/no\/produkt\/makeup-revolution-all-about-the-contour-gift-set\/"},"modified":"2026-04-02T10:58:42","modified_gmt":"2026-04-02T10:58:42","slug":"makeup-revolution-all-about-the-contour-gift-set","status":"publish","type":"product","link":"https:\/\/stylingagenten.com\/no\/produkt\/makeup-revolution-all-about-the-contour-gift-set\/","title":{"rendered":"Makeup Revolution All About The Contour Gift Set"},"content":{"rendered":"<p>Makeup Revolution All About The Contour Gavesett<br \/>Det ultimate kontursettet for en perfekt hudfarge: Dette gavesettet inneholder alle verkt\u00f8yene som trengs for \u00e5 forme og sette funksjonene dine i fokus, fra kremaktige pigmenterte blyanter til definerende b\u00f8rster.<br \/>\u2022Raskt. Base Contour Stick Medium 8,6g<br \/>\u2022Fast Base Contour Stick Dark 8,6g<br \/>\u2022Ultra Contour Palette 16g<br \/>\u2022Create Defining Contour Brush R10 48,7g<br \/>\u2022Create Flat Blending Contour Brush R22 5,27g<\/p>\n","protected":false},"excerpt":{"rendered":"<p>Makeup Revolution All About The Contour GavesettDet ultimate kontursettet for en perfekt hudfarge: Dette gavesettet inneholder alle verkt\u00f8yene som trengs for \u00e5 forme og sette funksjonene dine i fokus, fra kremaktige pigmenterte blyanter til definerende b\u00f8rster.\u2022Raskt. Base Contour Stick Medium 8,6g\u2022Fast Base Contour Stick Dark 8,6g\u2022Ultra Contour Palette 16g\u2022Create Defining Contour Brush R10 48,7g\u2022Create Flat [&hellip;]<\/p>\n","protected":false},"featured_media":388550,"comment_status":"open","ping_status":"closed","template":"","meta":{"_trash_the_other_posts":false},"product_brand":[],"product_cat":[664],"product_tag":[],"berocket_brand":[1050],"class_list":{"0":"post-388557","1":"product","2":"type-product","3":"status-publish","4":"has-post-thumbnail","6":"product_cat-gave-sminke","7":"pa_brand-makeup-revolution","8":"berocket_brand-makeup-revolution","10":"first","11":"instock","12":"sale","13":"taxable","14":"shipping-taxable","15":"purchasable","16":"product-type-simple"},"_links":{"self":[{"href":"https:\/\/stylingagenten.com\/no\/wp-json\/wp\/v2\/product\/388557","targetHints":{"allow":["GET"]}}],"collection":[{"href":"https:\/\/stylingagenten.com\/no\/wp-json\/wp\/v2\/product"}],"about":[{"href":"https:\/\/stylingagenten.com\/no\/wp-json\/wp\/v2\/types\/product"}],"replies":[{"embeddable":true,"href":"https:\/\/stylingagenten.com\/no\/wp-json\/wp\/v2\/comments?post=388557"}],"version-history":[{"count":0,"href":"https:\/\/stylingagenten.com\/no\/wp-json\/wp\/v2\/product\/388557\/revisions"}],"wp:featuredmedia":[{"embeddable":true,"href":"https:\/\/stylingagenten.com\/no\/wp-json\/wp\/v2\/media\/388550"}],"wp:attachment":[{"href":"https:\/\/stylingagenten.com\/no\/wp-json\/wp\/v2\/media?parent=388557"}],"wp:term":[{"taxonomy":"product_brand","embeddable":true,"href":"https:\/\/stylingagenten.com\/no\/wp-json\/wp\/v2\/product_brand?post=388557"},{"taxonomy":"product_cat","embeddable":true,"href":"https:\/\/stylingagenten.com\/no\/wp-json\/wp\/v2\/product_cat?post=388557"},{"taxonomy":"product_tag","embeddable":true,"href":"https:\/\/stylingagenten.com\/no\/wp-json\/wp\/v2\/product_tag?post=388557"},{"taxonomy":"berocket_brand","embeddable":true,"href":"https:\/\/stylingagenten.com\/no\/wp-json\/wp\/v2\/berocket_brand?post=388557"}],"curies":[{"name":"wp","href":"https:\/\/api.w.org\/{rel}","templated":true}]}}