{"id":388517,"date":"2025-05-18T21:51:09","date_gmt":"2025-05-18T21:51:09","guid":{"rendered":"https:\/\/staging2.stylingagenten.com\/no\/produkt\/makeup-revolution-peptide-power-lash-and-lip-duo-gift-set\/"},"modified":"2026-02-08T14:46:36","modified_gmt":"2026-02-08T14:46:36","slug":"makeup-revolution-peptide-power-lash-and-lip-duo-gift-set","status":"publish","type":"product","link":"https:\/\/stylingagenten.com\/no\/produkt\/makeup-revolution-peptide-power-lash-and-lip-duo-gift-set\/","title":{"rendered":"Makeup Revolution Peptide Power Lash and Lip Duo Gift Set"},"content":{"rendered":"<p>Makeup Revolution Peptide Power Lash and Lip Duo Gavesett<br \/>\n<br \/>Gi gaven av naturlig fyldigere \u00f8yenbryn, vipper OG lepper med v\u00e5rt peptid-boostede Lash &amp; Lip Treatment Kit.<\/p>\n<p>Fyldigere lepper, fyldigere vipper og boostede \u00f8yenbryn? Klapp, klapp, klapp! La oss begynne med den mangodufterende Lip Treatment \u2013 ikke bare f\u00f8les leppene umiddelbart hydrert, men den er ogs\u00e5 klinisk bevist \u00e5 hjelpe til med \u00e5 fylle ut leppene med opptil 20 % p\u00e5 bare to uker*. I tillegg hjelper Lash &amp; Brow 2-i-1 serumet med \u00e5 \u00f8ke lengden og volumet p\u00e5 b\u00e5de vipper OG \u00f8yenbryn p\u00e5 bare \u00e5tte uker*! Puh \u2013 ingenting jobber hardere enn dette kraftparet.<\/p>\n<p>Hva inneholder Peptide Power Lash and Lip Duo Gavesett?<br \/>\n<br \/>1 x Revolution Skincare Peptide Pout Plumping Lip Balm \u2013 Klinisk bevist \u00e5 fylle ut leppene med opptil 20 % p\u00e5 to uker*. Revolution Skin Peptide Pout Lip Treatment er en must-have leppefyllende behandling som over tid \u00f8ker leppenes fyldighet, uten noen stikkende f\u00f8lelse.<br \/>\n<br \/>1 x Makeup Revolution Peptide Strength Lash &amp; Brow Serum \u2013 Ta din naturlige vippe-look til et nytt niv\u00e5 med Revolutions Peptide Strength Lash &amp; Brow Serum. Dette innovative peptid-drevne 2-i-1 serumet hjelper med \u00e5 \u00f8ke lengden og volumet p\u00e5 b\u00e5de vipper OG \u00f8yenbryn p\u00e5 bare \u00e5tte uker*!<\/p>\n","protected":false},"excerpt":{"rendered":"<p>Makeup Revolution Peptide Power Lash and Lip Duo Gavesett Gi gaven av naturlig fyldigere \u00f8yenbryn, vipper OG lepper med v\u00e5rt peptid-boostede Lash &amp; Lip Treatment Kit. Fyldigere lepper, fyldigere vipper og boostede \u00f8yenbryn? Klapp, klapp, klapp! La oss begynne med den mangodufterende Lip Treatment \u2013 ikke bare f\u00f8les leppene umiddelbart hydrert, men den er ogs\u00e5 [&hellip;]<\/p>\n","protected":false},"featured_media":388508,"comment_status":"open","ping_status":"closed","template":"","meta":{"_trash_the_other_posts":false},"product_brand":[],"product_cat":[1003,664],"product_tag":[],"berocket_brand":[1050],"class_list":{"0":"post-388517","1":"product","2":"type-product","3":"status-publish","4":"has-post-thumbnail","6":"product_cat-bestselgere","7":"product_cat-gave-sminke","8":"pa_brand-makeup-revolution","9":"berocket_brand-makeup-revolution","11":"first","12":"instock","13":"sale","14":"taxable","15":"shipping-taxable","16":"purchasable","17":"product-type-simple"},"_links":{"self":[{"href":"https:\/\/stylingagenten.com\/no\/wp-json\/wp\/v2\/product\/388517","targetHints":{"allow":["GET"]}}],"collection":[{"href":"https:\/\/stylingagenten.com\/no\/wp-json\/wp\/v2\/product"}],"about":[{"href":"https:\/\/stylingagenten.com\/no\/wp-json\/wp\/v2\/types\/product"}],"replies":[{"embeddable":true,"href":"https:\/\/stylingagenten.com\/no\/wp-json\/wp\/v2\/comments?post=388517"}],"version-history":[{"count":0,"href":"https:\/\/stylingagenten.com\/no\/wp-json\/wp\/v2\/product\/388517\/revisions"}],"wp:featuredmedia":[{"embeddable":true,"href":"https:\/\/stylingagenten.com\/no\/wp-json\/wp\/v2\/media\/388508"}],"wp:attachment":[{"href":"https:\/\/stylingagenten.com\/no\/wp-json\/wp\/v2\/media?parent=388517"}],"wp:term":[{"taxonomy":"product_brand","embeddable":true,"href":"https:\/\/stylingagenten.com\/no\/wp-json\/wp\/v2\/product_brand?post=388517"},{"taxonomy":"product_cat","embeddable":true,"href":"https:\/\/stylingagenten.com\/no\/wp-json\/wp\/v2\/product_cat?post=388517"},{"taxonomy":"product_tag","embeddable":true,"href":"https:\/\/stylingagenten.com\/no\/wp-json\/wp\/v2\/product_tag?post=388517"},{"taxonomy":"berocket_brand","embeddable":true,"href":"https:\/\/stylingagenten.com\/no\/wp-json\/wp\/v2\/berocket_brand?post=388517"}],"curies":[{"name":"wp","href":"https:\/\/api.w.org\/{rel}","templated":true}]}}