{"id":388483,"date":"2025-05-18T21:51:00","date_gmt":"2025-05-18T21:51:00","guid":{"rendered":"https:\/\/staging2.stylingagenten.com\/no\/produkt\/giftset-beard-monkey-silver-rain\/"},"modified":"2026-02-21T10:06:35","modified_gmt":"2026-02-21T10:06:35","slug":"giftset-beard-monkey-silver-rain","status":"publish","type":"product","link":"https:\/\/stylingagenten.com\/no\/produkt\/giftset-beard-monkey-silver-rain\/","title":{"rendered":"Giftset Beard Monkey Silver Rain"},"content":{"rendered":"<p><strong>Beard Monkey Parym-sett Silver Rain&nbsp;<\/strong><\/p>\n<p>Dette settet fra Beard Monkey inneholder en EAU DE PARFUM og en deo.<br \/>En lidenskapelig og klassisk duft som utstr\u00e5ler selv- selvtillit. Duften fremhever sensuell maskulinitet og passer b\u00e5de dag og natt. Deon er en effektiv antiperspirant med en frisk duft som er sk\u00e5nsom mot huden. Motvirker b\u00e5de svette og vond lukt. Fri for alkohol. La t\u00f8rke f\u00f8r du kommer i kontakt med kl\u00e6r.<\/p>\n<p><strong>Duftnoter:<br \/><\/strong>&#8211; Toppnote: Sitron, Mynte, Gr\u00f8nt eple<br \/>&#8211; Hjertenote: Geranium<br \/>&#8211; Basenot : Wood, Tonkab&ouml;na<br \/>&#8211; Limited Edition<\/p>\n<p><strong>Dette settet inneholder:<br \/><\/strong>EAU DE PARFUM 50ml<br \/>Deo antiperspirant 50 ml<\/p>\n","protected":false},"excerpt":{"rendered":"<p>Beard Monkey Parym-sett Silver Rain&nbsp; Dette settet fra Beard Monkey inneholder en EAU DE PARFUM og en deo.En lidenskapelig og klassisk duft som utstr\u00e5ler selv- selvtillit. Duften fremhever sensuell maskulinitet og passer b\u00e5de dag og natt. Deon er en effektiv antiperspirant med en frisk duft som er sk\u00e5nsom mot huden. Motvirker b\u00e5de svette og vond [&hellip;]<\/p>\n","protected":false},"featured_media":388480,"comment_status":"open","ping_status":"closed","template":"","meta":{"_trash_the_other_posts":false},"product_brand":[],"product_cat":[711,548],"product_tag":[],"berocket_brand":[1077],"class_list":{"0":"post-388483","1":"product","2":"type-product","3":"status-publish","4":"has-post-thumbnail","6":"product_cat-duft-mann","7":"product_cat-gave-parfyme-herre","8":"pa_brand-beard-monkey","9":"berocket_brand-beard-monkey","11":"first","12":"instock","13":"sale","14":"taxable","15":"shipping-taxable","16":"purchasable","17":"product-type-simple"},"_links":{"self":[{"href":"https:\/\/stylingagenten.com\/no\/wp-json\/wp\/v2\/product\/388483","targetHints":{"allow":["GET"]}}],"collection":[{"href":"https:\/\/stylingagenten.com\/no\/wp-json\/wp\/v2\/product"}],"about":[{"href":"https:\/\/stylingagenten.com\/no\/wp-json\/wp\/v2\/types\/product"}],"replies":[{"embeddable":true,"href":"https:\/\/stylingagenten.com\/no\/wp-json\/wp\/v2\/comments?post=388483"}],"version-history":[{"count":0,"href":"https:\/\/stylingagenten.com\/no\/wp-json\/wp\/v2\/product\/388483\/revisions"}],"wp:featuredmedia":[{"embeddable":true,"href":"https:\/\/stylingagenten.com\/no\/wp-json\/wp\/v2\/media\/388480"}],"wp:attachment":[{"href":"https:\/\/stylingagenten.com\/no\/wp-json\/wp\/v2\/media?parent=388483"}],"wp:term":[{"taxonomy":"product_brand","embeddable":true,"href":"https:\/\/stylingagenten.com\/no\/wp-json\/wp\/v2\/product_brand?post=388483"},{"taxonomy":"product_cat","embeddable":true,"href":"https:\/\/stylingagenten.com\/no\/wp-json\/wp\/v2\/product_cat?post=388483"},{"taxonomy":"product_tag","embeddable":true,"href":"https:\/\/stylingagenten.com\/no\/wp-json\/wp\/v2\/product_tag?post=388483"},{"taxonomy":"berocket_brand","embeddable":true,"href":"https:\/\/stylingagenten.com\/no\/wp-json\/wp\/v2\/berocket_brand?post=388483"}],"curies":[{"name":"wp","href":"https:\/\/api.w.org\/{rel}","templated":true}]}}