{"id":388189,"date":"2025-05-18T21:48:47","date_gmt":"2025-05-18T21:48:47","guid":{"rendered":"https:\/\/staging2.stylingagenten.com\/no\/produkt\/giftset-hermes-h24-edt-100ml-edt-12-5ml\/"},"modified":"2025-12-18T21:27:56","modified_gmt":"2025-12-18T21:27:56","slug":"giftset-hermes-h24-edt-100ml-edt-12-5ml","status":"publish","type":"product","link":"https:\/\/stylingagenten.com\/no\/produkt\/giftset-hermes-h24-edt-100ml-edt-12-5ml\/","title":{"rendered":"Giftset Hermes H24 Edt 100ml + Edt 12.5ml"},"content":{"rendered":"<p>Gavesett Hermes H24 Edt 100ml + Edt 12,5ml<\/p>\n<p>Fusjonen av omsluttende salvie, elektrisk narcissus, forfriskende rosentre og en varm, metallisk sclaren. En livlig, sensuell og lysende duft.<br \/>I f\u00f8lge Herm\u00e8s er H24 det f\u00f8rste duftuttrykket for dagens menn. En livlig, sensuell og lysende duft som dyrker en dristig hybridisering mellom natur og teknologi. En gjenfyllbar gjenstand med aerodynamiske linjer. En 100 % resirkulert og resirkulerbar papirkasse utsmykket med en limegr\u00f8nn linje som definerer like mye som den \u00e5pner opp plass.&lt;br <br \/>Inneholder:<br \/>Hermes H24 Edt 100ml<br \/>Hermes H24 Edt 12,5ml<\/p>\n","protected":false},"excerpt":{"rendered":"<p>Gavesett Hermes H24 Edt 100ml + Edt 12,5ml Fusjonen av omsluttende salvie, elektrisk narcissus, forfriskende rosentre og en varm, metallisk sclaren. En livlig, sensuell og lysende duft.I f\u00f8lge Herm\u00e8s er H24 det f\u00f8rste duftuttrykket for dagens menn. En livlig, sensuell og lysende duft som dyrker en dristig hybridisering mellom natur og teknologi. En gjenfyllbar gjenstand [&hellip;]<\/p>\n","protected":false},"featured_media":388188,"comment_status":"open","ping_status":"closed","template":"","meta":{"_trash_the_other_posts":false},"product_brand":[],"product_cat":[1003,548,1005],"product_tag":[],"berocket_brand":[1337],"class_list":{"0":"post-388189","1":"product","2":"type-product","3":"status-publish","4":"has-post-thumbnail","6":"product_cat-bestselgere","7":"product_cat-gave-parfyme-herre","8":"product_cat-outlet","9":"pa_brand-hermes","10":"berocket_brand-hermes","12":"first","13":"instock","14":"sale","15":"taxable","16":"shipping-taxable","17":"purchasable","18":"product-type-simple"},"_links":{"self":[{"href":"https:\/\/stylingagenten.com\/no\/wp-json\/wp\/v2\/product\/388189","targetHints":{"allow":["GET"]}}],"collection":[{"href":"https:\/\/stylingagenten.com\/no\/wp-json\/wp\/v2\/product"}],"about":[{"href":"https:\/\/stylingagenten.com\/no\/wp-json\/wp\/v2\/types\/product"}],"replies":[{"embeddable":true,"href":"https:\/\/stylingagenten.com\/no\/wp-json\/wp\/v2\/comments?post=388189"}],"version-history":[{"count":0,"href":"https:\/\/stylingagenten.com\/no\/wp-json\/wp\/v2\/product\/388189\/revisions"}],"wp:featuredmedia":[{"embeddable":true,"href":"https:\/\/stylingagenten.com\/no\/wp-json\/wp\/v2\/media\/388188"}],"wp:attachment":[{"href":"https:\/\/stylingagenten.com\/no\/wp-json\/wp\/v2\/media?parent=388189"}],"wp:term":[{"taxonomy":"product_brand","embeddable":true,"href":"https:\/\/stylingagenten.com\/no\/wp-json\/wp\/v2\/product_brand?post=388189"},{"taxonomy":"product_cat","embeddable":true,"href":"https:\/\/stylingagenten.com\/no\/wp-json\/wp\/v2\/product_cat?post=388189"},{"taxonomy":"product_tag","embeddable":true,"href":"https:\/\/stylingagenten.com\/no\/wp-json\/wp\/v2\/product_tag?post=388189"},{"taxonomy":"berocket_brand","embeddable":true,"href":"https:\/\/stylingagenten.com\/no\/wp-json\/wp\/v2\/berocket_brand?post=388189"}],"curies":[{"name":"wp","href":"https:\/\/api.w.org\/{rel}","templated":true}]}}