{"id":387864,"date":"2025-05-18T21:45:31","date_gmt":"2025-05-18T21:45:31","guid":{"rendered":"https:\/\/staging2.stylingagenten.com\/no\/produkt\/2-pack-fanola-no-yellow-shampoo-350ml\/"},"modified":"2026-04-08T19:29:10","modified_gmt":"2026-04-08T19:29:10","slug":"2-pack-fanola-no-yellow-shampoo-350ml","status":"publish","type":"product","link":"https:\/\/stylingagenten.com\/no\/produkt\/2-pack-fanola-no-yellow-shampoo-350ml\/","title":{"rendered":"2-pack Fanola No Yellow Shampoo 350ml"},"content":{"rendered":"<h1>Gi h\u00e5ret ditt nytt liv med Fanola No Yellow Shampoo! &nbsp;&nbsp;<\/h1>\n<p><\/p>\n<h2>Fanola No Yellow Shampoo er en s\u00f8lvsjampo med fiolette pigmenter som toner ned u\u00f8nskede gule nyanser og hjelper deg med gr\u00e5tt, sn\u00f8ret eller kr\u00f8llete h\u00e5r.<\/h2>\n<p><\/p>\n<h2><strong>Bruk:<\/strong>P\u00e5f\u00f8res i v\u00e5tt h\u00e5r og la virke i 1-5 minutter avhengig av hvordan h\u00e5ret ser ut og hvor por\u00f8st det er. Skyll deretter produktet grundig.<\/p>\n<p><\/p>\n<p>Cruelty-Free<\/h2>\n","protected":false},"excerpt":{"rendered":"<p>Gi h\u00e5ret ditt nytt liv med Fanola No Yellow Shampoo! &nbsp;&nbsp; Fanola No Yellow Shampoo er en s\u00f8lvsjampo med fiolette pigmenter som toner ned u\u00f8nskede gule nyanser og hjelper deg med gr\u00e5tt, sn\u00f8ret eller kr\u00f8llete h\u00e5r. Bruk:P\u00e5f\u00f8res i v\u00e5tt h\u00e5r og la virke i 1-5 minutter avhengig av hvordan h\u00e5ret ser ut og hvor por\u00f8st [&hellip;]<\/p>\n","protected":false},"featured_media":387863,"comment_status":"open","ping_status":"closed","template":"","meta":{"_trash_the_other_posts":false},"product_brand":[],"product_cat":[672,1004],"product_tag":[2314],"berocket_brand":[1312],"class_list":{"0":"post-387864","1":"product","2":"type-product","3":"status-publish","4":"has-post-thumbnail","6":"product_cat-multipakke-har","7":"product_cat-silverschampo","8":"product_tag-2-pack-fanola-no-yellow-shampoo","9":"pa_brand-fanola","10":"pa_variant-350ml","11":"berocket_brand-fanola","13":"first","14":"outofstock","15":"sale","16":"taxable","17":"shipping-taxable","18":"purchasable","19":"product-type-simple"},"_links":{"self":[{"href":"https:\/\/stylingagenten.com\/no\/wp-json\/wp\/v2\/product\/387864","targetHints":{"allow":["GET"]}}],"collection":[{"href":"https:\/\/stylingagenten.com\/no\/wp-json\/wp\/v2\/product"}],"about":[{"href":"https:\/\/stylingagenten.com\/no\/wp-json\/wp\/v2\/types\/product"}],"replies":[{"embeddable":true,"href":"https:\/\/stylingagenten.com\/no\/wp-json\/wp\/v2\/comments?post=387864"}],"version-history":[{"count":0,"href":"https:\/\/stylingagenten.com\/no\/wp-json\/wp\/v2\/product\/387864\/revisions"}],"wp:featuredmedia":[{"embeddable":true,"href":"https:\/\/stylingagenten.com\/no\/wp-json\/wp\/v2\/media\/387863"}],"wp:attachment":[{"href":"https:\/\/stylingagenten.com\/no\/wp-json\/wp\/v2\/media?parent=387864"}],"wp:term":[{"taxonomy":"product_brand","embeddable":true,"href":"https:\/\/stylingagenten.com\/no\/wp-json\/wp\/v2\/product_brand?post=387864"},{"taxonomy":"product_cat","embeddable":true,"href":"https:\/\/stylingagenten.com\/no\/wp-json\/wp\/v2\/product_cat?post=387864"},{"taxonomy":"product_tag","embeddable":true,"href":"https:\/\/stylingagenten.com\/no\/wp-json\/wp\/v2\/product_tag?post=387864"},{"taxonomy":"berocket_brand","embeddable":true,"href":"https:\/\/stylingagenten.com\/no\/wp-json\/wp\/v2\/berocket_brand?post=387864"}],"curies":[{"name":"wp","href":"https:\/\/api.w.org\/{rel}","templated":true}]}}