{"id":387787,"date":"2025-05-18T21:45:17","date_gmt":"2025-05-18T21:45:17","guid":{"rendered":"https:\/\/staging2.stylingagenten.com\/no\/produkt\/giftset-schwarzkopf-bc-bonacure-moisture-kick-4pcs\/"},"modified":"2026-03-30T07:20:55","modified_gmt":"2026-03-30T07:20:55","slug":"giftset-schwarzkopf-bc-bonacure-moisture-kick-4pcs","status":"publish","type":"product","link":"https:\/\/stylingagenten.com\/no\/produkt\/giftset-schwarzkopf-bc-bonacure-moisture-kick-4pcs\/","title":{"rendered":"Giftset Schwarzkopf BC Bonacure Moisture Kick 4pcs"},"content":{"rendered":"<p>Gavesett Schwarzkopf BC Bonacure Moisture Kick 4stk<br \/>Unn deg selv eller dine kj\u00e6re det perfekte Schwarzkopf Professional BC Bonacure Moisture Kick h\u00e5rsett. En pakke fylt med h\u00e5rpleieprodukter g\u00e5r aldri galt.<\/p>\n<p>Innhold i pakken:<br \/>\u2022Sjampo For normalt til t\u00f8rt h\u00e5r 250 ml<br \/>\u2022Leave-in balsam For t\u00f8rt og normalt h\u00e5r 200 ml<br \/> \u2022Maske For normalt til t\u00f8rt h\u00e5r 200 ml<br \/>\u2022Sminkepose<\/p>\n","protected":false},"excerpt":{"rendered":"<p>Gavesett Schwarzkopf BC Bonacure Moisture Kick 4stkUnn deg selv eller dine kj\u00e6re det perfekte Schwarzkopf Professional BC Bonacure Moisture Kick h\u00e5rsett. En pakke fylt med h\u00e5rpleieprodukter g\u00e5r aldri galt. Innhold i pakken:\u2022Sjampo For normalt til t\u00f8rt h\u00e5r 250 ml\u2022Leave-in balsam For t\u00f8rt og normalt h\u00e5r 200 ml \u2022Maske For normalt til t\u00f8rt h\u00e5r 200 ml\u2022Sminkepose<\/p>\n","protected":false},"featured_media":387776,"comment_status":"open","ping_status":"closed","template":"","meta":{"_trash_the_other_posts":false},"product_brand":[],"product_cat":[1003,667],"product_tag":[],"berocket_brand":[1060],"class_list":{"0":"post-387787","1":"product","2":"type-product","3":"status-publish","4":"has-post-thumbnail","6":"product_cat-bestselgere","7":"product_cat-gave-harpleie","8":"pa_brand-schwarzkopf","9":"berocket_brand-schwarzkopf","11":"first","12":"instock","13":"sale","14":"taxable","15":"shipping-taxable","16":"purchasable","17":"product-type-simple"},"_links":{"self":[{"href":"https:\/\/stylingagenten.com\/no\/wp-json\/wp\/v2\/product\/387787","targetHints":{"allow":["GET"]}}],"collection":[{"href":"https:\/\/stylingagenten.com\/no\/wp-json\/wp\/v2\/product"}],"about":[{"href":"https:\/\/stylingagenten.com\/no\/wp-json\/wp\/v2\/types\/product"}],"replies":[{"embeddable":true,"href":"https:\/\/stylingagenten.com\/no\/wp-json\/wp\/v2\/comments?post=387787"}],"version-history":[{"count":0,"href":"https:\/\/stylingagenten.com\/no\/wp-json\/wp\/v2\/product\/387787\/revisions"}],"wp:featuredmedia":[{"embeddable":true,"href":"https:\/\/stylingagenten.com\/no\/wp-json\/wp\/v2\/media\/387776"}],"wp:attachment":[{"href":"https:\/\/stylingagenten.com\/no\/wp-json\/wp\/v2\/media?parent=387787"}],"wp:term":[{"taxonomy":"product_brand","embeddable":true,"href":"https:\/\/stylingagenten.com\/no\/wp-json\/wp\/v2\/product_brand?post=387787"},{"taxonomy":"product_cat","embeddable":true,"href":"https:\/\/stylingagenten.com\/no\/wp-json\/wp\/v2\/product_cat?post=387787"},{"taxonomy":"product_tag","embeddable":true,"href":"https:\/\/stylingagenten.com\/no\/wp-json\/wp\/v2\/product_tag?post=387787"},{"taxonomy":"berocket_brand","embeddable":true,"href":"https:\/\/stylingagenten.com\/no\/wp-json\/wp\/v2\/berocket_brand?post=387787"}],"curies":[{"name":"wp","href":"https:\/\/api.w.org\/{rel}","templated":true}]}}