{"id":387785,"date":"2025-05-18T21:45:17","date_gmt":"2025-05-18T21:45:17","guid":{"rendered":"https:\/\/staging2.stylingagenten.com\/no\/produkt\/giftset-wella-sp-classic-luxeoil-gift-box\/"},"modified":"2026-03-11T21:59:24","modified_gmt":"2026-03-11T21:59:24","slug":"giftset-wella-sp-classic-luxeoil-gift-box","status":"publish","type":"product","link":"https:\/\/stylingagenten.com\/no\/produkt\/giftset-wella-sp-classic-luxeoil-gift-box\/","title":{"rendered":"Giftset Wella SP Classic LuxeOil Gift Box"},"content":{"rendered":"<p>Gavesett Wella SP Classic LuxeOil Gaveeske<br \/>Verdi 822 SEK<br \/>SP Classic LuxeOil Keratin Protect Shampoo gir en dyp, luksuri\u00f8s rens uten \u00e5 tynge h\u00e5ret, noe som gj\u00f8r den egnet for alle h\u00e5rtyper. Denne rensen inneholder en luksuri\u00f8s blanding av oljer som trenger inn i h\u00e5ret for \u00e5 l\u00e5se inn fuktighet og beskytte keratinet. SP Classic Keratin Protect Conditioner er en luksuri\u00f8s og n\u00e6rende balsam som styrker h\u00e5rstrukturen innenfra, tilf\u00f8rer og gjenoppbygger keratin for \u00f8yeblikkelig \u00e5 justere h\u00e5rfibrene og bygge spenst for svekket h\u00e5r. SP Classic Reconstructive Oil Elixir er en luksuri\u00f8s, n\u00e6rende olje utviklet for \u00e5 beskytte h\u00e5ret samtidig som den forbedrer strukturen. LuxeOil inneholder en kraftig trio av luksuri\u00f8se oljer som er vitenskapelig blandet for \u00e5 gi umiddelbar mykhet og langvarig glatthet. SP Classic Reconstructive Oil Elixir passer for alle h\u00e5rtyper og er det perfekte tillegget til enhver h\u00e5rpleierutine.<\/p>\n","protected":false},"excerpt":{"rendered":"<p>Gavesett Wella SP Classic LuxeOil GaveeskeVerdi 822 SEKSP Classic LuxeOil Keratin Protect Shampoo gir en dyp, luksuri\u00f8s rens uten \u00e5 tynge h\u00e5ret, noe som gj\u00f8r den egnet for alle h\u00e5rtyper. Denne rensen inneholder en luksuri\u00f8s blanding av oljer som trenger inn i h\u00e5ret for \u00e5 l\u00e5se inn fuktighet og beskytte keratinet. SP Classic Keratin Protect [&hellip;]<\/p>\n","protected":false},"featured_media":387778,"comment_status":"open","ping_status":"closed","template":"","meta":{"_trash_the_other_posts":false},"product_brand":[],"product_cat":[1003],"product_tag":[],"berocket_brand":[1030],"class_list":{"0":"post-387785","1":"product","2":"type-product","3":"status-publish","4":"has-post-thumbnail","6":"product_cat-bestselgere","7":"pa_brand-wella","8":"berocket_brand-wella","10":"first","11":"instock","12":"sale","13":"taxable","14":"shipping-taxable","15":"purchasable","16":"product-type-simple"},"_links":{"self":[{"href":"https:\/\/stylingagenten.com\/no\/wp-json\/wp\/v2\/product\/387785","targetHints":{"allow":["GET"]}}],"collection":[{"href":"https:\/\/stylingagenten.com\/no\/wp-json\/wp\/v2\/product"}],"about":[{"href":"https:\/\/stylingagenten.com\/no\/wp-json\/wp\/v2\/types\/product"}],"replies":[{"embeddable":true,"href":"https:\/\/stylingagenten.com\/no\/wp-json\/wp\/v2\/comments?post=387785"}],"version-history":[{"count":0,"href":"https:\/\/stylingagenten.com\/no\/wp-json\/wp\/v2\/product\/387785\/revisions"}],"wp:featuredmedia":[{"embeddable":true,"href":"https:\/\/stylingagenten.com\/no\/wp-json\/wp\/v2\/media\/387778"}],"wp:attachment":[{"href":"https:\/\/stylingagenten.com\/no\/wp-json\/wp\/v2\/media?parent=387785"}],"wp:term":[{"taxonomy":"product_brand","embeddable":true,"href":"https:\/\/stylingagenten.com\/no\/wp-json\/wp\/v2\/product_brand?post=387785"},{"taxonomy":"product_cat","embeddable":true,"href":"https:\/\/stylingagenten.com\/no\/wp-json\/wp\/v2\/product_cat?post=387785"},{"taxonomy":"product_tag","embeddable":true,"href":"https:\/\/stylingagenten.com\/no\/wp-json\/wp\/v2\/product_tag?post=387785"},{"taxonomy":"berocket_brand","embeddable":true,"href":"https:\/\/stylingagenten.com\/no\/wp-json\/wp\/v2\/berocket_brand?post=387785"}],"curies":[{"name":"wp","href":"https:\/\/api.w.org\/{rel}","templated":true}]}}