{"id":387433,"date":"2025-05-18T21:44:11","date_gmt":"2025-05-18T21:44:11","guid":{"rendered":"https:\/\/staging2.stylingagenten.com\/no\/produkt\/joico-joigel-firm-250ml\/"},"modified":"2026-03-19T09:18:19","modified_gmt":"2026-03-19T09:18:19","slug":"joico-joigel-firm-250ml","status":"publish","type":"product","link":"https:\/\/stylingagenten.com\/no\/produkt\/joico-joigel-firm-250ml\/","title":{"rendered":"Joico JoiGel Firm 250ml"},"content":{"rendered":"<p>Joico JoiGel Firm 250ml, gir h\u00e5ret et sterkt hold som holder frisyren p\u00e5 plass. Dette produktet gir utmerket st\u00f8tte, kontroll og glans til h\u00e5ret uten \u00e5 flasse.<br \/>I tillegg vil UV-beskyttelsen i JoiGel Firm Styling Gel pleie og beskytte h\u00e5ret ditt mot daglige milj\u00f8p\u00e5virkninger samtidig som det etterlater h\u00e5ret ditt kontrollert, fyldig og skinnende.<\/p>\n<p>Bruksanvisning<br \/>\u2022T\u00f8rk h\u00e5ret<br \/>\u2022P\u00e5f\u00f8r etter behov og form den frisyren du \u00f8nsker. Joico JoiGel Firm Styling Gel kan vaskes av med sjampo og vann.<\/p>\n","protected":false},"excerpt":{"rendered":"<p>Joico JoiGel Firm 250ml, gir h\u00e5ret et sterkt hold som holder frisyren p\u00e5 plass. Dette produktet gir utmerket st\u00f8tte, kontroll og glans til h\u00e5ret uten \u00e5 flasse.I tillegg vil UV-beskyttelsen i JoiGel Firm Styling Gel pleie og beskytte h\u00e5ret ditt mot daglige milj\u00f8p\u00e5virkninger samtidig som det etterlater h\u00e5ret ditt kontrollert, fyldig og skinnende. Bruksanvisning\u2022T\u00f8rk h\u00e5ret\u2022P\u00e5f\u00f8r [&hellip;]<\/p>\n","protected":false},"featured_media":387431,"comment_status":"open","ping_status":"closed","template":"","meta":{"_trash_the_other_posts":false},"product_brand":[],"product_cat":[701],"product_tag":[],"berocket_brand":[1372],"class_list":{"0":"post-387433","1":"product","2":"type-product","3":"status-publish","4":"has-post-thumbnail","6":"product_cat-hargel","7":"pa_brand-joico","8":"berocket_brand-joico","10":"first","11":"instock","12":"sale","13":"taxable","14":"shipping-taxable","15":"purchasable","16":"product-type-simple"},"_links":{"self":[{"href":"https:\/\/stylingagenten.com\/no\/wp-json\/wp\/v2\/product\/387433","targetHints":{"allow":["GET"]}}],"collection":[{"href":"https:\/\/stylingagenten.com\/no\/wp-json\/wp\/v2\/product"}],"about":[{"href":"https:\/\/stylingagenten.com\/no\/wp-json\/wp\/v2\/types\/product"}],"replies":[{"embeddable":true,"href":"https:\/\/stylingagenten.com\/no\/wp-json\/wp\/v2\/comments?post=387433"}],"version-history":[{"count":0,"href":"https:\/\/stylingagenten.com\/no\/wp-json\/wp\/v2\/product\/387433\/revisions"}],"wp:featuredmedia":[{"embeddable":true,"href":"https:\/\/stylingagenten.com\/no\/wp-json\/wp\/v2\/media\/387431"}],"wp:attachment":[{"href":"https:\/\/stylingagenten.com\/no\/wp-json\/wp\/v2\/media?parent=387433"}],"wp:term":[{"taxonomy":"product_brand","embeddable":true,"href":"https:\/\/stylingagenten.com\/no\/wp-json\/wp\/v2\/product_brand?post=387433"},{"taxonomy":"product_cat","embeddable":true,"href":"https:\/\/stylingagenten.com\/no\/wp-json\/wp\/v2\/product_cat?post=387433"},{"taxonomy":"product_tag","embeddable":true,"href":"https:\/\/stylingagenten.com\/no\/wp-json\/wp\/v2\/product_tag?post=387433"},{"taxonomy":"berocket_brand","embeddable":true,"href":"https:\/\/stylingagenten.com\/no\/wp-json\/wp\/v2\/berocket_brand?post=387433"}],"curies":[{"name":"wp","href":"https:\/\/api.w.org\/{rel}","templated":true}]}}