{"id":387409,"date":"2025-05-18T21:44:06","date_gmt":"2025-05-18T21:44:06","guid":{"rendered":"https:\/\/staging2.stylingagenten.com\/no\/produkt\/eco-style-olive-oil-styling-gel-473ml\/"},"modified":"2026-04-08T15:31:05","modified_gmt":"2026-04-08T15:31:05","slug":"eco-style-olive-oil-styling-gel-473ml","status":"publish","type":"product","link":"https:\/\/stylingagenten.com\/no\/produkt\/eco-style-olive-oil-styling-gel-473ml\/","title":{"rendered":"Eco Style Olive Oil Styling Gel 473ml"},"content":{"rendered":"<p>Eco Style Olive Oil Styling Gel er en fast favoritt i rekken av h\u00e5rgel\u00e9produkter som etterlater h\u00e5ret ditt fuktet og sunt med overlegen hold. Laget med naturlig olivenolje for \u00e5 gi glans og l\u00e5se inn fuktighet fra rot til spiss, har Olive Oil Gel en vektl\u00f8s konsistens, som gir maksimal fleksibilitet for \u00e5 oppn\u00e5 \u00f8nsket stil. Eco Style Olive Oil Styling Gel er alkoholfri.<\/p>\n<p>De fleste h\u00e5rgel\u00e9er holder frisyren p\u00e5 plass, men inneholder alkohol som kan t\u00f8rke ut h\u00e5ret. N\u00e5r den p\u00e5f\u00f8res h\u00e5r som allerede er t\u00f8rt eller skadet av kjemisk behandling, kan h\u00e5rgel\u00e9er utilsiktet gj\u00f8re h\u00e5ret enda mer usunt. Eco Style Styling Gel gir et niv\u00e5 10-hold, som sikrer enhver stil uten \u00e5 g\u00e5 p\u00e5 kompromiss med h\u00e5rets helse.<\/p>\n<p>Den n\u00e6ringsrike formelen er rik p\u00e5 dypt pleiende olivenolje, som hjelper til med \u00e5 ta vare p\u00e5 t\u00f8rt h\u00e5r samtidig som den l\u00e5ser frisyren og gir en str\u00e5lende glans. Olivenolje hjelper ogs\u00e5 hodebunnen med \u00e5 regulere fuktighetsniv\u00e5et, og beskytter mot t\u00f8rrhet ved regelmessig bruk.<\/p>\n<p>Den lette gelen har en myk f\u00f8lelse som aldri er stiv eller klissete, og den flasser ikke. P\u00e5f\u00f8r i t\u00f8rt eller v\u00e5tt h\u00e5r. Arbeid \u00f8nsket mengde gjennom h\u00e5ret og style.<\/p>\n<p>473ml<\/p>\n","protected":false},"excerpt":{"rendered":"<p>Eco Style Olive Oil Styling Gel er en fast favoritt i rekken av h\u00e5rgel\u00e9produkter som etterlater h\u00e5ret ditt fuktet og sunt med overlegen hold. Laget med naturlig olivenolje for \u00e5 gi glans og l\u00e5se inn fuktighet fra rot til spiss, har Olive Oil Gel en vektl\u00f8s konsistens, som gir maksimal fleksibilitet for \u00e5 oppn\u00e5 \u00f8nsket [&hellip;]<\/p>\n","protected":false},"featured_media":387407,"comment_status":"open","ping_status":"closed","template":"","meta":{"_trash_the_other_posts":false},"product_brand":[],"product_cat":[701],"product_tag":[2848],"berocket_brand":[1992],"class_list":{"0":"post-387409","1":"product","2":"type-product","3":"status-publish","4":"has-post-thumbnail","6":"product_cat-hargel","7":"product_tag-eco-style-olive-oil-styling-gel","8":"pa_brand-eco-style","9":"pa_variant-473ml","10":"berocket_brand-eco-style","12":"first","13":"instock","14":"taxable","15":"shipping-taxable","16":"purchasable","17":"product-type-simple"},"_links":{"self":[{"href":"https:\/\/stylingagenten.com\/no\/wp-json\/wp\/v2\/product\/387409","targetHints":{"allow":["GET"]}}],"collection":[{"href":"https:\/\/stylingagenten.com\/no\/wp-json\/wp\/v2\/product"}],"about":[{"href":"https:\/\/stylingagenten.com\/no\/wp-json\/wp\/v2\/types\/product"}],"replies":[{"embeddable":true,"href":"https:\/\/stylingagenten.com\/no\/wp-json\/wp\/v2\/comments?post=387409"}],"version-history":[{"count":0,"href":"https:\/\/stylingagenten.com\/no\/wp-json\/wp\/v2\/product\/387409\/revisions"}],"wp:featuredmedia":[{"embeddable":true,"href":"https:\/\/stylingagenten.com\/no\/wp-json\/wp\/v2\/media\/387407"}],"wp:attachment":[{"href":"https:\/\/stylingagenten.com\/no\/wp-json\/wp\/v2\/media?parent=387409"}],"wp:term":[{"taxonomy":"product_brand","embeddable":true,"href":"https:\/\/stylingagenten.com\/no\/wp-json\/wp\/v2\/product_brand?post=387409"},{"taxonomy":"product_cat","embeddable":true,"href":"https:\/\/stylingagenten.com\/no\/wp-json\/wp\/v2\/product_cat?post=387409"},{"taxonomy":"product_tag","embeddable":true,"href":"https:\/\/stylingagenten.com\/no\/wp-json\/wp\/v2\/product_tag?post=387409"},{"taxonomy":"berocket_brand","embeddable":true,"href":"https:\/\/stylingagenten.com\/no\/wp-json\/wp\/v2\/berocket_brand?post=387409"}],"curies":[{"name":"wp","href":"https:\/\/api.w.org\/{rel}","templated":true}]}}