{"id":387405,"date":"2025-05-18T21:44:05","date_gmt":"2025-05-18T21:44:05","guid":{"rendered":"https:\/\/staging2.stylingagenten.com\/no\/produkt\/eco-style-curl-wave-styling-gel-236ml\/"},"modified":"2026-04-09T05:27:46","modified_gmt":"2026-04-09T05:27:46","slug":"eco-style-curl-wave-styling-gel-236ml","status":"publish","type":"product","link":"https:\/\/stylingagenten.com\/no\/produkt\/eco-style-curl-wave-styling-gel-236ml\/","title":{"rendered":"Eco Style Curl &amp; Wave Styling Gel 236ml"},"content":{"rendered":"<p>Eco Style Curl &amp; Wave Styling Gel er en h\u00e5rgel\u00e9 med sterkt hold som gir deg perfekte vask-og-g\u00e5-frisyrer uten et snev av u\u00f8nskede flak. Denne h\u00e5rgel\u00e9en gir perfekt hold slik at du kan skape h\u00f8yoppl\u00f8ste frisyrer som varer hele dagen. Definer og fukt h\u00e5ret ditt med v\u00e5r n\u00e6ringsrike og botanisk infuserte lette stylinggel\u00e9.<\/p>\n<p>Formulert med Calendula Officinalis Flower Extract, et botanisk blomsterekstrakt som inneholder fuktighetsgivende og beroligende midler for h\u00e5r og hodebunn. V\u00e5re stylinggel\u00e9er har i flere ti\u00e5r gitt resultater som forbedrer, former, definerer og pleier alle h\u00e5rtyper og teksturer. Alkoholfri. Arbeid \u00f8nsket mengde gjennom h\u00e5ret og style.<\/p>\n<p>236ml<\/p>\n","protected":false},"excerpt":{"rendered":"<p>Eco Style Curl &amp; Wave Styling Gel er en h\u00e5rgel\u00e9 med sterkt hold som gir deg perfekte vask-og-g\u00e5-frisyrer uten et snev av u\u00f8nskede flak. Denne h\u00e5rgel\u00e9en gir perfekt hold slik at du kan skape h\u00f8yoppl\u00f8ste frisyrer som varer hele dagen. Definer og fukt h\u00e5ret ditt med v\u00e5r n\u00e6ringsrike og botanisk infuserte lette stylinggel\u00e9. Formulert med [&hellip;]<\/p>\n","protected":false},"featured_media":387398,"comment_status":"open","ping_status":"closed","template":"","meta":{"_trash_the_other_posts":false},"product_brand":[],"product_cat":[701],"product_tag":[2845],"berocket_brand":[1992],"class_list":{"0":"post-387405","1":"product","2":"type-product","3":"status-publish","4":"has-post-thumbnail","6":"product_cat-hargel","7":"product_tag-eco-style-curl-wave-styling-gel","8":"pa_brand-eco-style","9":"pa_variant-236ml","10":"berocket_brand-eco-style","12":"first","13":"instock","14":"taxable","15":"shipping-taxable","16":"purchasable","17":"product-type-simple"},"_links":{"self":[{"href":"https:\/\/stylingagenten.com\/no\/wp-json\/wp\/v2\/product\/387405","targetHints":{"allow":["GET"]}}],"collection":[{"href":"https:\/\/stylingagenten.com\/no\/wp-json\/wp\/v2\/product"}],"about":[{"href":"https:\/\/stylingagenten.com\/no\/wp-json\/wp\/v2\/types\/product"}],"replies":[{"embeddable":true,"href":"https:\/\/stylingagenten.com\/no\/wp-json\/wp\/v2\/comments?post=387405"}],"version-history":[{"count":0,"href":"https:\/\/stylingagenten.com\/no\/wp-json\/wp\/v2\/product\/387405\/revisions"}],"wp:featuredmedia":[{"embeddable":true,"href":"https:\/\/stylingagenten.com\/no\/wp-json\/wp\/v2\/media\/387398"}],"wp:attachment":[{"href":"https:\/\/stylingagenten.com\/no\/wp-json\/wp\/v2\/media?parent=387405"}],"wp:term":[{"taxonomy":"product_brand","embeddable":true,"href":"https:\/\/stylingagenten.com\/no\/wp-json\/wp\/v2\/product_brand?post=387405"},{"taxonomy":"product_cat","embeddable":true,"href":"https:\/\/stylingagenten.com\/no\/wp-json\/wp\/v2\/product_cat?post=387405"},{"taxonomy":"product_tag","embeddable":true,"href":"https:\/\/stylingagenten.com\/no\/wp-json\/wp\/v2\/product_tag?post=387405"},{"taxonomy":"berocket_brand","embeddable":true,"href":"https:\/\/stylingagenten.com\/no\/wp-json\/wp\/v2\/berocket_brand?post=387405"}],"curies":[{"name":"wp","href":"https:\/\/api.w.org\/{rel}","templated":true}]}}