{"id":387402,"date":"2025-05-18T21:44:05","date_gmt":"2025-05-18T21:44:05","guid":{"rendered":"https:\/\/staging2.stylingagenten.com\/no\/produkt\/eco-style-rosemary-mint-oil-styling-gel-236ml\/"},"modified":"2026-04-08T15:30:48","modified_gmt":"2026-04-08T15:30:48","slug":"eco-style-rosemary-mint-oil-styling-gel-236ml","status":"publish","type":"product","link":"https:\/\/stylingagenten.com\/no\/produkt\/eco-style-rosemary-mint-oil-styling-gel-236ml\/","title":{"rendered":"Eco Style Rosemary Mint Oil Styling Gel 236ml"},"content":{"rendered":"<p>Eco Style Rosemary Mint Oil Styling Gel er fullpakket med naturlige mykgj\u00f8rende midler, inkludert oljesyre, som trenger inn i h\u00e5rstr\u00e5et for \u00e5 tilf\u00f8re mykhet og glans samtidig som den fremmer en sunn hodebunn. Eco Style Rosemary Mint Oil Gel stimulerer h\u00e5rsekkene og forbedrer blodsirkulasjonen i hodebunnen. Eco Style Rosemary Mint Styling Gel er alkoholfri.<\/p>\n<p>De fleste h\u00e5rgel\u00e9er holder frisyren p\u00e5 plass, men inneholder alkohol som kan t\u00f8rke ut h\u00e5ret. N\u00e5r den p\u00e5f\u00f8res h\u00e5r som allerede er t\u00f8rt eller skadet av kjemisk behandling, kan h\u00e5rgel\u00e9er utilsiktet gj\u00f8re h\u00e5ret enda mer usunt. Eco Style Styling Gel gir det grepet du trenger for \u00e5 sikre enhver frisyre uten \u00e5 g\u00e5 p\u00e5 kompromiss med h\u00e5rets helse.<\/p>\n<p>Denne vakkert duftende stylinggel\u00e9en inneholder rosmarinolje, som stimulerer og styrker h\u00e5rsekkene, forbedrer blodsirkulasjonen for \u00e5 fremme vekst, reduserer milj\u00f8p\u00e5virkninger og har antiinflammatoriske og antimikrobielle egenskaper. Peppermynteolje forbedrer blodsirkulasjonen for \u00e5 fremme vekst og hjelper hodebunnen din til \u00e5 f\u00f8les forynget og frisk.<\/p>\n<p>Den lette gelen har en myk f\u00f8lelse som aldri er stiv eller klissete og som ikke flasser. P\u00e5f\u00f8r i t\u00f8rt eller v\u00e5tt h\u00e5r. Arbeid \u00f8nsket mengde gjennom h\u00e5ret og style.<\/p>\n<p>236ml<\/p>\n","protected":false},"excerpt":{"rendered":"<p>Eco Style Rosemary Mint Oil Styling Gel er fullpakket med naturlige mykgj\u00f8rende midler, inkludert oljesyre, som trenger inn i h\u00e5rstr\u00e5et for \u00e5 tilf\u00f8re mykhet og glans samtidig som den fremmer en sunn hodebunn. Eco Style Rosemary Mint Oil Gel stimulerer h\u00e5rsekkene og forbedrer blodsirkulasjonen i hodebunnen. Eco Style Rosemary Mint Styling Gel er alkoholfri. De [&hellip;]<\/p>\n","protected":false},"featured_media":387400,"comment_status":"open","ping_status":"closed","template":"","meta":{"_trash_the_other_posts":false},"product_brand":[],"product_cat":[701],"product_tag":[2849],"berocket_brand":[1992],"class_list":{"0":"post-387402","1":"product","2":"type-product","3":"status-publish","4":"has-post-thumbnail","6":"product_cat-hargel","7":"product_tag-eco-style-rosemary-mint-oil-styling-gel","8":"pa_brand-eco-style","9":"pa_variant-236ml","10":"berocket_brand-eco-style","12":"first","13":"instock","14":"taxable","15":"shipping-taxable","16":"purchasable","17":"product-type-simple"},"_links":{"self":[{"href":"https:\/\/stylingagenten.com\/no\/wp-json\/wp\/v2\/product\/387402","targetHints":{"allow":["GET"]}}],"collection":[{"href":"https:\/\/stylingagenten.com\/no\/wp-json\/wp\/v2\/product"}],"about":[{"href":"https:\/\/stylingagenten.com\/no\/wp-json\/wp\/v2\/types\/product"}],"replies":[{"embeddable":true,"href":"https:\/\/stylingagenten.com\/no\/wp-json\/wp\/v2\/comments?post=387402"}],"version-history":[{"count":0,"href":"https:\/\/stylingagenten.com\/no\/wp-json\/wp\/v2\/product\/387402\/revisions"}],"wp:featuredmedia":[{"embeddable":true,"href":"https:\/\/stylingagenten.com\/no\/wp-json\/wp\/v2\/media\/387400"}],"wp:attachment":[{"href":"https:\/\/stylingagenten.com\/no\/wp-json\/wp\/v2\/media?parent=387402"}],"wp:term":[{"taxonomy":"product_brand","embeddable":true,"href":"https:\/\/stylingagenten.com\/no\/wp-json\/wp\/v2\/product_brand?post=387402"},{"taxonomy":"product_cat","embeddable":true,"href":"https:\/\/stylingagenten.com\/no\/wp-json\/wp\/v2\/product_cat?post=387402"},{"taxonomy":"product_tag","embeddable":true,"href":"https:\/\/stylingagenten.com\/no\/wp-json\/wp\/v2\/product_tag?post=387402"},{"taxonomy":"berocket_brand","embeddable":true,"href":"https:\/\/stylingagenten.com\/no\/wp-json\/wp\/v2\/berocket_brand?post=387402"}],"curies":[{"name":"wp","href":"https:\/\/api.w.org\/{rel}","templated":true}]}}