{"id":387394,"date":"2025-05-18T21:44:04","date_gmt":"2025-05-18T21:44:04","guid":{"rendered":"https:\/\/staging2.stylingagenten.com\/no\/produkt\/paul-mitchell-tea-tree-firm-hold-gel-150ml\/"},"modified":"2026-03-11T21:49:22","modified_gmt":"2026-03-11T21:49:22","slug":"paul-mitchell-tea-tree-firm-hold-gel-150ml","status":"publish","type":"product","link":"https:\/\/stylingagenten.com\/no\/produkt\/paul-mitchell-tea-tree-firm-hold-gel-150ml\/","title":{"rendered":"Paul Mitchell Tea Tree Firm Hold Gel 150ml"},"content":{"rendered":"<p>Skap en stil som varer lenge med Paul Mitchell Tea Tree Firm Hold Gel, med sterk hold og uten flass. Den bidrar til \u00e5 gi fylde og volum med en sunn glans. Stylingingredienser s\u00f8rger for at frisyren holder seg p\u00e5 plass, mens et friskt innslag av kj\u00f8lig mynte, tea tree og sitrus frisker opp og gjenoppliver. Ekstra fordel: Den allsidige formelen kan p\u00e5f\u00f8res i b\u00e5de v\u00e5tt og t\u00f8rt h\u00e5r.<\/p>\n<p>150 ml<\/p>\n","protected":false},"excerpt":{"rendered":"<p>Skap en stil som varer lenge med Paul Mitchell Tea Tree Firm Hold Gel, med sterk hold og uten flass. Den bidrar til \u00e5 gi fylde og volum med en sunn glans. Stylingingredienser s\u00f8rger for at frisyren holder seg p\u00e5 plass, mens et friskt innslag av kj\u00f8lig mynte, tea tree og sitrus frisker opp og [&hellip;]<\/p>\n","protected":false},"featured_media":465839,"comment_status":"open","ping_status":"closed","template":"","meta":{"_trash_the_other_posts":false},"product_brand":[],"product_cat":[701],"product_tag":[3789],"berocket_brand":[1053],"class_list":{"0":"post-387394","1":"product","2":"type-product","3":"status-publish","4":"has-post-thumbnail","6":"product_cat-hargel","7":"product_tag-paul-mitchell-tea-tree-firm-hold-gel","8":"pa_brand-paul-mitchell","9":"pa_variant-150ml","10":"berocket_brand-paul-mitchell","12":"first","13":"instock","14":"sale","15":"taxable","16":"shipping-taxable","17":"purchasable","18":"product-type-simple"},"_links":{"self":[{"href":"https:\/\/stylingagenten.com\/no\/wp-json\/wp\/v2\/product\/387394","targetHints":{"allow":["GET"]}}],"collection":[{"href":"https:\/\/stylingagenten.com\/no\/wp-json\/wp\/v2\/product"}],"about":[{"href":"https:\/\/stylingagenten.com\/no\/wp-json\/wp\/v2\/types\/product"}],"replies":[{"embeddable":true,"href":"https:\/\/stylingagenten.com\/no\/wp-json\/wp\/v2\/comments?post=387394"}],"version-history":[{"count":0,"href":"https:\/\/stylingagenten.com\/no\/wp-json\/wp\/v2\/product\/387394\/revisions"}],"wp:featuredmedia":[{"embeddable":true,"href":"https:\/\/stylingagenten.com\/no\/wp-json\/wp\/v2\/media\/465839"}],"wp:attachment":[{"href":"https:\/\/stylingagenten.com\/no\/wp-json\/wp\/v2\/media?parent=387394"}],"wp:term":[{"taxonomy":"product_brand","embeddable":true,"href":"https:\/\/stylingagenten.com\/no\/wp-json\/wp\/v2\/product_brand?post=387394"},{"taxonomy":"product_cat","embeddable":true,"href":"https:\/\/stylingagenten.com\/no\/wp-json\/wp\/v2\/product_cat?post=387394"},{"taxonomy":"product_tag","embeddable":true,"href":"https:\/\/stylingagenten.com\/no\/wp-json\/wp\/v2\/product_tag?post=387394"},{"taxonomy":"berocket_brand","embeddable":true,"href":"https:\/\/stylingagenten.com\/no\/wp-json\/wp\/v2\/berocket_brand?post=387394"}],"curies":[{"name":"wp","href":"https:\/\/api.w.org\/{rel}","templated":true}]}}