{"id":387391,"date":"2025-05-18T21:44:03","date_gmt":"2025-05-18T21:44:03","guid":{"rendered":"https:\/\/staging2.stylingagenten.com\/no\/produkt\/eco-style-moroccan-argan-oil-styling-gel-236ml\/"},"modified":"2026-04-08T15:31:12","modified_gmt":"2026-04-08T15:31:12","slug":"eco-style-moroccan-argan-oil-styling-gel-236ml","status":"publish","type":"product","link":"https:\/\/stylingagenten.com\/no\/produkt\/eco-style-moroccan-argan-oil-styling-gel-236ml\/","title":{"rendered":"Eco Style Moroccan Argan Oil Styling Gel 236ml"},"content":{"rendered":"<p>Eco Style Moroccan Argan Oil Styling Gel er formulert med sjeldne oljer fra argantreet i Marokko. V\u00e5r marokkanske arganolje er laget for \u00e5 temme krusete h\u00e5r, samtidig som den gir str\u00e5lende glans og UV-beskyttelse. Akkurat som alle v\u00e5re stylinggeler er den vektl\u00f8s og gir et overlegent hold. Den fungerer ved \u00e5 bygge opp og forsegle h\u00e5rstr\u00e5et for \u00e5 bevare fuktighet og glans i kr\u00f8llene dine.<\/p>\n<p>Eco Style Argan Oil Styling Gel er alkoholfri. De fleste h\u00e5rgel\u00e9er holder frisyren p\u00e5 plass, men inneholder alkohol som kan t\u00f8rke ut h\u00e5ret. N\u00e5r den p\u00e5f\u00f8res h\u00e5r som allerede er t\u00f8rt eller skadet av kjemisk behandling, kan h\u00e5rgel\u00e9er utilsiktet gj\u00f8re h\u00e5ret enda mer usunt. Eco Style Styling Gel gir det grepet du trenger for \u00e5 sikre enhver stil uten \u00e5 g\u00e5 p\u00e5 kompromiss med h\u00e5rets helse.<\/p>\n<p>Gelen har en lett f\u00f8lelse som aldri er stiv eller klissete, og den flasser ikke. P\u00e5f\u00f8r i t\u00f8rt eller v\u00e5tt h\u00e5r. Arbeid \u00f8nsket mengde gjennom h\u00e5ret og style.<\/p>\n<p>236ml<\/p>\n","protected":false},"excerpt":{"rendered":"<p>Eco Style Moroccan Argan Oil Styling Gel er formulert med sjeldne oljer fra argantreet i Marokko. V\u00e5r marokkanske arganolje er laget for \u00e5 temme krusete h\u00e5r, samtidig som den gir str\u00e5lende glans og UV-beskyttelse. Akkurat som alle v\u00e5re stylinggeler er den vektl\u00f8s og gir et overlegent hold. Den fungerer ved \u00e5 bygge opp og forsegle [&hellip;]<\/p>\n","protected":false},"featured_media":387389,"comment_status":"open","ping_status":"closed","template":"","meta":{"_trash_the_other_posts":false},"product_brand":[],"product_cat":[701],"product_tag":[2847],"berocket_brand":[1992],"class_list":{"0":"post-387391","1":"product","2":"type-product","3":"status-publish","4":"has-post-thumbnail","6":"product_cat-hargel","7":"product_tag-eco-style-moroccan-argan-oil-styling-gel","8":"pa_brand-eco-style","9":"pa_variant-236ml","10":"berocket_brand-eco-style","12":"first","13":"instock","14":"taxable","15":"shipping-taxable","16":"purchasable","17":"product-type-simple"},"_links":{"self":[{"href":"https:\/\/stylingagenten.com\/no\/wp-json\/wp\/v2\/product\/387391","targetHints":{"allow":["GET"]}}],"collection":[{"href":"https:\/\/stylingagenten.com\/no\/wp-json\/wp\/v2\/product"}],"about":[{"href":"https:\/\/stylingagenten.com\/no\/wp-json\/wp\/v2\/types\/product"}],"replies":[{"embeddable":true,"href":"https:\/\/stylingagenten.com\/no\/wp-json\/wp\/v2\/comments?post=387391"}],"version-history":[{"count":0,"href":"https:\/\/stylingagenten.com\/no\/wp-json\/wp\/v2\/product\/387391\/revisions"}],"wp:featuredmedia":[{"embeddable":true,"href":"https:\/\/stylingagenten.com\/no\/wp-json\/wp\/v2\/media\/387389"}],"wp:attachment":[{"href":"https:\/\/stylingagenten.com\/no\/wp-json\/wp\/v2\/media?parent=387391"}],"wp:term":[{"taxonomy":"product_brand","embeddable":true,"href":"https:\/\/stylingagenten.com\/no\/wp-json\/wp\/v2\/product_brand?post=387391"},{"taxonomy":"product_cat","embeddable":true,"href":"https:\/\/stylingagenten.com\/no\/wp-json\/wp\/v2\/product_cat?post=387391"},{"taxonomy":"product_tag","embeddable":true,"href":"https:\/\/stylingagenten.com\/no\/wp-json\/wp\/v2\/product_tag?post=387391"},{"taxonomy":"berocket_brand","embeddable":true,"href":"https:\/\/stylingagenten.com\/no\/wp-json\/wp\/v2\/berocket_brand?post=387391"}],"curies":[{"name":"wp","href":"https:\/\/api.w.org\/{rel}","templated":true}]}}