{"id":387384,"date":"2025-05-18T21:44:02","date_gmt":"2025-05-18T21:44:02","guid":{"rendered":"https:\/\/staging2.stylingagenten.com\/no\/produkt\/eco-style-coconut-styling-gel-236ml\/"},"modified":"2026-04-08T15:31:07","modified_gmt":"2026-04-08T15:31:07","slug":"eco-style-coconut-styling-gel-236ml","status":"publish","type":"product","link":"https:\/\/stylingagenten.com\/no\/produkt\/eco-style-coconut-styling-gel-236ml\/","title":{"rendered":"Eco Style Coconut Styling Gel 236ml"},"content":{"rendered":"<p>Eco Style Coconut Styling Gel hjelper til med \u00e5 fukte, pleie og reparere skadet h\u00e5r. V\u00e5r h\u00e5rgel\u00e9 er laget med 100 % ren kokosolje for \u00e5 fremme en sunn hodebunn samtidig som den tilf\u00f8rer fuktighet, glans og gl\u00f8d til h\u00e5ret. Denne n\u00f8kkelingrediensen bidrar til \u00e5 beskytte h\u00e5ret mot frie radikaler og proteintap. Den forhindrer brudd og flisete tupper samtidig som den st\u00f8tter en sunn hodebunn.<\/p>\n<p>Denne gelen gir overlegen hold og glans samtidig som den tilf\u00f8rer fuktighet til hodebunnen. Maksimalt hold for alle h\u00e5rtyper. Gir langvarig glans og vektl\u00f8st hold. ECO STYLE Svart ricinus- og linfr\u00f8olje er flott for \u00e5 fukte h\u00e5ret ditt og er et unisex-produkt.<\/p>\n<p>Eco Style Coconut Oil Styling Gel er alkoholfri. De fleste h\u00e5rgeler holder frisyren p\u00e5 plass, men inneholder alkohol som kan t\u00f8rke ut h\u00e5ret. N\u00e5r den p\u00e5f\u00f8res h\u00e5r som allerede er t\u00f8rt eller skadet av kjemisk behandling, kan h\u00e5rgeler utilsiktet gj\u00f8re h\u00e5ret enda mer usunt. Eco Style Styling Gel gir det grepet du trenger for \u00e5 sikre enhver stil uten \u00e5 g\u00e5 p\u00e5 kompromiss med h\u00e5rets helse.<\/p>\n<p>Gelen har en lett f\u00f8lelse som aldri er stiv eller klissete, og den flasser ikke. P\u00e5f\u00f8r i t\u00f8rt eller v\u00e5tt h\u00e5r. Arbeid \u00f8nsket mengde gjennom h\u00e5ret og style.<\/p>\n<p>236ml<\/p>\n","protected":false},"excerpt":{"rendered":"<p>Eco Style Coconut Styling Gel hjelper til med \u00e5 fukte, pleie og reparere skadet h\u00e5r. V\u00e5r h\u00e5rgel\u00e9 er laget med 100 % ren kokosolje for \u00e5 fremme en sunn hodebunn samtidig som den tilf\u00f8rer fuktighet, glans og gl\u00f8d til h\u00e5ret. Denne n\u00f8kkelingrediensen bidrar til \u00e5 beskytte h\u00e5ret mot frie radikaler og proteintap. Den forhindrer brudd [&hellip;]<\/p>\n","protected":false},"featured_media":387379,"comment_status":"open","ping_status":"closed","template":"","meta":{"_trash_the_other_posts":false},"product_brand":[],"product_cat":[701],"product_tag":[2844],"berocket_brand":[1992],"class_list":{"0":"post-387384","1":"product","2":"type-product","3":"status-publish","4":"has-post-thumbnail","6":"product_cat-hargel","7":"product_tag-eco-style-coconut-styling-gel","8":"pa_brand-eco-style","9":"pa_variant-236ml","10":"berocket_brand-eco-style","12":"first","13":"instock","14":"taxable","15":"shipping-taxable","16":"purchasable","17":"product-type-simple"},"_links":{"self":[{"href":"https:\/\/stylingagenten.com\/no\/wp-json\/wp\/v2\/product\/387384","targetHints":{"allow":["GET"]}}],"collection":[{"href":"https:\/\/stylingagenten.com\/no\/wp-json\/wp\/v2\/product"}],"about":[{"href":"https:\/\/stylingagenten.com\/no\/wp-json\/wp\/v2\/types\/product"}],"replies":[{"embeddable":true,"href":"https:\/\/stylingagenten.com\/no\/wp-json\/wp\/v2\/comments?post=387384"}],"version-history":[{"count":0,"href":"https:\/\/stylingagenten.com\/no\/wp-json\/wp\/v2\/product\/387384\/revisions"}],"wp:featuredmedia":[{"embeddable":true,"href":"https:\/\/stylingagenten.com\/no\/wp-json\/wp\/v2\/media\/387379"}],"wp:attachment":[{"href":"https:\/\/stylingagenten.com\/no\/wp-json\/wp\/v2\/media?parent=387384"}],"wp:term":[{"taxonomy":"product_brand","embeddable":true,"href":"https:\/\/stylingagenten.com\/no\/wp-json\/wp\/v2\/product_brand?post=387384"},{"taxonomy":"product_cat","embeddable":true,"href":"https:\/\/stylingagenten.com\/no\/wp-json\/wp\/v2\/product_cat?post=387384"},{"taxonomy":"product_tag","embeddable":true,"href":"https:\/\/stylingagenten.com\/no\/wp-json\/wp\/v2\/product_tag?post=387384"},{"taxonomy":"berocket_brand","embeddable":true,"href":"https:\/\/stylingagenten.com\/no\/wp-json\/wp\/v2\/berocket_brand?post=387384"}],"curies":[{"name":"wp","href":"https:\/\/api.w.org\/{rel}","templated":true}]}}