{"id":387372,"date":"2025-05-18T21:43:59","date_gmt":"2025-05-18T21:43:59","guid":{"rendered":"https:\/\/staging2.stylingagenten.com\/no\/produkt\/revlon-nutri-color-600-red-240ml\/"},"modified":"2026-04-08T17:37:39","modified_gmt":"2026-04-08T17:37:39","slug":"revlon-nutri-color-600-red-240ml","status":"publish","type":"product","link":"https:\/\/stylingagenten.com\/no\/produkt\/revlon-nutri-color-600-red-240ml\/","title":{"rendered":"Revlon Nutri Color 600 Red 240ml"},"content":{"rendered":"<p>Revlon Nutri Color Creme er en revolusjonerende h\u00e5rpakke med fargepigmenter som gir nytt liv til det fargede h\u00e5ret ditt. Den styrker h\u00e5rfargen din samtidig som den gir et friskt og silkeaktig resultat. Den inneholder fruktsyrer som fukter, mykgj\u00f8r og gj\u00f8r h\u00e5ret enkelt \u00e5 jobbe med uten \u00e5 tynge det ned. MERK F\u00d8LGENDE! Nutri color farger ikke farget h\u00e5r og gir derfor ingen resultater p\u00e5; veksten.<\/p>\n<p>Bruk: Vask og t\u00f8rk h\u00e5ret med h\u00e5ndkle. Gresskar 8-10 ganger avhengig av; H\u00e5rlengde og fordel jevnt i h\u00e5ret med en kam eller fingrene (tenk p\u00e5 \u00e5 bruke hansker). La folien virke i 3 minutter og skyll deretter grundig.<\/p>\n","protected":false},"excerpt":{"rendered":"<p>Revlon Nutri Color Creme er en revolusjonerende h\u00e5rpakke med fargepigmenter som gir nytt liv til det fargede h\u00e5ret ditt. Den styrker h\u00e5rfargen din samtidig som den gir et friskt og silkeaktig resultat. Den inneholder fruktsyrer som fukter, mykgj\u00f8r og gj\u00f8r h\u00e5ret enkelt \u00e5 jobbe med uten \u00e5 tynge det ned. MERK F\u00d8LGENDE! Nutri color farger [&hellip;]<\/p>\n","protected":false},"featured_media":387371,"comment_status":"open","ping_status":"closed","template":"","meta":{"_trash_the_other_posts":false},"product_brand":[],"product_cat":[602],"product_tag":[3917],"berocket_brand":[1040],"class_list":{"0":"post-387372","1":"product","2":"type-product","3":"status-publish","4":"has-post-thumbnail","6":"product_cat-fargebombe","7":"product_tag-revlon-nutri-color-600-red","8":"pa_brand-revlon","9":"pa_variant-240ml","10":"berocket_brand-revlon","12":"first","13":"instock","14":"sale","15":"taxable","16":"shipping-taxable","17":"purchasable","18":"product-type-simple"},"_links":{"self":[{"href":"https:\/\/stylingagenten.com\/no\/wp-json\/wp\/v2\/product\/387372","targetHints":{"allow":["GET"]}}],"collection":[{"href":"https:\/\/stylingagenten.com\/no\/wp-json\/wp\/v2\/product"}],"about":[{"href":"https:\/\/stylingagenten.com\/no\/wp-json\/wp\/v2\/types\/product"}],"replies":[{"embeddable":true,"href":"https:\/\/stylingagenten.com\/no\/wp-json\/wp\/v2\/comments?post=387372"}],"version-history":[{"count":0,"href":"https:\/\/stylingagenten.com\/no\/wp-json\/wp\/v2\/product\/387372\/revisions"}],"wp:featuredmedia":[{"embeddable":true,"href":"https:\/\/stylingagenten.com\/no\/wp-json\/wp\/v2\/media\/387371"}],"wp:attachment":[{"href":"https:\/\/stylingagenten.com\/no\/wp-json\/wp\/v2\/media?parent=387372"}],"wp:term":[{"taxonomy":"product_brand","embeddable":true,"href":"https:\/\/stylingagenten.com\/no\/wp-json\/wp\/v2\/product_brand?post=387372"},{"taxonomy":"product_cat","embeddable":true,"href":"https:\/\/stylingagenten.com\/no\/wp-json\/wp\/v2\/product_cat?post=387372"},{"taxonomy":"product_tag","embeddable":true,"href":"https:\/\/stylingagenten.com\/no\/wp-json\/wp\/v2\/product_tag?post=387372"},{"taxonomy":"berocket_brand","embeddable":true,"href":"https:\/\/stylingagenten.com\/no\/wp-json\/wp\/v2\/berocket_brand?post=387372"}],"curies":[{"name":"wp","href":"https:\/\/api.w.org\/{rel}","templated":true}]}}