{"id":387329,"date":"2025-05-18T21:43:49","date_gmt":"2025-05-18T21:43:49","guid":{"rendered":"https:\/\/staging2.stylingagenten.com\/no\/produkt\/ref-colour-boost-masque-vivid-turquoise-200ml\/"},"modified":"2026-03-11T21:51:11","modified_gmt":"2026-03-11T21:51:11","slug":"ref-colour-boost-masque-vivid-turquoise-200ml","status":"publish","type":"product","link":"https:\/\/stylingagenten.com\/no\/produkt\/ref-colour-boost-masque-vivid-turquoise-200ml\/","title":{"rendered":"REF Colour Boost Masque Vivid Turquoise 200ml"},"content":{"rendered":"<p>REF Color Boost Masque er en verdifull h\u00e5rpakke med fargepigmenter for en rask oppfriskning av h\u00e5rfargen og en vektl\u00f8s glans og mykhet. Anbefales for farget h\u00e5r.<\/p>\n<p>+ FARGEBEVARENDE<br \/>+ STYRKENDE QUINOA-PROTEIN<br \/>+ \u00d8KOLOGISK SHEASM&Ouml;R<\/p>\n<p>Bruk: P\u00e5f\u00f8r i nyvasket, h\u00e5ndklet\u00f8rt h\u00e5r. Fordel kremen ved hjelp av en kam\/fingre. La virke i 3-10 minutter avhengig av \u00d8nsket intensitet. Skyll og avslutt med balsam. For toning med sterke farger, bland med Illuminate Color Conditioner f\u00f8r p\u00e5f\u00f8ring for \u00e5 n\u00e5; \u00d8nsket intensitet i tonen.<\/p>\n<p>Cruelty free<br \/>100 % vegan<\/p>\n","protected":false},"excerpt":{"rendered":"<p>REF Color Boost Masque er en verdifull h\u00e5rpakke med fargepigmenter for en rask oppfriskning av h\u00e5rfargen og en vektl\u00f8s glans og mykhet. Anbefales for farget h\u00e5r. + FARGEBEVARENDE+ STYRKENDE QUINOA-PROTEIN+ \u00d8KOLOGISK SHEASM&Ouml;R Bruk: P\u00e5f\u00f8r i nyvasket, h\u00e5ndklet\u00f8rt h\u00e5r. Fordel kremen ved hjelp av en kam\/fingre. La virke i 3-10 minutter avhengig av \u00d8nsket intensitet. Skyll [&hellip;]<\/p>\n","protected":false},"featured_media":387328,"comment_status":"open","ping_status":"closed","template":"","meta":{"_trash_the_other_posts":false},"product_brand":[],"product_cat":[602],"product_tag":[3863],"berocket_brand":[1209],"class_list":{"0":"post-387329","1":"product","2":"type-product","3":"status-publish","4":"has-post-thumbnail","6":"product_cat-fargebombe","7":"product_tag-ref-colour-boost-masque-200ml","8":"pa_brand-ref","9":"pa_variant-vivid-turquoise","10":"berocket_brand-ref","12":"first","13":"instock","14":"sale","15":"taxable","16":"shipping-taxable","17":"purchasable","18":"product-type-simple"},"_links":{"self":[{"href":"https:\/\/stylingagenten.com\/no\/wp-json\/wp\/v2\/product\/387329","targetHints":{"allow":["GET"]}}],"collection":[{"href":"https:\/\/stylingagenten.com\/no\/wp-json\/wp\/v2\/product"}],"about":[{"href":"https:\/\/stylingagenten.com\/no\/wp-json\/wp\/v2\/types\/product"}],"replies":[{"embeddable":true,"href":"https:\/\/stylingagenten.com\/no\/wp-json\/wp\/v2\/comments?post=387329"}],"version-history":[{"count":0,"href":"https:\/\/stylingagenten.com\/no\/wp-json\/wp\/v2\/product\/387329\/revisions"}],"wp:featuredmedia":[{"embeddable":true,"href":"https:\/\/stylingagenten.com\/no\/wp-json\/wp\/v2\/media\/387328"}],"wp:attachment":[{"href":"https:\/\/stylingagenten.com\/no\/wp-json\/wp\/v2\/media?parent=387329"}],"wp:term":[{"taxonomy":"product_brand","embeddable":true,"href":"https:\/\/stylingagenten.com\/no\/wp-json\/wp\/v2\/product_brand?post=387329"},{"taxonomy":"product_cat","embeddable":true,"href":"https:\/\/stylingagenten.com\/no\/wp-json\/wp\/v2\/product_cat?post=387329"},{"taxonomy":"product_tag","embeddable":true,"href":"https:\/\/stylingagenten.com\/no\/wp-json\/wp\/v2\/product_tag?post=387329"},{"taxonomy":"berocket_brand","embeddable":true,"href":"https:\/\/stylingagenten.com\/no\/wp-json\/wp\/v2\/berocket_brand?post=387329"}],"curies":[{"name":"wp","href":"https:\/\/api.w.org\/{rel}","templated":true}]}}