{"id":387306,"date":"2025-05-18T21:43:45","date_gmt":"2025-05-18T21:43:45","guid":{"rendered":"https:\/\/staging2.stylingagenten.com\/no\/produkt\/milk_shake-sos-roots-brown-75ml\/"},"modified":"2026-03-16T20:57:33","modified_gmt":"2026-03-16T20:57:33","slug":"milk_shake-sos-roots-brown-75ml","status":"publish","type":"product","link":"https:\/\/stylingagenten.com\/no\/produkt\/milk_shake-sos-roots-brown-75ml\/","title":{"rendered":"Milk_Shake SOS Roots Brown 75ml"},"content":{"rendered":"<p>Milk_shake SOS Roots er det perfekte produktet n\u00e5r det kommer til en irriterende vekst. Med denne rotsprayen kan du dekke veksten din, leke med forskjellige nyanser eller dekke veksten din. I tillegg dekker den til og med sm&aring; gr\u00e5tonene og t\u00f8rker raskt. S&aring; alt du trenger \u00e5 gj\u00f8re er \u00e5 p\u00e5f\u00f8re \u00f8nsket farge, p\u00e5 \u00f8nsket omr\u00e5de, og umiddelbart f\u00e5r du et resultat som varer til du vasker h\u00e5ret neste gang ;ng.<\/p>\n<p>&#8211; M\u00f8rkere gr\u00e5tt h\u00e5r og t\u00f8ybarhet<br \/>&#8211; Lar deg eksperimentere med forskjellige effekter og farger<br \/>&#8211; Holder til neste harde<br \/>&#8211; T\u00f8rker raskt<br \/>&#8211; Gir resultater umiddelbart<br \/>&#8211; Sv\u00e6rt pigmentert<\/p>\n<p>Bruk:<br \/>&#8211; Rist godt f\u00f8r bruk<br \/>&#8211; Kan p\u00e5f\u00f8res direkte p\u00e5 h\u00e5ret<br \/>&#8211; Vri munnstykket ned mot hodebunnen ca. 10 cm fra h\u00e5ret og spray lett<br \/>&nbsp;&#8211; P\u00e5f\u00f8r alltid p\u00e5 rent, t\u00f8rt h\u00e5r<\/p>\n","protected":false},"excerpt":{"rendered":"<p>Milk_shake SOS Roots er det perfekte produktet n\u00e5r det kommer til en irriterende vekst. Med denne rotsprayen kan du dekke veksten din, leke med forskjellige nyanser eller dekke veksten din. I tillegg dekker den til og med sm&aring; gr\u00e5tonene og t\u00f8rker raskt. S&aring; alt du trenger \u00e5 gj\u00f8re er \u00e5 p\u00e5f\u00f8re \u00f8nsket farge, p\u00e5 \u00f8nsket [&hellip;]<\/p>\n","protected":false},"featured_media":387305,"comment_status":"open","ping_status":"closed","template":"","meta":{"_trash_the_other_posts":false},"product_brand":[],"product_cat":[602],"product_tag":[3574],"berocket_brand":[1085],"class_list":{"0":"post-387306","1":"product","2":"type-product","3":"status-publish","4":"has-post-thumbnail","6":"product_cat-fargebombe","7":"product_tag-milk_shake-sos-roots-75ml","8":"pa_brand-milk_shake","9":"pa_variant-brown","10":"berocket_brand-milk_shake","12":"first","13":"instock","14":"sale","15":"taxable","16":"shipping-taxable","17":"purchasable","18":"product-type-simple"},"_links":{"self":[{"href":"https:\/\/stylingagenten.com\/no\/wp-json\/wp\/v2\/product\/387306","targetHints":{"allow":["GET"]}}],"collection":[{"href":"https:\/\/stylingagenten.com\/no\/wp-json\/wp\/v2\/product"}],"about":[{"href":"https:\/\/stylingagenten.com\/no\/wp-json\/wp\/v2\/types\/product"}],"replies":[{"embeddable":true,"href":"https:\/\/stylingagenten.com\/no\/wp-json\/wp\/v2\/comments?post=387306"}],"version-history":[{"count":0,"href":"https:\/\/stylingagenten.com\/no\/wp-json\/wp\/v2\/product\/387306\/revisions"}],"wp:featuredmedia":[{"embeddable":true,"href":"https:\/\/stylingagenten.com\/no\/wp-json\/wp\/v2\/media\/387305"}],"wp:attachment":[{"href":"https:\/\/stylingagenten.com\/no\/wp-json\/wp\/v2\/media?parent=387306"}],"wp:term":[{"taxonomy":"product_brand","embeddable":true,"href":"https:\/\/stylingagenten.com\/no\/wp-json\/wp\/v2\/product_brand?post=387306"},{"taxonomy":"product_cat","embeddable":true,"href":"https:\/\/stylingagenten.com\/no\/wp-json\/wp\/v2\/product_cat?post=387306"},{"taxonomy":"product_tag","embeddable":true,"href":"https:\/\/stylingagenten.com\/no\/wp-json\/wp\/v2\/product_tag?post=387306"},{"taxonomy":"berocket_brand","embeddable":true,"href":"https:\/\/stylingagenten.com\/no\/wp-json\/wp\/v2\/berocket_brand?post=387306"}],"curies":[{"name":"wp","href":"https:\/\/api.w.org\/{rel}","templated":true}]}}