{"id":387304,"date":"2025-05-18T21:43:43","date_gmt":"2025-05-18T21:43:43","guid":{"rendered":"https:\/\/staging2.stylingagenten.com\/no\/produkt\/milk_shake-colour-whipped-cream-light-blue-100ml\/"},"modified":"2026-03-15T12:37:43","modified_gmt":"2026-03-15T12:37:43","slug":"milk_shake-colour-whipped-cream-light-blue-100ml","status":"publish","type":"product","link":"https:\/\/stylingagenten.com\/no\/produkt\/milk_shake-colour-whipped-cream-light-blue-100ml\/","title":{"rendered":"Milk_Shake Colour Whipped Cream Light Blue 100ml"},"content":{"rendered":"<p>Dette er et fargeskum som midlertidig endrer fargen p\u00e5 h\u00e5ret med en foryngende effekt. Den kan brukes til \u00e5 oppdatere din n\u00e5v\u00e6rende h\u00e5rfarge, eller n\u00e5r du har lyst til \u00e5 pr\u00f8ve en helt ny farge.<\/p>\n<p>Hvor langt h\u00e5r er fargen? Siden skummet er en tilleggsl\u00f8sning kan du regne med at den holder i ca 1-2 vask. I tillegg til \u00e5 gi farge gir skummet ogs\u00e5; fuktighet, verdi og en blank overflate takket v\u00e6re melkeproteiner og Integrity 41 &copy;, som har en fargebevarende effekt.<\/p>\n<p>Dette produktet finnes i flere forskjellige farger og resultatet avhenger av hva slags h\u00e5r har du p\u00e5 startstreken. Den fungerer p\u00e5 naturlig h\u00e5r, men du f\u00e5r de mest intense resultatene p\u00e5 kjemisk behandlet h\u00e5r.<\/p>\n<p><strong>Bruk:<\/strong><\/p>\n<p>Rist beholderen f\u00f8r bruk<\/p>\n<p>P\u00e5f\u00f8r en passende mengde skum p\u00e5 rent og fuktig h\u00e5r<\/p>\n<p>Kan brukes som en oppfriskning for ditt vanlige h\u00e5r<\/p>\n<p>Tar opptil 1-2 vask <\/p>\n<p>Gir h\u00e5ret umiddelbar farge<\/p>\n<p>Gir verdi og fuktighet<\/p>\n","protected":false},"excerpt":{"rendered":"<p>Dette er et fargeskum som midlertidig endrer fargen p\u00e5 h\u00e5ret med en foryngende effekt. Den kan brukes til \u00e5 oppdatere din n\u00e5v\u00e6rende h\u00e5rfarge, eller n\u00e5r du har lyst til \u00e5 pr\u00f8ve en helt ny farge. Hvor langt h\u00e5r er fargen? Siden skummet er en tilleggsl\u00f8sning kan du regne med at den holder i ca 1-2 [&hellip;]<\/p>\n","protected":false},"featured_media":387301,"comment_status":"open","ping_status":"closed","template":"","meta":{"_trash_the_other_posts":false},"product_brand":[],"product_cat":[602],"product_tag":[],"berocket_brand":[1085],"class_list":{"0":"post-387304","1":"product","2":"type-product","3":"status-publish","4":"has-post-thumbnail","6":"product_cat-fargebombe","7":"pa_brand-milk_shake","8":"berocket_brand-milk_shake","10":"first","11":"instock","12":"sale","13":"taxable","14":"shipping-taxable","15":"purchasable","16":"product-type-simple"},"_links":{"self":[{"href":"https:\/\/stylingagenten.com\/no\/wp-json\/wp\/v2\/product\/387304","targetHints":{"allow":["GET"]}}],"collection":[{"href":"https:\/\/stylingagenten.com\/no\/wp-json\/wp\/v2\/product"}],"about":[{"href":"https:\/\/stylingagenten.com\/no\/wp-json\/wp\/v2\/types\/product"}],"replies":[{"embeddable":true,"href":"https:\/\/stylingagenten.com\/no\/wp-json\/wp\/v2\/comments?post=387304"}],"version-history":[{"count":0,"href":"https:\/\/stylingagenten.com\/no\/wp-json\/wp\/v2\/product\/387304\/revisions"}],"wp:featuredmedia":[{"embeddable":true,"href":"https:\/\/stylingagenten.com\/no\/wp-json\/wp\/v2\/media\/387301"}],"wp:attachment":[{"href":"https:\/\/stylingagenten.com\/no\/wp-json\/wp\/v2\/media?parent=387304"}],"wp:term":[{"taxonomy":"product_brand","embeddable":true,"href":"https:\/\/stylingagenten.com\/no\/wp-json\/wp\/v2\/product_brand?post=387304"},{"taxonomy":"product_cat","embeddable":true,"href":"https:\/\/stylingagenten.com\/no\/wp-json\/wp\/v2\/product_cat?post=387304"},{"taxonomy":"product_tag","embeddable":true,"href":"https:\/\/stylingagenten.com\/no\/wp-json\/wp\/v2\/product_tag?post=387304"},{"taxonomy":"berocket_brand","embeddable":true,"href":"https:\/\/stylingagenten.com\/no\/wp-json\/wp\/v2\/berocket_brand?post=387304"}],"curies":[{"name":"wp","href":"https:\/\/api.w.org\/{rel}","templated":true}]}}