{"id":387289,"date":"2025-05-18T21:43:41","date_gmt":"2025-05-18T21:43:41","guid":{"rendered":"https:\/\/staging2.stylingagenten.com\/no\/produkt\/colour-bomb-extreme-white-platinum-250ml\/"},"modified":"2026-03-11T21:44:56","modified_gmt":"2026-03-11T21:44:56","slug":"colour-bomb-extreme-white-platinum-250ml","status":"publish","type":"product","link":"https:\/\/stylingagenten.com\/no\/produkt\/colour-bomb-extreme-white-platinum-250ml\/","title":{"rendered":"Colour Bomb Extreme White Platinum 250ml"},"content":{"rendered":"<p>Color Bomb by Maverick &#8211; Extreme White Platinum <\/p>\n<p>Fargebalsam med direkte effekt som frisker opp h\u00e5rfargen og gir den en ny frisk glans og f\u00e5r h\u00e5ret til \u00e5 f\u00f8les mykt og smidig. <br \/>Fargeresultatet avhenger av din eksisterende h\u00e5rfarge og kvaliteten p\u00e5 h\u00e5ret. For farget h\u00e5r. <\/p>\n<p>B\u00f8r ikke brukes i hodebunnen. <br \/>Fargen varer i \u00e5tte til ti vask, men blekner mens du g\u00e5r. <br \/>Bruk hansker ved p\u00e5f\u00f8ring. <br \/>Skyll av ved hudkontakt. <br \/>Inneholder ikke peroksider som bleker h\u00e5ret. <br \/>De forskjellige fargene kan blandes med hverandre. <br \/>Colour Bomb inneholder ingredienser som fukter og gir n\u00e6ring til h\u00e5ret, akkurat som en vanlig balsam.<\/p>\n","protected":false},"excerpt":{"rendered":"<p>Color Bomb by Maverick &#8211; Extreme White Platinum Fargebalsam med direkte effekt som frisker opp h\u00e5rfargen og gir den en ny frisk glans og f\u00e5r h\u00e5ret til \u00e5 f\u00f8les mykt og smidig. Fargeresultatet avhenger av din eksisterende h\u00e5rfarge og kvaliteten p\u00e5 h\u00e5ret. For farget h\u00e5r. B\u00f8r ikke brukes i hodebunnen. Fargen varer i \u00e5tte til [&hellip;]<\/p>\n","protected":false},"featured_media":387287,"comment_status":"open","ping_status":"closed","template":"","meta":{"_trash_the_other_posts":false},"product_brand":[],"product_cat":[602],"product_tag":[2729],"berocket_brand":[2016],"class_list":{"0":"post-387289","1":"product","2":"type-product","3":"status-publish","4":"has-post-thumbnail","6":"product_cat-fargebombe","7":"product_tag-colour-bomb-250ml","8":"pa_brand-color-bomb","9":"pa_variant-extreme-white-platinum","10":"berocket_brand-color-bomb","12":"first","13":"instock","14":"sale","15":"taxable","16":"shipping-taxable","17":"purchasable","18":"product-type-simple"},"_links":{"self":[{"href":"https:\/\/stylingagenten.com\/no\/wp-json\/wp\/v2\/product\/387289","targetHints":{"allow":["GET"]}}],"collection":[{"href":"https:\/\/stylingagenten.com\/no\/wp-json\/wp\/v2\/product"}],"about":[{"href":"https:\/\/stylingagenten.com\/no\/wp-json\/wp\/v2\/types\/product"}],"replies":[{"embeddable":true,"href":"https:\/\/stylingagenten.com\/no\/wp-json\/wp\/v2\/comments?post=387289"}],"version-history":[{"count":0,"href":"https:\/\/stylingagenten.com\/no\/wp-json\/wp\/v2\/product\/387289\/revisions"}],"wp:featuredmedia":[{"embeddable":true,"href":"https:\/\/stylingagenten.com\/no\/wp-json\/wp\/v2\/media\/387287"}],"wp:attachment":[{"href":"https:\/\/stylingagenten.com\/no\/wp-json\/wp\/v2\/media?parent=387289"}],"wp:term":[{"taxonomy":"product_brand","embeddable":true,"href":"https:\/\/stylingagenten.com\/no\/wp-json\/wp\/v2\/product_brand?post=387289"},{"taxonomy":"product_cat","embeddable":true,"href":"https:\/\/stylingagenten.com\/no\/wp-json\/wp\/v2\/product_cat?post=387289"},{"taxonomy":"product_tag","embeddable":true,"href":"https:\/\/stylingagenten.com\/no\/wp-json\/wp\/v2\/product_tag?post=387289"},{"taxonomy":"berocket_brand","embeddable":true,"href":"https:\/\/stylingagenten.com\/no\/wp-json\/wp\/v2\/berocket_brand?post=387289"}],"curies":[{"name":"wp","href":"https:\/\/api.w.org\/{rel}","templated":true}]}}