{"id":387256,"date":"2025-05-18T21:43:36","date_gmt":"2025-05-18T21:43:36","guid":{"rendered":"https:\/\/staging2.stylingagenten.com\/no\/produkt\/maria-nila-colour-refresh-6-00-cacao-300ml\/"},"modified":"2025-12-13T11:46:41","modified_gmt":"2025-12-13T11:46:41","slug":"maria-nila-colour-refresh-6-00-cacao-300ml","status":"publish","type":"product","link":"https:\/\/stylingagenten.com\/no\/produkt\/maria-nila-colour-refresh-6-00-cacao-300ml\/","title":{"rendered":"Maria Nila Colour Refresh 6.00 Cacao 300ml"},"content":{"rendered":"<p>En pleiende innpakning med midlertidige fargepigmenter som raskt frisker opp h\u00e5rfargen og gir brune toner. En ekte fargebombe med arganolje som myker opp og reduserer frizz for et silkemykt resultat. Alle farger kan blandes med White Mix for \u00e5 lage pastellfarger, eller bland forskjellige farger for \u00e5 skape en unik nyanse. Perfekt \u00e5 bruke mellom salongbes\u00f8k eller f\u00f8r en spesiell begivenhet.<\/p>\n<p>Funksjoner og forventede resultater<br \/>&#8211; Passer for middels brunt til m\u00f8rkt h\u00e5r (niv\u00e5 2-6)<br \/>&#8211; For lysere h\u00e5r, fortynn med White Bland , ellers kan effekten bli for intens<br \/>&#8211; M\u00e5 ikke brukes f\u00f8r noen form for blekebehandling da dette kan for\u00e5rsake misfarging<br \/>&#8211; Dekker ikke gr\u00e5tt h\u00e5r<\/p>\n","protected":false},"excerpt":{"rendered":"<p>En pleiende innpakning med midlertidige fargepigmenter som raskt frisker opp h\u00e5rfargen og gir brune toner. En ekte fargebombe med arganolje som myker opp og reduserer frizz for et silkemykt resultat. Alle farger kan blandes med White Mix for \u00e5 lage pastellfarger, eller bland forskjellige farger for \u00e5 skape en unik nyanse. Perfekt \u00e5 bruke mellom [&hellip;]<\/p>\n","protected":false},"featured_media":387240,"comment_status":"open","ping_status":"closed","template":"","meta":{"_trash_the_other_posts":false},"product_brand":[],"product_cat":[602],"product_tag":[3394],"berocket_brand":[1388],"class_list":{"0":"post-387256","1":"product","2":"type-product","3":"status-publish","4":"has-post-thumbnail","6":"product_cat-fargebombe","7":"product_tag-maria-nila-colour-refresh-6-00-cacao","8":"pa_brand-maria-nila","9":"pa_variant-300ml","10":"berocket_brand-maria-nila","12":"first","13":"outofstock","14":"taxable","15":"shipping-taxable","16":"purchasable","17":"product-type-simple"},"_links":{"self":[{"href":"https:\/\/stylingagenten.com\/no\/wp-json\/wp\/v2\/product\/387256","targetHints":{"allow":["GET"]}}],"collection":[{"href":"https:\/\/stylingagenten.com\/no\/wp-json\/wp\/v2\/product"}],"about":[{"href":"https:\/\/stylingagenten.com\/no\/wp-json\/wp\/v2\/types\/product"}],"replies":[{"embeddable":true,"href":"https:\/\/stylingagenten.com\/no\/wp-json\/wp\/v2\/comments?post=387256"}],"version-history":[{"count":0,"href":"https:\/\/stylingagenten.com\/no\/wp-json\/wp\/v2\/product\/387256\/revisions"}],"wp:featuredmedia":[{"embeddable":true,"href":"https:\/\/stylingagenten.com\/no\/wp-json\/wp\/v2\/media\/387240"}],"wp:attachment":[{"href":"https:\/\/stylingagenten.com\/no\/wp-json\/wp\/v2\/media?parent=387256"}],"wp:term":[{"taxonomy":"product_brand","embeddable":true,"href":"https:\/\/stylingagenten.com\/no\/wp-json\/wp\/v2\/product_brand?post=387256"},{"taxonomy":"product_cat","embeddable":true,"href":"https:\/\/stylingagenten.com\/no\/wp-json\/wp\/v2\/product_cat?post=387256"},{"taxonomy":"product_tag","embeddable":true,"href":"https:\/\/stylingagenten.com\/no\/wp-json\/wp\/v2\/product_tag?post=387256"},{"taxonomy":"berocket_brand","embeddable":true,"href":"https:\/\/stylingagenten.com\/no\/wp-json\/wp\/v2\/berocket_brand?post=387256"}],"curies":[{"name":"wp","href":"https:\/\/api.w.org\/{rel}","templated":true}]}}